{"id":9541,"date":"2026-01-03T11:23:55","date_gmt":"2026-01-03T08:23:55","guid":{"rendered":"https:\/\/hu.f-chain.com\/?page_id=9541"},"modified":"2026-02-02T02:35:55","modified_gmt":"2026-02-01T23:35:55","slug":"home","status":"publish","type":"page","link":"https:\/\/hu.f-chain.com\/hu\/","title":{"rendered":"Home"},"content":{"rendered":"","protected":false},"excerpt":{"rendered":"","protected":false},"author":2,"featured_media":0,"parent":0,"menu_order":0,"comment_status":"closed","ping_status":"closed","template":"page-main.php","meta":{"_acf_changed":false,"footnotes":""},"class_list":["post-9541","page","type-page","status-publish","hentry"],"acf":[],"yoast_head":"<!-- This site is optimized with the Yoast SEO plugin v27.3 - https:\/\/yoast.com\/product\/yoast-seo-wordpress\/ -->\n<title>Tan\u00e1csad\u00e1si szolg\u00e1ltat\u00e1sok Magyarorsz\u00e1gon - \u00fczleti megold\u00e1sok<\/title>\n<meta name=\"description\" content=\"Tan\u00e1csad\u00e1si szolg\u00e1ltat\u00e1sok Magyarorsz\u00e1gon \u2b50\ufe0f hat\u00e9kony seg\u00edts\u00e9g v\u00e1llalkoz\u00e1s\u00e1nak. P\u00e9nz\u00fcgyi \u00e9s vezet\u00e9si tan\u00e1csad\u00e1s, kiszervez\u00e9s \u00e9s sz\u00e1mviteli seg\u00edts\u00e9gny\u00fajt\u00e1s\" \/>\n<meta name=\"robots\" content=\"index, follow, max-snippet:-1, max-image-preview:large, max-video-preview:-1\" \/>\n<link rel=\"canonical\" href=\"https:\/\/hu.f-chain.com\/hu\/\" \/>\n<meta property=\"og:locale\" content=\"hu_HU\" \/>\n<meta property=\"og:type\" content=\"article\" \/>\n<meta property=\"og:title\" content=\"Tan\u00e1csad\u00e1si szolg\u00e1ltat\u00e1sok Magyarorsz\u00e1gon - \u00fczleti megold\u00e1sok\" \/>\n<meta property=\"og:description\" content=\"Tan\u00e1csad\u00e1si szolg\u00e1ltat\u00e1sok Magyarorsz\u00e1gon \u2b50\ufe0f hat\u00e9kony seg\u00edts\u00e9g v\u00e1llalkoz\u00e1s\u00e1nak. P\u00e9nz\u00fcgyi \u00e9s vezet\u00e9si tan\u00e1csad\u00e1s, kiszervez\u00e9s \u00e9s sz\u00e1mviteli seg\u00edts\u00e9gny\u00fajt\u00e1s\" \/>\n<meta property=\"og:url\" content=\"https:\/\/hu.f-chain.com\/hu\/\" \/>\n<meta property=\"og:site_name\" content=\"Fchain\" \/>\n<meta property=\"article:modified_time\" content=\"2026-02-01T23:35:55+00:00\" \/>\n<meta name=\"twitter:card\" content=\"summary_large_image\" \/>\n<script type=\"application\/ld+json\" class=\"yoast-schema-graph\">{\"@context\":\"https:\\\/\\\/schema.org\",\"@graph\":[{\"@type\":\"WebPage\",\"@id\":\"https:\\\/\\\/hu.f-chain.com\\\/hu\\\/\",\"url\":\"https:\\\/\\\/hu.f-chain.com\\\/hu\\\/\",\"name\":\"Tan\u00e1csad\u00e1si szolg\u00e1ltat\u00e1sok Magyarorsz\u00e1gon - \u00fczleti megold\u00e1sok\",\"isPartOf\":{\"@id\":\"https:\\\/\\\/hu.f-chain.com\\\/#website\"},\"datePublished\":\"2026-01-03T08:23:55+00:00\",\"dateModified\":\"2026-02-01T23:35:55+00:00\",\"description\":\"Tan\u00e1csad\u00e1si szolg\u00e1ltat\u00e1sok Magyarorsz\u00e1gon \u2b50\ufe0f hat\u00e9kony seg\u00edts\u00e9g v\u00e1llalkoz\u00e1s\u00e1nak. P\u00e9nz\u00fcgyi \u00e9s vezet\u00e9si tan\u00e1csad\u00e1s, kiszervez\u00e9s \u00e9s sz\u00e1mviteli seg\u00edts\u00e9gny\u00fajt\u00e1s\",\"breadcrumb\":{\"@id\":\"https:\\\/\\\/hu.f-chain.com\\\/hu\\\/#breadcrumb\"},\"inLanguage\":\"hu\",\"potentialAction\":[{\"@type\":\"ReadAction\",\"target\":[\"https:\\\/\\\/hu.f-chain.com\\\/hu\\\/\"]}]},{\"@type\":\"BreadcrumbList\",\"@id\":\"https:\\\/\\\/hu.f-chain.com\\\/hu\\\/#breadcrumb\",\"itemListElement\":[{\"@type\":\"ListItem\",\"position\":1,\"name\":\"Home\",\"item\":\"https:\\\/\\\/hu.f-chain.com\\\/hu\\\/\"},{\"@type\":\"ListItem\",\"position\":2,\"name\":\"Home\"}]},{\"@type\":\"WebSite\",\"@id\":\"https:\\\/\\\/hu.f-chain.com\\\/#website\",\"url\":\"https:\\\/\\\/hu.f-chain.com\\\/\",\"name\":\"Fchain\",\"description\":\"\",\"potentialAction\":[{\"@type\":\"SearchAction\",\"target\":{\"@type\":\"EntryPoint\",\"urlTemplate\":\"https:\\\/\\\/hu.f-chain.com\\\/?s={search_term_string}\"},\"query-input\":{\"@type\":\"PropertyValueSpecification\",\"valueRequired\":true,\"valueName\":\"search_term_string\"}}],\"inLanguage\":\"hu\"}]}<\/script>\n<!-- \/ Yoast SEO plugin. -->","yoast_head_json":{"title":"Tan\u00e1csad\u00e1si szolg\u00e1ltat\u00e1sok Magyarorsz\u00e1gon - \u00fczleti megold\u00e1sok","description":"Tan\u00e1csad\u00e1si szolg\u00e1ltat\u00e1sok Magyarorsz\u00e1gon \u2b50\ufe0f hat\u00e9kony seg\u00edts\u00e9g v\u00e1llalkoz\u00e1s\u00e1nak. P\u00e9nz\u00fcgyi \u00e9s vezet\u00e9si tan\u00e1csad\u00e1s, kiszervez\u00e9s \u00e9s sz\u00e1mviteli seg\u00edts\u00e9gny\u00fajt\u00e1s","robots":{"index":"index","follow":"follow","max-snippet":"max-snippet:-1","max-image-preview":"max-image-preview:large","max-video-preview":"max-video-preview:-1"},"canonical":"https:\/\/hu.f-chain.com\/hu\/","og_locale":"hu_HU","og_type":"article","og_title":"Tan\u00e1csad\u00e1si szolg\u00e1ltat\u00e1sok Magyarorsz\u00e1gon - \u00fczleti megold\u00e1sok","og_description":"Tan\u00e1csad\u00e1si szolg\u00e1ltat\u00e1sok Magyarorsz\u00e1gon \u2b50\ufe0f hat\u00e9kony seg\u00edts\u00e9g v\u00e1llalkoz\u00e1s\u00e1nak. P\u00e9nz\u00fcgyi \u00e9s vezet\u00e9si tan\u00e1csad\u00e1s, kiszervez\u00e9s \u00e9s sz\u00e1mviteli seg\u00edts\u00e9gny\u00fajt\u00e1s","og_url":"https:\/\/hu.f-chain.com\/hu\/","og_site_name":"Fchain","article_modified_time":"2026-02-01T23:35:55+00:00","twitter_card":"summary_large_image","schema":{"@context":"https:\/\/schema.org","@graph":[{"@type":"WebPage","@id":"https:\/\/hu.f-chain.com\/hu\/","url":"https:\/\/hu.f-chain.com\/hu\/","name":"Tan\u00e1csad\u00e1si szolg\u00e1ltat\u00e1sok Magyarorsz\u00e1gon - \u00fczleti megold\u00e1sok","isPartOf":{"@id":"https:\/\/hu.f-chain.com\/#website"},"datePublished":"2026-01-03T08:23:55+00:00","dateModified":"2026-02-01T23:35:55+00:00","description":"Tan\u00e1csad\u00e1si szolg\u00e1ltat\u00e1sok Magyarorsz\u00e1gon \u2b50\ufe0f hat\u00e9kony seg\u00edts\u00e9g v\u00e1llalkoz\u00e1s\u00e1nak. P\u00e9nz\u00fcgyi \u00e9s vezet\u00e9si tan\u00e1csad\u00e1s, kiszervez\u00e9s \u00e9s sz\u00e1mviteli seg\u00edts\u00e9gny\u00fajt\u00e1s","breadcrumb":{"@id":"https:\/\/hu.f-chain.com\/hu\/#breadcrumb"},"inLanguage":"hu","potentialAction":[{"@type":"ReadAction","target":["https:\/\/hu.f-chain.com\/hu\/"]}]},{"@type":"BreadcrumbList","@id":"https:\/\/hu.f-chain.com\/hu\/#breadcrumb","itemListElement":[{"@type":"ListItem","position":1,"name":"Home","item":"https:\/\/hu.f-chain.com\/hu\/"},{"@type":"ListItem","position":2,"name":"Home"}]},{"@type":"WebSite","@id":"https:\/\/hu.f-chain.com\/#website","url":"https:\/\/hu.f-chain.com\/","name":"Fchain","description":"","potentialAction":[{"@type":"SearchAction","target":{"@type":"EntryPoint","urlTemplate":"https:\/\/hu.f-chain.com\/?s={search_term_string}"},"query-input":{"@type":"PropertyValueSpecification","valueRequired":true,"valueName":"search_term_string"}}],"inLanguage":"hu"}]}},"_links":{"self":[{"href":"https:\/\/hu.f-chain.com\/hu\/wp-json\/wp\/v2\/pages\/9541","targetHints":{"allow":["GET"]}}],"collection":[{"href":"https:\/\/hu.f-chain.com\/hu\/wp-json\/wp\/v2\/pages"}],"about":[{"href":"https:\/\/hu.f-chain.com\/hu\/wp-json\/wp\/v2\/types\/page"}],"author":[{"embeddable":true,"href":"https:\/\/hu.f-chain.com\/hu\/wp-json\/wp\/v2\/users\/2"}],"replies":[{"embeddable":true,"href":"https:\/\/hu.f-chain.com\/hu\/wp-json\/wp\/v2\/comments?post=9541"}],"version-history":[{"count":3,"href":"https:\/\/hu.f-chain.com\/hu\/wp-json\/wp\/v2\/pages\/9541\/revisions"}],"predecessor-version":[{"id":9598,"href":"https:\/\/hu.f-chain.com\/hu\/wp-json\/wp\/v2\/pages\/9541\/revisions\/9598"}],"wp:attachment":[{"href":"https:\/\/hu.f-chain.com\/hu\/wp-json\/wp\/v2\/media?parent=9541"}],"curies":[{"name":"wp","href":"https:\/\/api.w.org\/{rel}","templated":true}]}}