{"id":9478,"date":"2025-05-26T05:54:38","date_gmt":"2025-05-26T02:54:38","guid":{"rendered":"https:\/\/hu.f-chain.com\/?page_id=9478"},"modified":"2025-05-26T05:54:38","modified_gmt":"2025-05-26T02:54:38","slug":"professzionalis-toborzasi-szolgaltatasok","status":"publish","type":"page","link":"https:\/\/hu.f-chain.com\/hu\/professzionalis-toborzasi-szolgaltatasok\/","title":{"rendered":"Professzion\u00e1lis toborz\u00e1si szolg\u00e1ltat\u00e1sok"},"content":{"rendered":"<div class=\"wpb-content-wrapper\"><p>[vc_row css_animation=&#8221;fadeInUp&#8221;][vc_column][vc_column_text css_animation=&#8221;fadeInDown&#8221;]<\/p>\n<h2>Professzion\u00e1lis toborz\u00e1si szolg\u00e1ltat\u00e1sok Magyarorsz\u00e1gon<\/h2>\n<p><span style=\"font-weight: 400;\">A j\u00f3 szakembereket minden orsz\u00e1gban megbecs\u00fclik. Ez\u00e9rt a strat\u00e9giai toborz\u00e1s minden v\u00e1llalkoz\u00e1s sz\u00e1m\u00e1ra kulcsfontoss\u00e1g\u00fa sikert\u00e9nyez\u0151v\u00e9 v\u00e1lik. Egy profi <\/span><b>munkaer\u0151-k\u00f6zvet\u00edt\u0151 \u00fcgyn\u00f6ks\u00e9g<\/b><span style=\"font-weight: 400;\"> nem csup\u00e1n az \u00fcres \u00e1ll\u00e1shelyek bet\u00f6lt\u00e9s\u00e9t k\u00edn\u00e1lja, hanem \u00e1tfog\u00f3 megk\u00f6zel\u00edt\u00e9st egy olyan hat\u00e9kony csapat kialak\u00edt\u00e1s\u00e1hoz, amely k\u00e9pes \u00faj magass\u00e1gokba vezetni egy v\u00e1llalkoz\u00e1st.<\/span>[\/vc_column_text][\/vc_column][\/vc_row][vc_row content_placement=&#8221;middle&#8221; css_animation=&#8221;fadeInUp&#8221;][vc_column width=&#8221;1\/2&#8243;][vc_column_text css_animation=&#8221;fadeInLeft&#8221;]<\/p>\n<h2>Mi\u00e9rt v\u00e1lassza az FCHAIN, mint magyarorsz\u00e1gi munkaer\u0151-k\u00f6zvet\u00edt\u0151 \u00fcgyn\u00f6ks\u00e9get?<\/h2>\n<p><span style=\"font-weight: 400;\">Az FCHAIN Magyarorsz\u00e1g egyik vezet\u0151 <\/span><b>V\u00e1llalkoz\u00e1sok sz\u00e1m\u00e1ra t\u00f6rt\u00e9n\u0151 munkaer\u0151-k\u00f6zvet\u00edt\u0151 \u00fcgyn\u00f6ks\u00e9g<\/b><span style=\"font-weight: 400;\"> v\u00e1llalata. Szakembereink rendelkeznek a sz\u00fcks\u00e9ges ismeretekkel a toborz\u00e1s ter\u00fclet\u00e9n \u00e9s m\u00e9g sok m\u00e1s ter\u00fcleten. Tiszt\u00e1ban vagyunk azzal, hogy minden v\u00e1llalkoz\u00e1s egyedi, ez\u00e9rt <\/span><b>toborz\u00e1si szolg\u00e1ltat\u00e1sokkal<\/b><span style=\"font-weight: 400;\"> \u00e1llunk \u00fcgyfeleink rendelkez\u00e9s\u00e9re. Tapasztalt tan\u00e1csad\u00f3kb\u00f3l \u00e1ll\u00f3 csapatunk sz\u00e9lesk\u00f6r\u0171 ismeretekkel rendelkezik a magyar munkaer\u0151piacr\u00f3l \u00e9s sz\u00e9les kapcsolati h\u00e1l\u00f3val.<\/span><\/p>\n<h3>Szak\u00e9rt\u0151i b\u00e9rleti megold\u00e1sok v\u00e1llalkoz\u00e1sok sz\u00e1m\u00e1ra<\/h3>\n<p><span style=\"font-weight: 400;\">Az FCHAIN-n\u00e1l a toborz\u00e1si szolg\u00e1ltat\u00e1sok sz\u00e9les sk\u00e1l\u00e1j\u00e1t k\u00edn\u00e1ljuk, amelyek c\u00e9lja, hogy megfeleljenek a k\u00fcl\u00f6nb\u00f6z\u0151 m\u00e9ret\u0171 \u00e9s ipar\u00e1g\u00fa v\u00e1llalatok \u00e9s szervezetek ig\u00e9nyeinek. Legyen sz\u00f3 indul\u00f3 v\u00e1llalkoz\u00e1sr\u00f3l vagy nagyv\u00e1llalatr\u00f3l \u2013 nem sz\u00e1m\u00edt: <\/span><b>HR \u00e9s toborz\u00e1si megold\u00e1saink<\/b><span style=\"font-weight: 400;\"> minden egyes \u00fcgyfel\u00fcnkre szabottak. Megvannak az er\u0151forr\u00e1saink ahhoz, hogy megtal\u00e1ljuk az \u00d6n sz\u00e1m\u00e1ra a t\u00f6k\u00e9letes jel\u00f6lteket.<\/span>[\/vc_column_text][\/vc_column][vc_column width=&#8221;1\/2&#8243;][vc_single_image image=&#8221;5201&#8243; img_size=&#8221;full&#8221;][\/vc_column][\/vc_row][vc_row content_placement=&#8221;middle&#8221; css_animation=&#8221;fadeInUp&#8221;][vc_column width=&#8221;1\/2&#8243;][vc_single_image image=&#8221;5203&#8243; img_size=&#8221;full&#8221;][\/vc_column][vc_column width=&#8221;1\/2&#8243;][vc_column_text css_animation=&#8221;fadeInRight&#8221;]<\/p>\n<h2>Vezet\u0151i keres\u00e9s \u00e9s speci\u00e1lis szem\u00e9lyzeti megold\u00e1sok<\/h2>\n<p><span style=\"font-weight: 400;\">A v\u00e1llalat vezet\u0151i keres\u00e9sre \u00e9s speci\u00e1lis szem\u00e9lyzeti megold\u00e1sokra is szakosodott, seg\u00edtve a c\u00e9geket abban, hogy \u00e1tfog\u00f3 tud\u00e1ssal \u00e9s k\u00e9szs\u00e9gekkel rendelkez\u0151 fels\u0151vezet\u0151ket \u00e9s szakembereket tal\u00e1ljanak. <\/span><b>Magyarorsz\u00e1gi munkaer\u0151-k\u00f6zvet\u00edt\u00e9si szolg\u00e1ltat\u00e1saink<\/b><span style=\"font-weight: 400;\"> seg\u00edtenek \u00d6nnek a munkaer\u0151hi\u00e1nyok megsz\u00fcntet\u00e9s\u00e9ben. A <\/span><b>tehets\u00e9gszerz\u00e9s<\/b><span style=\"font-weight: 400;\"> pedig a k\u00f6vetkez\u0151 szintre emeli v\u00e1llalkoz\u00e1s\u00e1t.<\/span><\/p>\n<h3>Toborz\u00e1si folyamatok kiszervez\u00e9se (RPO)<\/h3>\n<p><span style=\"font-weight: 400;\">Minden v\u00e1llalat sz\u00e1m\u00e1ra fontos, hogy rendelkezzen h\u0171v\u00f6s \u00e9s tapasztalt alkalmazottakkal, akik minden feladatban j\u00e1rtasak. A <\/span><b>toborz\u00e1si szolg\u00e1ltat\u00e1sok<\/b><span style=\"font-weight: 400;\"> ig\u00e9nybev\u00e9tel\u00e9vel \u00d6n fontosabb feladatokra \u00f6sszpontos\u00edthat. Az ilyen <\/span><b>munkaer\u0151-k\u00f6lcs\u00f6nz\u00e9si megold\u00e1sok Budapest<\/b><span style=\"font-weight: 400;\"> a leghat\u00e9konyabbak a mai \u00fczleti k\u00f6rnyezetben.\u00a0<\/span>[\/vc_column_text][\/vc_column][\/vc_row][vc_row content_placement=&#8221;middle&#8221; css_animation=&#8221;fadeInUp&#8221;][vc_column width=&#8221;1\/2&#8243;][vc_column_text]<\/p>\n<h2>\u00c1lland\u00f3 \u00e9s ideiglenes szem\u00e9lyzeti megold\u00e1sok<\/h2>\n<p><span style=\"font-weight: 400;\">Az FCHAIN \u00e1lland\u00f3 \u00e9s ideiglenes munkaer\u0151-k\u00f6lcs\u00f6nz\u00e9si megold\u00e1sokat egyar\u00e1nt k\u00edn\u00e1l, mivel a v\u00e1llalatoknak gyakran van sz\u00fcks\u00e9g\u00fck munkav\u00e1llal\u00f3kra a projektek id\u0151tartam\u00e1ra. <\/span><b>\u00c1ll\u00e1sk\u00f6zvet\u00edt\u00e9si szolg\u00e1ltat\u00e1saink<\/b><span style=\"font-weight: 400;\"> k\u00f6lts\u00e9ghat\u00e9konyak, hat\u00e9konyak \u00e9s c\u00e9lszer\u0171ek.<\/span><\/p>\n<h3>HR-tan\u00e1csad\u00e1s \u00e9s munkaer\u0151-tervez\u00e9s<\/h3>\n<p><span style=\"font-weight: 400;\">A <\/span><b>toborz\u00e1si szolg\u00e1ltat\u00e1sok<\/b><span style=\"font-weight: 400;\"> mellett HR-tan\u00e1csad\u00e1si \u00e9s munkaer\u0151-tervez\u00e9si szolg\u00e1ltat\u00e1sokat is k\u00edn\u00e1lunk. Szak\u00e9rt\u0151i csapatunk seg\u00edt a szervezeteknek hat\u00e9kony toborz\u00e1si strat\u00e9gi\u00e1k kidolgoz\u00e1s\u00e1ban \u00e9s a toborz\u00e1si folyamatok optimaliz\u00e1l\u00e1s\u00e1ban. Ez mag\u00e1ban foglalja a <\/span><b>b\u00e9rsz\u00e1mfejt\u00e9s \u00e9s HR kiszervez\u00e9s<\/b><span style=\"font-weight: 400;\"> szolg\u00e1ltat\u00e1st is a j\u00f6v\u0151beli munkaer\u0151ig\u00e9nyek el\u0151rejelz\u00e9s\u00e9hez.<\/span><\/p>\n<p><span style=\"font-weight: 400;\">Mi\u00e9rt az FCHAIN az \u00d6n ide\u00e1lis toborz\u00e1si partnere? Mert magasan k\u00e9pzett szakemberek csapatak\u00e9nt:<\/span><\/p>\n<ul>\n<li style=\"font-weight: 400;\" aria-level=\"1\"><span style=\"font-weight: 400;\">a legjobb <\/span><b>toborz\u00e1si szolg\u00e1ltat\u00e1sokat<\/b><span style=\"font-weight: 400;\"> ny\u00fajtja a c\u00e9gek sz\u00e1m\u00e1ra minden \u00e1gazatban;<\/span><\/li>\n<li style=\"font-weight: 400;\" aria-level=\"1\"><span style=\"font-weight: 400;\">kiterjedt kapcsolati h\u00e1l\u00f3val rendelkez\u00fcnk, \u00e9s a legjobb szakemberekhez f\u00e9r\u00fcnk hozz\u00e1;<\/span><\/li>\n<li style=\"font-weight: 400;\" aria-level=\"1\"><span style=\"font-weight: 400;\">elfogadunk \u00e1tfog\u00f3 <\/span><b>b\u00e9rleti megold\u00e1sok Budapest<\/b><span style=\"font-weight: 400;\">, amelyek minden ig\u00e9nyt kiel\u00e9g\u00edtenek.<\/span><\/li>\n<\/ul>\n<p><span style=\"font-weight: 400;\">L\u00e9pjen kapcsolatba c\u00e9g\u00fcnkkel m\u00e9g ma, \u00e9s tudjon meg t\u00f6bbet szolg\u00e1ltat\u00e1sainkr\u00f3l, \u00e9s arr\u00f3l, hogy pontosan hogyan tudunk seg\u00edteni v\u00e1llalkoz\u00e1s\u00e1nak.\u00a0 <\/span>[\/vc_column_text][\/vc_column][vc_column width=&#8221;1\/2&#8243;][vc_single_image image=&#8221;947&#8243; img_size=&#8221;full&#8221;][\/vc_column][\/vc_row]<\/p>\n<\/div>","protected":false},"excerpt":{"rendered":"<p>[vc_row css_animation=&#8221;fadeInUp&#8221;][vc_column][vc_column_text css_animation=&#8221;fadeInDown&#8221;] Professzion\u00e1lis toborz\u00e1si szolg\u00e1ltat\u00e1sok Magyarorsz\u00e1gon A j\u00f3 szakembereket minden orsz\u00e1gban megbecs\u00fclik. Ez\u00e9rt a strat\u00e9giai toborz\u00e1s minden v\u00e1llalkoz\u00e1s sz\u00e1m\u00e1ra kulcsfontoss\u00e1g\u00fa sikert\u00e9nyez\u0151v\u00e9 v\u00e1lik. Egy profi munkaer\u0151-k\u00f6zvet\u00edt\u0151 \u00fcgyn\u00f6ks\u00e9g nem csup\u00e1n az \u00fcres \u00e1ll\u00e1shelyek bet\u00f6lt\u00e9s\u00e9t k\u00edn\u00e1lja, hanem \u00e1tfog\u00f3 megk\u00f6zel\u00edt\u00e9st egy olyan hat\u00e9kony csapat kialak\u00edt\u00e1s\u00e1hoz, amely k\u00e9pes \u00faj magass\u00e1gokba vezetni egy v\u00e1llalkoz\u00e1st.[\/vc_column_text][\/vc_column][\/vc_row][vc_row content_placement=&#8221;middle&#8221; css_animation=&#8221;fadeInUp&#8221;][vc_column width=&#8221;1\/2&#8243;][vc_column_text css_animation=&#8221;fadeInLeft&#8221;] Mi\u00e9rt v\u00e1lassza<\/p>\n","protected":false},"author":2,"featured_media":0,"parent":0,"menu_order":0,"comment_status":"closed","ping_status":"closed","template":"","meta":{"_acf_changed":false,"footnotes":""},"class_list":["post-9478","page","type-page","status-publish","hentry"],"acf":[],"yoast_head":"<!-- This site is optimized with the Yoast SEO plugin v27.3 - https:\/\/yoast.com\/product\/yoast-seo-wordpress\/ -->\n<title>Professzion\u00e1lis toborz\u00e1si szolg\u00e1ltat\u00e1sok - Fchain<\/title>\n<meta name=\"description\" content=\"Az FCHAIN \u200b\u200bRecruitment Agency 2002-ben alakult \u2013 professzion\u00e1lis toborz\u00e1si \u00e9s munkaer\u0151-kihelyez\u00e9si tapasztalattal rendelkezik Magyarorsz\u00e1gon \u00e9s sok m\u00e1s orsz\u00e1gban.\" \/>\n<meta name=\"robots\" content=\"index, follow, max-snippet:-1, max-image-preview:large, max-video-preview:-1\" \/>\n<link rel=\"canonical\" href=\"https:\/\/hu.f-chain.com\/hu\/professzionalis-toborzasi-szolgaltatasok\/\" \/>\n<meta property=\"og:locale\" content=\"hu_HU\" \/>\n<meta property=\"og:type\" content=\"article\" \/>\n<meta property=\"og:title\" content=\"Professzion\u00e1lis toborz\u00e1si szolg\u00e1ltat\u00e1sok - Fchain\" \/>\n<meta property=\"og:description\" content=\"Az FCHAIN \u200b\u200bRecruitment Agency 2002-ben alakult \u2013 professzion\u00e1lis toborz\u00e1si \u00e9s munkaer\u0151-kihelyez\u00e9si tapasztalattal rendelkezik Magyarorsz\u00e1gon \u00e9s sok m\u00e1s orsz\u00e1gban.\" \/>\n<meta property=\"og:url\" content=\"https:\/\/hu.f-chain.com\/hu\/professzionalis-toborzasi-szolgaltatasok\/\" \/>\n<meta property=\"og:site_name\" content=\"Fchain\" \/>\n<meta name=\"twitter:card\" content=\"summary_large_image\" \/>\n<meta name=\"twitter:label1\" content=\"Becs\u00fclt olvas\u00e1si id\u0151\" \/>\n\t<meta name=\"twitter:data1\" content=\"3 perc\" \/>\n<script type=\"application\/ld+json\" class=\"yoast-schema-graph\">{\"@context\":\"https:\\\/\\\/schema.org\",\"@graph\":[{\"@type\":\"WebPage\",\"@id\":\"https:\\\/\\\/hu.f-chain.com\\\/hu\\\/professzionalis-toborzasi-szolgaltatasok\\\/\",\"url\":\"https:\\\/\\\/hu.f-chain.com\\\/hu\\\/professzionalis-toborzasi-szolgaltatasok\\\/\",\"name\":\"Professzion\u00e1lis toborz\u00e1si szolg\u00e1ltat\u00e1sok - Fchain\",\"isPartOf\":{\"@id\":\"https:\\\/\\\/hu.f-chain.com\\\/#website\"},\"datePublished\":\"2025-05-26T02:54:38+00:00\",\"description\":\"Az FCHAIN \u200b\u200bRecruitment Agency 2002-ben alakult \u2013 professzion\u00e1lis toborz\u00e1si \u00e9s munkaer\u0151-kihelyez\u00e9si tapasztalattal rendelkezik Magyarorsz\u00e1gon \u00e9s sok m\u00e1s orsz\u00e1gban.\",\"breadcrumb\":{\"@id\":\"https:\\\/\\\/hu.f-chain.com\\\/hu\\\/professzionalis-toborzasi-szolgaltatasok\\\/#breadcrumb\"},\"inLanguage\":\"hu\",\"potentialAction\":[{\"@type\":\"ReadAction\",\"target\":[\"https:\\\/\\\/hu.f-chain.com\\\/hu\\\/professzionalis-toborzasi-szolgaltatasok\\\/\"]}]},{\"@type\":\"BreadcrumbList\",\"@id\":\"https:\\\/\\\/hu.f-chain.com\\\/hu\\\/professzionalis-toborzasi-szolgaltatasok\\\/#breadcrumb\",\"itemListElement\":[{\"@type\":\"ListItem\",\"position\":1,\"name\":\"Home\",\"item\":\"https:\\\/\\\/hu.f-chain.com\\\/hu\\\/\"},{\"@type\":\"ListItem\",\"position\":2,\"name\":\"Professzion\u00e1lis toborz\u00e1si szolg\u00e1ltat\u00e1sok\"}]},{\"@type\":\"WebSite\",\"@id\":\"https:\\\/\\\/hu.f-chain.com\\\/#website\",\"url\":\"https:\\\/\\\/hu.f-chain.com\\\/\",\"name\":\"Fchain\",\"description\":\"\",\"potentialAction\":[{\"@type\":\"SearchAction\",\"target\":{\"@type\":\"EntryPoint\",\"urlTemplate\":\"https:\\\/\\\/hu.f-chain.com\\\/?s={search_term_string}\"},\"query-input\":{\"@type\":\"PropertyValueSpecification\",\"valueRequired\":true,\"valueName\":\"search_term_string\"}}],\"inLanguage\":\"hu\"}]}<\/script>\n<!-- \/ Yoast SEO plugin. -->","yoast_head_json":{"title":"Professzion\u00e1lis toborz\u00e1si szolg\u00e1ltat\u00e1sok - Fchain","description":"Az FCHAIN \u200b\u200bRecruitment Agency 2002-ben alakult \u2013 professzion\u00e1lis toborz\u00e1si \u00e9s munkaer\u0151-kihelyez\u00e9si tapasztalattal rendelkezik Magyarorsz\u00e1gon \u00e9s sok m\u00e1s orsz\u00e1gban.","robots":{"index":"index","follow":"follow","max-snippet":"max-snippet:-1","max-image-preview":"max-image-preview:large","max-video-preview":"max-video-preview:-1"},"canonical":"https:\/\/hu.f-chain.com\/hu\/professzionalis-toborzasi-szolgaltatasok\/","og_locale":"hu_HU","og_type":"article","og_title":"Professzion\u00e1lis toborz\u00e1si szolg\u00e1ltat\u00e1sok - Fchain","og_description":"Az FCHAIN \u200b\u200bRecruitment Agency 2002-ben alakult \u2013 professzion\u00e1lis toborz\u00e1si \u00e9s munkaer\u0151-kihelyez\u00e9si tapasztalattal rendelkezik Magyarorsz\u00e1gon \u00e9s sok m\u00e1s orsz\u00e1gban.","og_url":"https:\/\/hu.f-chain.com\/hu\/professzionalis-toborzasi-szolgaltatasok\/","og_site_name":"Fchain","twitter_card":"summary_large_image","twitter_misc":{"Becs\u00fclt olvas\u00e1si id\u0151":"3 perc"},"schema":{"@context":"https:\/\/schema.org","@graph":[{"@type":"WebPage","@id":"https:\/\/hu.f-chain.com\/hu\/professzionalis-toborzasi-szolgaltatasok\/","url":"https:\/\/hu.f-chain.com\/hu\/professzionalis-toborzasi-szolgaltatasok\/","name":"Professzion\u00e1lis toborz\u00e1si szolg\u00e1ltat\u00e1sok - Fchain","isPartOf":{"@id":"https:\/\/hu.f-chain.com\/#website"},"datePublished":"2025-05-26T02:54:38+00:00","description":"Az FCHAIN \u200b\u200bRecruitment Agency 2002-ben alakult \u2013 professzion\u00e1lis toborz\u00e1si \u00e9s munkaer\u0151-kihelyez\u00e9si tapasztalattal rendelkezik Magyarorsz\u00e1gon \u00e9s sok m\u00e1s orsz\u00e1gban.","breadcrumb":{"@id":"https:\/\/hu.f-chain.com\/hu\/professzionalis-toborzasi-szolgaltatasok\/#breadcrumb"},"inLanguage":"hu","potentialAction":[{"@type":"ReadAction","target":["https:\/\/hu.f-chain.com\/hu\/professzionalis-toborzasi-szolgaltatasok\/"]}]},{"@type":"BreadcrumbList","@id":"https:\/\/hu.f-chain.com\/hu\/professzionalis-toborzasi-szolgaltatasok\/#breadcrumb","itemListElement":[{"@type":"ListItem","position":1,"name":"Home","item":"https:\/\/hu.f-chain.com\/hu\/"},{"@type":"ListItem","position":2,"name":"Professzion\u00e1lis toborz\u00e1si szolg\u00e1ltat\u00e1sok"}]},{"@type":"WebSite","@id":"https:\/\/hu.f-chain.com\/#website","url":"https:\/\/hu.f-chain.com\/","name":"Fchain","description":"","potentialAction":[{"@type":"SearchAction","target":{"@type":"EntryPoint","urlTemplate":"https:\/\/hu.f-chain.com\/?s={search_term_string}"},"query-input":{"@type":"PropertyValueSpecification","valueRequired":true,"valueName":"search_term_string"}}],"inLanguage":"hu"}]}},"_links":{"self":[{"href":"https:\/\/hu.f-chain.com\/hu\/wp-json\/wp\/v2\/pages\/9478","targetHints":{"allow":["GET"]}}],"collection":[{"href":"https:\/\/hu.f-chain.com\/hu\/wp-json\/wp\/v2\/pages"}],"about":[{"href":"https:\/\/hu.f-chain.com\/hu\/wp-json\/wp\/v2\/types\/page"}],"author":[{"embeddable":true,"href":"https:\/\/hu.f-chain.com\/hu\/wp-json\/wp\/v2\/users\/2"}],"replies":[{"embeddable":true,"href":"https:\/\/hu.f-chain.com\/hu\/wp-json\/wp\/v2\/comments?post=9478"}],"version-history":[{"count":1,"href":"https:\/\/hu.f-chain.com\/hu\/wp-json\/wp\/v2\/pages\/9478\/revisions"}],"predecessor-version":[{"id":9482,"href":"https:\/\/hu.f-chain.com\/hu\/wp-json\/wp\/v2\/pages\/9478\/revisions\/9482"}],"wp:attachment":[{"href":"https:\/\/hu.f-chain.com\/hu\/wp-json\/wp\/v2\/media?parent=9478"}],"curies":[{"name":"wp","href":"https:\/\/api.w.org\/{rel}","templated":true}]}}