{"id":9475,"date":"2025-05-26T05:50:21","date_gmt":"2025-05-26T02:50:21","guid":{"rendered":"https:\/\/hu.f-chain.com\/?page_id=9475"},"modified":"2025-05-26T05:50:21","modified_gmt":"2025-05-26T02:50:21","slug":"berszamfejtesi-szolgaltatasok","status":"publish","type":"page","link":"https:\/\/hu.f-chain.com\/hu\/berszamfejtesi-szolgaltatasok\/","title":{"rendered":"B\u00e9rsz\u00e1mfejt\u00e9si szolg\u00e1ltat\u00e1sok"},"content":{"rendered":"<div class=\"wpb-content-wrapper\"><p>[vc_row css_animation=&#8221;fadeInUp&#8221;][vc_column][vc_column_text css_animation=&#8221;fadeInDown&#8221;]<\/p>\n<h1>Megb\u00edzhat\u00f3 b\u00e9rsz\u00e1mfejt\u00e9si szolg\u00e1ltat\u00e1sok Magyarorsz\u00e1gon \u2013 Pontos \u00e9s szab\u00e1lyos<\/h1>\n<p><span style=\"font-weight: 400;\">Az \u00fczleti \u00e9letben a b\u00e9rsz\u00e1mfejt\u00e9s pontoss\u00e1ga \u00e9s megfelel\u0151s\u00e9ge kiemelked\u0151 fontoss\u00e1g\u00fa. A Magyarorsz\u00e1gon m\u0171k\u00f6d\u0151 v\u00e1llalatok sz\u00e1m\u00e1ra a magyar munkajog bonyolults\u00e1ga ebben kih\u00edv\u00e1st jelenthet. \u00c9ppen ez\u00e9rt van okuk az FCHAIN fordulni <\/span><b>b\u00e9rsz\u00e1mfejt\u00e9si szolg\u00e1ltat\u00e1sok<\/b><span style=\"font-weight: 400;\">.<\/span>[\/vc_column_text][\/vc_column][\/vc_row][vc_row css_animation=&#8221;fadeInUp&#8221;][vc_column width=&#8221;1\/2&#8243;][vc_column_text css_animation=&#8221;fadeInLeft&#8221;]<\/p>\n<h2>Kiszervezett b\u00e9rsz\u00e1mfejt\u00e9si megold\u00e1sok magyarorsz\u00e1gi v\u00e1llalkoz\u00e1sok sz\u00e1m\u00e1ra<\/h2>\n<p><span style=\"font-weight: 400;\">Egy olyan szolg\u00e1ltat\u00e1s, mint a <\/span><b>b\u00e9rsz\u00e1mfejt\u00e9s kiszervez\u00e9se Magyarorsz\u00e1gon<\/b><span style=\"font-weight: 400;\"> lehet\u0151v\u00e9 teszi a v\u00e1llalkoz\u00e1sok sz\u00e1m\u00e1ra, hogy az unalmas feladatok c\u00e9g\u00fcnkh\u00f6z t\u00f6rt\u00e9n\u0151 kiszervez\u00e9s\u00e9vel az alaptev\u00e9kenys\u00e9g\u00fckre \u00f6sszpontos\u00edtsanak. Ezzel nem csak id\u0151t \u00e9s er\u0151forr\u00e1sokat takar\u00edt meg, hanem azt is biztos\u00edtja, hogy a b\u00e9rsz\u00e1mfejt\u00e9s pontos \u00e9s minden el\u0151\u00edr\u00e1snak megfelel\u0151 legyen.<\/span><\/p>\n<h3>Alkalmazottak b\u00e9rsz\u00e1mfejt\u00e9se \u00e9s b\u00e9rsz\u00e1mfejt\u00e9s<\/h3>\n<p><span style=\"font-weight: 400;\">Az \u00e1tfog\u00f3 <\/span><b>b\u00e9rsz\u00e1mfejt\u00e9si szolg\u00e1ltat\u00e1sok Magyarorsz\u00e1gon<\/b><span style=\"font-weight: 400;\"> mag\u00e1ban foglalj\u00e1k a munkav\u00e1llal\u00f3k b\u00e9r\u00e9nek kezel\u00e9s\u00e9t \u00e9s a b\u00e9relsz\u00e1mol\u00e1sok elk\u00e9sz\u00edt\u00e9s\u00e9t. Ez biztos\u00edtja, hogy a munkav\u00e1llal\u00f3k pontos \u00f6sszeget kapjanak, valamint r\u00e9szletes b\u00e9relsz\u00e1mol\u00e1st, amely tartalmazza a j\u00f6vedelm\u00fcket \u00e9s a levon\u00e1sokat.<\/span>[\/vc_column_text][\/vc_column][vc_column width=&#8221;1\/2&#8243;][vc_single_image image=&#8221;5190&#8243; img_size=&#8221;full&#8221;][\/vc_column][\/vc_row][vc_row content_placement=&#8221;middle&#8221; css_animation=&#8221;fadeInUp&#8221;][vc_column width=&#8221;1\/2&#8243;][vc_single_image image=&#8221;848&#8243; img_size=&#8221;full&#8221;][\/vc_column][vc_column width=&#8221;1\/2&#8243;][vc_column_text css_animation=&#8221;fadeInRight&#8221;]<\/p>\n<h2>Mi\u00e9rt v\u00e1lassza az FCHAIN b\u00e9rsz\u00e1mfejt\u00e9si szolg\u00e1ltat\u00e1sait?<\/h2>\n<p><span style=\"font-weight: 400;\">Az FCHAIN a vezet\u0151 <\/span><b>b\u00e9rsz\u00e1mfejt\u0151 c\u00e9gek sz\u00e1m\u00e1ra Budapesten, Magyarorsz\u00e1gon<\/b><span style=\"font-weight: 400;\">, minden v\u00e1llalat sz\u00e1m\u00e1ra. Szak\u00e9rt\u0151i csapatunk alaposan ismeri a magyar munkajogot, \u00e9s biztos\u00edtja, hogy a b\u00e9rsz\u00e1mfejt\u00e9s a jogszab\u00e1lyoknak megfelel\u0151en t\u00f6rt\u00e9njen. Id\u0151szer\u0171 <\/span><b>b\u00e9rsz\u00e1mfejt\u00e9si szolg\u00e1ltat\u00e1sokat<\/b><span style=\"font-weight: 400;\"> k\u00edn\u00e1lunk szem\u00e9lyre szabott megold\u00e1sokkal minden probl\u00e9m\u00e1j\u00e1ra.<\/span><\/p>\n<h3>A magyar munka\u00fcgyi t\u00f6rv\u00e9nyeknek val\u00f3 megfelel\u00e9s biztos\u00edt\u00e1sa a b\u00e9rsz\u00e1mfejt\u00e9sben<\/h3>\n<p><span style=\"font-weight: 400;\">A magyar jogrendszer \u00f6sszetett \u00e9s gyakran v\u00e1ltozhat. <\/span><b>B\u00e9rsz\u00e1mfejt\u00e9si szolg\u00e1ltat\u00e1saink<\/b><span style=\"font-weight: 400;\"> biztos\u00edtj\u00e1k, hogy az \u00d6n elsz\u00e1mol\u00e1sa teljes m\u00e9rt\u00e9kben megfeleljen az \u00f6sszes vonatkoz\u00f3 t\u00f6rv\u00e9nynek, bele\u00e9rtve:<\/span><\/p>\n<ul>\n<li style=\"font-weight: 400;\" aria-level=\"1\"><span style=\"font-weight: 400;\">munkajog;<\/span><\/li>\n<li style=\"font-weight: 400;\" aria-level=\"1\"><span style=\"font-weight: 400;\">t\u00e1rsadalombiztos\u00edt\u00e1si jog;<\/span><\/li>\n<li style=\"font-weight: 400;\" aria-level=\"1\"><span style=\"font-weight: 400;\">j\u00f6vedelemad\u00f3jog.<\/span><\/li>\n<\/ul>\n<p><span style=\"font-weight: 400;\">Az ilyen megfelel\u00e9s nagyon fontos a tisztess\u00e9ges \u00e9s helyes <\/span><b>munkav\u00e1llal\u00f3i b\u00e9rsz\u00e1mfejt\u00e9s<\/b><span style=\"font-weight: 400;\"> minden szervezet \u00e9s v\u00e1llalat sz\u00e1m\u00e1ra.<\/span>[\/vc_column_text][\/vc_column][\/vc_row][vc_row content_placement=&#8221;middle&#8221; css_animation=&#8221;fadeInUp&#8221;][vc_column width=&#8221;1\/2&#8243;][vc_column_text css_animation=&#8221;fadeInLeft&#8221;]<\/p>\n<h2>Nemzetk\u00f6zi \u00e9s t\u00e1voli csapatok b\u00e9rsz\u00e1mfejt\u00e9se<\/h2>\n<p><span style=\"font-weight: 400;\">A nemzetk\u00f6zi \u00e9s t\u00e1voli csapatokkal rendelkez\u0151 v\u00e1llalkoz\u00e1sok sz\u00e1m\u00e1ra a b\u00e9rsz\u00e1mfejt\u00e9s k\u00fcl\u00f6n\u00f6sen nagy kih\u00edv\u00e1st jelenthet. Az FCHAIN min\u0151s\u00e9gi \u00e9s gyors <\/span><b>b\u00e9rsz\u00e1mfejt\u00e9si<\/b> <b>szolg\u00e1ltat\u00e1sokat<\/b><span style=\"font-weight: 400;\"> ny\u00fajt minden \u00fcgyf\u00e9l sz\u00e1m\u00e1ra. Nagy tapasztalattal rendelkez\u00fcnk, \u00e9s egy\u00e9rtelm\u0171 garanci\u00e1t ny\u00fajtunk arra, hogy a sz\u00e1m\u00edt\u00e1s helyes \u00e9s pontos lesz, f\u00fcggetlen\u00fcl att\u00f3l, hogy hol tart\u00f3zkodnak a koll\u00e9g\u00e1i. A gyors <\/span><b>b\u00e9rsz\u00e1mfejt\u00e9s nemzetk\u00f6zi v\u00e1llalatok sz\u00e1m\u00e1ra<\/b><span style=\"font-weight: 400;\"> fontos r\u00e9sze \u00fcgyf\u00e9lszolg\u00e1latunknak.<\/span><\/p>\n<h3>Teljes k\u00f6r\u0171 b\u00e9rsz\u00e1mfejt\u00e9s \u00e9s HR-menedzsment v\u00e1llalatok sz\u00e1m\u00e1ra<\/h3>\n<p><span style=\"font-weight: 400;\">A fenti szolg\u00e1ltat\u00e1sokon k\u00edv\u00fcl a b\u00e9rsz\u00e1mfejt\u00e9s szerves r\u00e9sz\u00e9t k\u00e9pez\u0151 <\/span><b>b\u00e9rad\u00f3-sz\u00e1m\u00edt\u00e1s<\/b><span style=\"font-weight: 400;\"> szolg\u00e1ltat\u00e1st is k\u00edn\u00e1lunk. Ez olyan szolg\u00e1ltat\u00e1sokat is mag\u00e1ban foglalhat, mint a munkav\u00e1llal\u00f3i juttat\u00e1sok kezel\u00e9se, a szabads\u00e1gok \u00e9s betegszabads\u00e1gok kezel\u00e9se \u00e9s a HR megfelel\u0151s\u00e9g.<\/span><\/p>\n<p><span style=\"font-weight: 400;\">Az FCHAIN szervezet ismeri ennek a munk\u00e1nak a cs\u00ednj\u00e1t-b\u00ednj\u00e1t, ez\u00e9rt szak\u00e9rt\u0151 \u00e9s min\u0151s\u00e9gi szolg\u00e1ltat\u00e1sokat ny\u00fajt!<\/span>[\/vc_column_text][\/vc_column][vc_column width=&#8221;1\/2&#8243;][vc_single_image image=&#8221;5197&#8243; img_size=&#8221;full&#8221;][\/vc_column][\/vc_row]<\/p>\n<\/div>","protected":false},"excerpt":{"rendered":"<p>[vc_row css_animation=&#8221;fadeInUp&#8221;][vc_column][vc_column_text css_animation=&#8221;fadeInDown&#8221;] Megb\u00edzhat\u00f3 b\u00e9rsz\u00e1mfejt\u00e9si szolg\u00e1ltat\u00e1sok Magyarorsz\u00e1gon \u2013 Pontos \u00e9s szab\u00e1lyos Az \u00fczleti \u00e9letben a b\u00e9rsz\u00e1mfejt\u00e9s pontoss\u00e1ga \u00e9s megfelel\u0151s\u00e9ge kiemelked\u0151 fontoss\u00e1g\u00fa. A Magyarorsz\u00e1gon m\u0171k\u00f6d\u0151 v\u00e1llalatok sz\u00e1m\u00e1ra a magyar munkajog bonyolults\u00e1ga ebben kih\u00edv\u00e1st jelenthet. \u00c9ppen ez\u00e9rt van okuk az FCHAIN fordulni b\u00e9rsz\u00e1mfejt\u00e9si szolg\u00e1ltat\u00e1sok.[\/vc_column_text][\/vc_column][\/vc_row][vc_row css_animation=&#8221;fadeInUp&#8221;][vc_column width=&#8221;1\/2&#8243;][vc_column_text css_animation=&#8221;fadeInLeft&#8221;] Kiszervezett b\u00e9rsz\u00e1mfejt\u00e9si megold\u00e1sok magyarorsz\u00e1gi v\u00e1llalkoz\u00e1sok sz\u00e1m\u00e1ra Egy olyan szolg\u00e1ltat\u00e1s, mint<\/p>\n","protected":false},"author":2,"featured_media":0,"parent":0,"menu_order":0,"comment_status":"closed","ping_status":"closed","template":"","meta":{"_acf_changed":false,"footnotes":""},"class_list":["post-9475","page","type-page","status-publish","hentry"],"acf":[],"yoast_head":"<!-- This site is optimized with the Yoast SEO plugin v27.3 - https:\/\/yoast.com\/product\/yoast-seo-wordpress\/ -->\n<title>B\u00e9rsz\u00e1mfejt\u00e9si szolg\u00e1ltat\u00e1sok - Fchain<\/title>\n<meta name=\"description\" content=\"B\u00edzza r\u00e1 az FCHAIN-t a b\u00e9rsz\u00e1mfejt\u00e9sre, \u00e9s lehet\u0151s\u00e9ge lesz arra, hogy azt tegye, amit a legjobban tud. Gondoskodunk a pontos \u00e9s id\u0151ben t\u00f6rt\u00e9n\u0151 fizet\u00e9sr\u0151l.\" \/>\n<meta name=\"robots\" content=\"index, follow, max-snippet:-1, max-image-preview:large, max-video-preview:-1\" \/>\n<link rel=\"canonical\" href=\"https:\/\/hu.f-chain.com\/hu\/berszamfejtesi-szolgaltatasok\/\" \/>\n<meta property=\"og:locale\" content=\"hu_HU\" \/>\n<meta property=\"og:type\" content=\"article\" \/>\n<meta property=\"og:title\" content=\"B\u00e9rsz\u00e1mfejt\u00e9si szolg\u00e1ltat\u00e1sok - Fchain\" \/>\n<meta property=\"og:description\" content=\"B\u00edzza r\u00e1 az FCHAIN-t a b\u00e9rsz\u00e1mfejt\u00e9sre, \u00e9s lehet\u0151s\u00e9ge lesz arra, hogy azt tegye, amit a legjobban tud. Gondoskodunk a pontos \u00e9s id\u0151ben t\u00f6rt\u00e9n\u0151 fizet\u00e9sr\u0151l.\" \/>\n<meta property=\"og:url\" content=\"https:\/\/hu.f-chain.com\/hu\/berszamfejtesi-szolgaltatasok\/\" \/>\n<meta property=\"og:site_name\" content=\"Fchain\" \/>\n<meta name=\"twitter:card\" content=\"summary_large_image\" \/>\n<meta name=\"twitter:label1\" content=\"Becs\u00fclt olvas\u00e1si id\u0151\" \/>\n\t<meta name=\"twitter:data1\" content=\"3 perc\" \/>\n<script type=\"application\/ld+json\" class=\"yoast-schema-graph\">{\"@context\":\"https:\\\/\\\/schema.org\",\"@graph\":[{\"@type\":\"WebPage\",\"@id\":\"https:\\\/\\\/hu.f-chain.com\\\/hu\\\/berszamfejtesi-szolgaltatasok\\\/\",\"url\":\"https:\\\/\\\/hu.f-chain.com\\\/hu\\\/berszamfejtesi-szolgaltatasok\\\/\",\"name\":\"B\u00e9rsz\u00e1mfejt\u00e9si szolg\u00e1ltat\u00e1sok - Fchain\",\"isPartOf\":{\"@id\":\"https:\\\/\\\/hu.f-chain.com\\\/#website\"},\"datePublished\":\"2025-05-26T02:50:21+00:00\",\"description\":\"B\u00edzza r\u00e1 az FCHAIN-t a b\u00e9rsz\u00e1mfejt\u00e9sre, \u00e9s lehet\u0151s\u00e9ge lesz arra, hogy azt tegye, amit a legjobban tud. Gondoskodunk a pontos \u00e9s id\u0151ben t\u00f6rt\u00e9n\u0151 fizet\u00e9sr\u0151l.\",\"breadcrumb\":{\"@id\":\"https:\\\/\\\/hu.f-chain.com\\\/hu\\\/berszamfejtesi-szolgaltatasok\\\/#breadcrumb\"},\"inLanguage\":\"hu\",\"potentialAction\":[{\"@type\":\"ReadAction\",\"target\":[\"https:\\\/\\\/hu.f-chain.com\\\/hu\\\/berszamfejtesi-szolgaltatasok\\\/\"]}]},{\"@type\":\"BreadcrumbList\",\"@id\":\"https:\\\/\\\/hu.f-chain.com\\\/hu\\\/berszamfejtesi-szolgaltatasok\\\/#breadcrumb\",\"itemListElement\":[{\"@type\":\"ListItem\",\"position\":1,\"name\":\"Home\",\"item\":\"https:\\\/\\\/hu.f-chain.com\\\/hu\\\/\"},{\"@type\":\"ListItem\",\"position\":2,\"name\":\"B\u00e9rsz\u00e1mfejt\u00e9si szolg\u00e1ltat\u00e1sok\"}]},{\"@type\":\"WebSite\",\"@id\":\"https:\\\/\\\/hu.f-chain.com\\\/#website\",\"url\":\"https:\\\/\\\/hu.f-chain.com\\\/\",\"name\":\"Fchain\",\"description\":\"\",\"potentialAction\":[{\"@type\":\"SearchAction\",\"target\":{\"@type\":\"EntryPoint\",\"urlTemplate\":\"https:\\\/\\\/hu.f-chain.com\\\/?s={search_term_string}\"},\"query-input\":{\"@type\":\"PropertyValueSpecification\",\"valueRequired\":true,\"valueName\":\"search_term_string\"}}],\"inLanguage\":\"hu\"}]}<\/script>\n<!-- \/ Yoast SEO plugin. -->","yoast_head_json":{"title":"B\u00e9rsz\u00e1mfejt\u00e9si szolg\u00e1ltat\u00e1sok - Fchain","description":"B\u00edzza r\u00e1 az FCHAIN-t a b\u00e9rsz\u00e1mfejt\u00e9sre, \u00e9s lehet\u0151s\u00e9ge lesz arra, hogy azt tegye, amit a legjobban tud. Gondoskodunk a pontos \u00e9s id\u0151ben t\u00f6rt\u00e9n\u0151 fizet\u00e9sr\u0151l.","robots":{"index":"index","follow":"follow","max-snippet":"max-snippet:-1","max-image-preview":"max-image-preview:large","max-video-preview":"max-video-preview:-1"},"canonical":"https:\/\/hu.f-chain.com\/hu\/berszamfejtesi-szolgaltatasok\/","og_locale":"hu_HU","og_type":"article","og_title":"B\u00e9rsz\u00e1mfejt\u00e9si szolg\u00e1ltat\u00e1sok - Fchain","og_description":"B\u00edzza r\u00e1 az FCHAIN-t a b\u00e9rsz\u00e1mfejt\u00e9sre, \u00e9s lehet\u0151s\u00e9ge lesz arra, hogy azt tegye, amit a legjobban tud. Gondoskodunk a pontos \u00e9s id\u0151ben t\u00f6rt\u00e9n\u0151 fizet\u00e9sr\u0151l.","og_url":"https:\/\/hu.f-chain.com\/hu\/berszamfejtesi-szolgaltatasok\/","og_site_name":"Fchain","twitter_card":"summary_large_image","twitter_misc":{"Becs\u00fclt olvas\u00e1si id\u0151":"3 perc"},"schema":{"@context":"https:\/\/schema.org","@graph":[{"@type":"WebPage","@id":"https:\/\/hu.f-chain.com\/hu\/berszamfejtesi-szolgaltatasok\/","url":"https:\/\/hu.f-chain.com\/hu\/berszamfejtesi-szolgaltatasok\/","name":"B\u00e9rsz\u00e1mfejt\u00e9si szolg\u00e1ltat\u00e1sok - Fchain","isPartOf":{"@id":"https:\/\/hu.f-chain.com\/#website"},"datePublished":"2025-05-26T02:50:21+00:00","description":"B\u00edzza r\u00e1 az FCHAIN-t a b\u00e9rsz\u00e1mfejt\u00e9sre, \u00e9s lehet\u0151s\u00e9ge lesz arra, hogy azt tegye, amit a legjobban tud. Gondoskodunk a pontos \u00e9s id\u0151ben t\u00f6rt\u00e9n\u0151 fizet\u00e9sr\u0151l.","breadcrumb":{"@id":"https:\/\/hu.f-chain.com\/hu\/berszamfejtesi-szolgaltatasok\/#breadcrumb"},"inLanguage":"hu","potentialAction":[{"@type":"ReadAction","target":["https:\/\/hu.f-chain.com\/hu\/berszamfejtesi-szolgaltatasok\/"]}]},{"@type":"BreadcrumbList","@id":"https:\/\/hu.f-chain.com\/hu\/berszamfejtesi-szolgaltatasok\/#breadcrumb","itemListElement":[{"@type":"ListItem","position":1,"name":"Home","item":"https:\/\/hu.f-chain.com\/hu\/"},{"@type":"ListItem","position":2,"name":"B\u00e9rsz\u00e1mfejt\u00e9si szolg\u00e1ltat\u00e1sok"}]},{"@type":"WebSite","@id":"https:\/\/hu.f-chain.com\/#website","url":"https:\/\/hu.f-chain.com\/","name":"Fchain","description":"","potentialAction":[{"@type":"SearchAction","target":{"@type":"EntryPoint","urlTemplate":"https:\/\/hu.f-chain.com\/?s={search_term_string}"},"query-input":{"@type":"PropertyValueSpecification","valueRequired":true,"valueName":"search_term_string"}}],"inLanguage":"hu"}]}},"_links":{"self":[{"href":"https:\/\/hu.f-chain.com\/hu\/wp-json\/wp\/v2\/pages\/9475","targetHints":{"allow":["GET"]}}],"collection":[{"href":"https:\/\/hu.f-chain.com\/hu\/wp-json\/wp\/v2\/pages"}],"about":[{"href":"https:\/\/hu.f-chain.com\/hu\/wp-json\/wp\/v2\/types\/page"}],"author":[{"embeddable":true,"href":"https:\/\/hu.f-chain.com\/hu\/wp-json\/wp\/v2\/users\/2"}],"replies":[{"embeddable":true,"href":"https:\/\/hu.f-chain.com\/hu\/wp-json\/wp\/v2\/comments?post=9475"}],"version-history":[{"count":1,"href":"https:\/\/hu.f-chain.com\/hu\/wp-json\/wp\/v2\/pages\/9475\/revisions"}],"predecessor-version":[{"id":9477,"href":"https:\/\/hu.f-chain.com\/hu\/wp-json\/wp\/v2\/pages\/9475\/revisions\/9477"}],"wp:attachment":[{"href":"https:\/\/hu.f-chain.com\/hu\/wp-json\/wp\/v2\/media?parent=9475"}],"curies":[{"name":"wp","href":"https:\/\/api.w.org\/{rel}","templated":true}]}}