{"id":9473,"date":"2025-05-26T05:45:31","date_gmt":"2025-05-26T02:45:31","guid":{"rendered":"https:\/\/hu.f-chain.com\/?page_id=9473"},"modified":"2025-05-26T05:45:31","modified_gmt":"2025-05-26T02:45:31","slug":"atfogo-hr-szolgaltatasok-vallalkozasok-szamara","status":"publish","type":"page","link":"https:\/\/hu.f-chain.com\/hu\/atfogo-hr-szolgaltatasok-vallalkozasok-szamara\/","title":{"rendered":"\u00c1tfog\u00f3 HR szolg\u00e1ltat\u00e1sok v\u00e1llalkoz\u00e1sok sz\u00e1m\u00e1ra"},"content":{"rendered":"<div class=\"wpb-content-wrapper\"><p>[vc_row css_animation=&#8221;fadeInUp&#8221;][vc_column][vc_column_text css_animation=&#8221;fadeInDown&#8221;]<\/p>\n<h2>\u00c1tfog\u00f3 HR szolg\u00e1ltat\u00e1sok Magyarorsz\u00e1gon v\u00e1llalkoz\u00e1sok sz\u00e1m\u00e1ra<\/h2>\n<p><span style=\"font-weight: 400;\">Magyarorsz\u00e1g dinamikus gazdas\u00e1ggal rendelkez\u0151 orsz\u00e1g, amely strat\u00e9giai helyzetben van Eur\u00f3pa k\u00f6zep\u00e9n. Egyre t\u00f6bb k\u00fclf\u00f6ldi befektet\u0151t \u00e9s v\u00e1llalkoz\u00e1st vonz. Az FCHAIN \u00e1tfog\u00f3 <\/span><b>hum\u00e1ner\u0151forr\u00e1s-megold\u00e1sai<\/b><span style=\"font-weight: 400;\"> biztons\u00e1gos megold\u00e1ss\u00e1 v\u00e1lnak a HR-folyamataikat optimaliz\u00e1lni k\u00edv\u00e1n\u00f3 v\u00e1llalatok sz\u00e1m\u00e1ra.<\/span>[\/vc_column_text][\/vc_column][\/vc_row][vc_row css_animation=&#8221;fadeInUp&#8221;][vc_column][vc_column_text css_animation=&#8221;fadeInLeft&#8221;]<\/p>\n<h2>Mi\u00e9rt v\u00e1lassza az FCHAIN HR szolg\u00e1ltat\u00e1sait Magyarorsz\u00e1gon?<\/h2>\n<p><span style=\"font-weight: 400;\">Az FCHAIN szak\u00e9rt\u0151i <\/span><b>HR szolg\u00e1ltat\u00e1st<\/b><span style=\"font-weight: 400;\"> k\u00edn\u00e1l Magyarorsz\u00e1gon. A v\u00e1llalat meg\u00e9rti az \u00d6n v\u00e1llalkoz\u00e1s\u00e1nak egyedi ig\u00e9nyeit, \u00e9s szem\u00e9lyre szabott megold\u00e1sokat val\u00f3s\u00edt meg az \u00d6n ig\u00e9nyeinek megfelel\u0151en. A <\/span><b>HR szolg\u00e1ltat\u00e1sok Magyarorsz\u00e1gon<\/b><span style=\"font-weight: 400;\"> ter\u00fclet\u00e9n szerzett sok\u00e9ves tapasztalat lehet\u0151v\u00e9 teszi sz\u00e1munkra, hogy hat\u00e9konyan oldjuk meg a leg\u00f6sszetettebb feladatokat is a hum\u00e1ner\u0151forr\u00e1s-gazd\u00e1lkod\u00e1s ter\u00fclet\u00e9n. Az FCHAIN garanci\u00e1t jelent a professzionalizmusra, a hat\u00e9konys\u00e1gra \u00e9s a titoktart\u00e1sra.<\/span><\/p>\n<h3>Professzion\u00e1lis HR megold\u00e1sok magyarorsz\u00e1gi v\u00e1llalatok sz\u00e1m\u00e1ra<\/h3>\n<p><span style=\"font-weight: 400;\">Az FCHAIN szervezet a <\/span><b>HR szolg\u00e1ltat\u00e1sok<\/b><span style=\"font-weight: 400;\"> sz\u00e9les sk\u00e1l\u00e1j\u00e1t ny\u00fajtja, t\u00f6bbek k\u00f6z\u00f6tt:<\/span><\/p>\n<ul>\n<li style=\"font-weight: 400;\" aria-level=\"1\"><span style=\"font-weight: 400;\">HR-szolg\u00e1ltat\u00e1sok kiszervez\u00e9se;<\/span><\/li>\n<li style=\"font-weight: 400;\" aria-level=\"1\"><span style=\"font-weight: 400;\">b\u00e9rsz\u00e1mfejt\u00e9s \u00e9s juttat\u00e1sok adminisztr\u00e1ci\u00f3ja;<\/span><\/li>\n<li style=\"font-weight: 400;\" aria-level=\"1\"><span style=\"font-weight: 400;\">munkav\u00e1llal\u00f3k beilleszt\u00e9se \u00e9s k\u00e9pz\u00e9se;<\/span><\/li>\n<li style=\"font-weight: 400;\" aria-level=\"1\"><span style=\"font-weight: 400;\">munkajogi jogszab\u00e1lyoknak val\u00f3 megfelel\u00e9s.<\/span><\/li>\n<\/ul>\n<p><span style=\"font-weight: 400;\">Az ilyen pillanatok nagyon fontosak a munk\u00e1ban. Nem szabad elfelejteni, hogy a <\/span><b>hum\u00e1ner\u0151forr\u00e1s-megold\u00e1sokat<\/b><span style=\"font-weight: 400;\"> szakembereknek kell elk\u00e9sz\u00edteni\u00fck, akik minden tud\u00e1ssal \u00e9s k\u00e9szs\u00e9ggel rendelkeznek.<\/span>[\/vc_column_text][\/vc_column][\/vc_row][vc_row content_placement=&#8221;middle&#8221; css_animation=&#8221;fadeInUp&#8221;][vc_column width=&#8221;1\/2&#8243;][vc_single_image image=&#8221;232&#8243; img_size=&#8221;full&#8221;][\/vc_column][vc_column width=&#8221;1\/2&#8243;][vc_column_text css_animation=&#8221;fadeInRight&#8221;]<\/p>\n<h2>HR Outsourcing \u2013 b\u00e9rsz\u00e1mfejt\u00e9s, megfelel\u00e9s \u00e9s munkav\u00e1llal\u00f3i menedzsment<\/h2>\n<p><span style=\"font-weight: 400;\">Az FCHAIN olyan <\/span><b>b\u00e9rsz\u00e1mfejt\u00e9si \u00e9s HR outsourcing<\/b><span style=\"font-weight: 400;\"> szolg\u00e1ltat\u00e1sokat ny\u00fajt, amelyek b\u00e1rmely szervezet sz\u00e1m\u00e1ra k\u00f6lts\u00e9ghat\u00e9konyak. Emellett lehet\u0151s\u00e9get ny\u00fajt a saj\u00e1t HR-oszt\u00e1ly fenntart\u00e1s\u00e1nak k\u00f6lts\u00e9geinek cs\u00f6kkent\u00e9s\u00e9re is. Egy szakemberekb\u0151l \u00e1ll\u00f3 csapat v\u00e1llalja a b\u00e9rsz\u00e1mfejt\u00e9ssel, az ad\u00f3k \u00e9s j\u00e1rul\u00e9kok befizet\u00e9s\u00e9vel, valamint a szem\u00e9lyzeti nyilv\u00e1ntart\u00e1sok kezel\u00e9s\u00e9vel kapcsolatos \u00f6sszes feladatot.<\/span><\/p>\n<h3>B\u00e9rsz\u00e1mfejt\u00e9s \u00e9s juttat\u00e1sok kezel\u00e9se<\/h3>\n<p><span style=\"font-weight: 400;\">Az FCHAIN <\/span><b>HR-szolg\u00e1ltat\u00e1sokat<\/b><span style=\"font-weight: 400;\"> ny\u00fajt, bele\u00e9rtve a b\u00e9rsz\u00e1mfejt\u00e9st \u00e9s a juttat\u00e1sok kezel\u00e9s\u00e9t. A szolg\u00e1ltat\u00e1sok k\u00f6z\u00e9 tartozik a szabads\u00e1gok \u00e9s betegszabads\u00e1gok kezel\u00e9se, ad\u00f3z\u00e1s \u00e9s j\u00e1rul\u00e9kok, k\u00fcl\u00f6nb\u00f6z\u0151 t\u00edpus\u00fa juttat\u00e1si programok kezel\u00e9se. Kiz\u00e1r\u00f3lag <\/span><b>jogi HR compliance c\u00e9gek sz\u00e1m\u00e1ra Budapesten<\/b><span style=\"font-weight: 400;\"> dolgozunk, ami garant\u00e1lja az \u00f6sszes kifizet\u00e9s pontoss\u00e1g\u00e1t \u00e9s id\u0151szer\u0171s\u00e9g\u00e9t.<\/span>[\/vc_column_text][\/vc_column][\/vc_row][vc_row content_placement=&#8221;middle&#8221; css_animation=&#8221;fadeInUp&#8221;][vc_column width=&#8221;1\/2&#8243;][vc_column_text css_animation=&#8221;fadeInLeft&#8221;]<\/p>\n<h2>Munkav\u00e1llal\u00f3k beilleszked\u00e9se \u00e9s k\u00e9pz\u00e9se<\/h2>\n<p><span style=\"font-weight: 400;\">Megb\u00edzhat\u00f3 <\/span><b>HR-szolg\u00e1ltat\u00e1sok<\/b><span style=\"font-weight: 400;\"> seg\u00edt a v\u00e1llalatoknak hat\u00e9kony munkav\u00e1llal\u00f3i beilleszked\u00e9si \u00e9s k\u00e9pz\u00e9si programok l\u00e9trehoz\u00e1s\u00e1ban. Toborz\u00e1s \u00e9s tehets\u00e9gszerz\u00e9s <\/span><b>Recruitment and Talent Acquisition<\/b><span style=\"font-weight: 400;\"> a magasan k\u00e9pzett munkaer\u0151 felk\u00e9sz\u00edt\u00e9s\u00e9hez. Lehet\u0151s\u00e9g van k\u00e9pz\u00e9sek \u00e9s szemin\u00e1riumok szervez\u00e9s\u00e9re a szakmai k\u00e9szs\u00e9gek fejleszt\u00e9se \u00e9rdek\u00e9ben.<\/span><\/p>\n<h3>HR Jogi megfelel\u00e9s \u00e9s munkajog<\/h3>\n<p><span style=\"font-weight: 400;\">A magyar munkajog folyamatosan v\u00e1ltozik, \u00e9s az \u00f6sszes k\u00f6vetelm\u00e9nynek val\u00f3 megfelel\u00e9s neh\u00e9z feladat lehet a v\u00e1llalatok sz\u00e1m\u00e1ra. <\/span><b>HR consultancy Hungary<\/b><span style=\"font-weight: 400;\"> szak\u00e9rt\u0151ink alaposan ismerik a magyar munkajogot, \u00e9s mindig naprak\u00e9szek a v\u00e1ltoz\u00e1sokkal kapcsolatban. Ez a min\u0151s\u00e9gi <\/span><b>HR-szolg\u00e1ltat\u00e1sok ny\u00fajt\u00e1s\u00e1nak kulcsa<\/b><span style=\"font-weight: 400;\">.<\/span>[\/vc_column_text][\/vc_column][vc_column width=&#8221;1\/2&#8243;][vc_single_image image=&#8221;956&#8243; img_size=&#8221;full&#8221;][\/vc_column][\/vc_row]<\/p>\n<\/div>","protected":false},"excerpt":{"rendered":"<p>[vc_row css_animation=&#8221;fadeInUp&#8221;][vc_column][vc_column_text css_animation=&#8221;fadeInDown&#8221;] \u00c1tfog\u00f3 HR szolg\u00e1ltat\u00e1sok Magyarorsz\u00e1gon v\u00e1llalkoz\u00e1sok sz\u00e1m\u00e1ra Magyarorsz\u00e1g dinamikus gazdas\u00e1ggal rendelkez\u0151 orsz\u00e1g, amely strat\u00e9giai helyzetben van Eur\u00f3pa k\u00f6zep\u00e9n. Egyre t\u00f6bb k\u00fclf\u00f6ldi befektet\u0151t \u00e9s v\u00e1llalkoz\u00e1st vonz. Az FCHAIN \u00e1tfog\u00f3 hum\u00e1ner\u0151forr\u00e1s-megold\u00e1sai biztons\u00e1gos megold\u00e1ss\u00e1 v\u00e1lnak a HR-folyamataikat optimaliz\u00e1lni k\u00edv\u00e1n\u00f3 v\u00e1llalatok sz\u00e1m\u00e1ra.[\/vc_column_text][\/vc_column][\/vc_row][vc_row css_animation=&#8221;fadeInUp&#8221;][vc_column][vc_column_text css_animation=&#8221;fadeInLeft&#8221;] Mi\u00e9rt v\u00e1lassza az FCHAIN HR szolg\u00e1ltat\u00e1sait Magyarorsz\u00e1gon? Az FCHAIN szak\u00e9rt\u0151i HR szolg\u00e1ltat\u00e1st k\u00edn\u00e1l<\/p>\n","protected":false},"author":2,"featured_media":0,"parent":0,"menu_order":0,"comment_status":"closed","ping_status":"closed","template":"","meta":{"_acf_changed":false,"footnotes":""},"class_list":["post-9473","page","type-page","status-publish","hentry"],"acf":[],"yoast_head":"<!-- This site is optimized with the Yoast SEO plugin v27.3 - https:\/\/yoast.com\/product\/yoast-seo-wordpress\/ -->\n<title>\u00c1tfog\u00f3 HR szolg\u00e1ltat\u00e1sok v\u00e1llalkoz\u00e1sok sz\u00e1m\u00e1ra - Fchain<\/title>\n<meta name=\"description\" content=\"Az FCHAIN \u200b\u200bMagyarorsz\u00e1g vezet\u0151 HR szolg\u00e1ltat\u00f3ja \u00e9s vil\u00e1gszerte az \u00fczleti folyamatok kiszervez\u00e9se. Szem\u00e9lyzetv\u00e1laszt\u00e1st k\u00edn\u00e1lunk v\u00e1llalkoz\u00e1sa sz\u00e1m\u00e1ra.\" \/>\n<meta name=\"robots\" content=\"index, follow, max-snippet:-1, max-image-preview:large, max-video-preview:-1\" \/>\n<link rel=\"canonical\" href=\"https:\/\/hu.f-chain.com\/hu\/atfogo-hr-szolgaltatasok-vallalkozasok-szamara\/\" \/>\n<meta property=\"og:locale\" content=\"hu_HU\" \/>\n<meta property=\"og:type\" content=\"article\" \/>\n<meta property=\"og:title\" content=\"\u00c1tfog\u00f3 HR szolg\u00e1ltat\u00e1sok v\u00e1llalkoz\u00e1sok sz\u00e1m\u00e1ra - Fchain\" \/>\n<meta property=\"og:description\" content=\"Az FCHAIN \u200b\u200bMagyarorsz\u00e1g vezet\u0151 HR szolg\u00e1ltat\u00f3ja \u00e9s vil\u00e1gszerte az \u00fczleti folyamatok kiszervez\u00e9se. Szem\u00e9lyzetv\u00e1laszt\u00e1st k\u00edn\u00e1lunk v\u00e1llalkoz\u00e1sa sz\u00e1m\u00e1ra.\" \/>\n<meta property=\"og:url\" content=\"https:\/\/hu.f-chain.com\/hu\/atfogo-hr-szolgaltatasok-vallalkozasok-szamara\/\" \/>\n<meta property=\"og:site_name\" content=\"Fchain\" \/>\n<meta name=\"twitter:card\" content=\"summary_large_image\" \/>\n<meta name=\"twitter:label1\" content=\"Becs\u00fclt olvas\u00e1si id\u0151\" \/>\n\t<meta name=\"twitter:data1\" content=\"2 perc\" \/>\n<script type=\"application\/ld+json\" class=\"yoast-schema-graph\">{\"@context\":\"https:\\\/\\\/schema.org\",\"@graph\":[{\"@type\":\"WebPage\",\"@id\":\"https:\\\/\\\/hu.f-chain.com\\\/hu\\\/atfogo-hr-szolgaltatasok-vallalkozasok-szamara\\\/\",\"url\":\"https:\\\/\\\/hu.f-chain.com\\\/hu\\\/atfogo-hr-szolgaltatasok-vallalkozasok-szamara\\\/\",\"name\":\"\u00c1tfog\u00f3 HR szolg\u00e1ltat\u00e1sok v\u00e1llalkoz\u00e1sok sz\u00e1m\u00e1ra - Fchain\",\"isPartOf\":{\"@id\":\"https:\\\/\\\/hu.f-chain.com\\\/#website\"},\"datePublished\":\"2025-05-26T02:45:31+00:00\",\"description\":\"Az FCHAIN \u200b\u200bMagyarorsz\u00e1g vezet\u0151 HR szolg\u00e1ltat\u00f3ja \u00e9s vil\u00e1gszerte az \u00fczleti folyamatok kiszervez\u00e9se. Szem\u00e9lyzetv\u00e1laszt\u00e1st k\u00edn\u00e1lunk v\u00e1llalkoz\u00e1sa sz\u00e1m\u00e1ra.\",\"breadcrumb\":{\"@id\":\"https:\\\/\\\/hu.f-chain.com\\\/hu\\\/atfogo-hr-szolgaltatasok-vallalkozasok-szamara\\\/#breadcrumb\"},\"inLanguage\":\"hu\",\"potentialAction\":[{\"@type\":\"ReadAction\",\"target\":[\"https:\\\/\\\/hu.f-chain.com\\\/hu\\\/atfogo-hr-szolgaltatasok-vallalkozasok-szamara\\\/\"]}]},{\"@type\":\"BreadcrumbList\",\"@id\":\"https:\\\/\\\/hu.f-chain.com\\\/hu\\\/atfogo-hr-szolgaltatasok-vallalkozasok-szamara\\\/#breadcrumb\",\"itemListElement\":[{\"@type\":\"ListItem\",\"position\":1,\"name\":\"Home\",\"item\":\"https:\\\/\\\/hu.f-chain.com\\\/hu\\\/\"},{\"@type\":\"ListItem\",\"position\":2,\"name\":\"\u00c1tfog\u00f3 HR szolg\u00e1ltat\u00e1sok v\u00e1llalkoz\u00e1sok sz\u00e1m\u00e1ra\"}]},{\"@type\":\"WebSite\",\"@id\":\"https:\\\/\\\/hu.f-chain.com\\\/#website\",\"url\":\"https:\\\/\\\/hu.f-chain.com\\\/\",\"name\":\"Fchain\",\"description\":\"\",\"potentialAction\":[{\"@type\":\"SearchAction\",\"target\":{\"@type\":\"EntryPoint\",\"urlTemplate\":\"https:\\\/\\\/hu.f-chain.com\\\/?s={search_term_string}\"},\"query-input\":{\"@type\":\"PropertyValueSpecification\",\"valueRequired\":true,\"valueName\":\"search_term_string\"}}],\"inLanguage\":\"hu\"}]}<\/script>\n<!-- \/ Yoast SEO plugin. -->","yoast_head_json":{"title":"\u00c1tfog\u00f3 HR szolg\u00e1ltat\u00e1sok v\u00e1llalkoz\u00e1sok sz\u00e1m\u00e1ra - Fchain","description":"Az FCHAIN \u200b\u200bMagyarorsz\u00e1g vezet\u0151 HR szolg\u00e1ltat\u00f3ja \u00e9s vil\u00e1gszerte az \u00fczleti folyamatok kiszervez\u00e9se. Szem\u00e9lyzetv\u00e1laszt\u00e1st k\u00edn\u00e1lunk v\u00e1llalkoz\u00e1sa sz\u00e1m\u00e1ra.","robots":{"index":"index","follow":"follow","max-snippet":"max-snippet:-1","max-image-preview":"max-image-preview:large","max-video-preview":"max-video-preview:-1"},"canonical":"https:\/\/hu.f-chain.com\/hu\/atfogo-hr-szolgaltatasok-vallalkozasok-szamara\/","og_locale":"hu_HU","og_type":"article","og_title":"\u00c1tfog\u00f3 HR szolg\u00e1ltat\u00e1sok v\u00e1llalkoz\u00e1sok sz\u00e1m\u00e1ra - Fchain","og_description":"Az FCHAIN \u200b\u200bMagyarorsz\u00e1g vezet\u0151 HR szolg\u00e1ltat\u00f3ja \u00e9s vil\u00e1gszerte az \u00fczleti folyamatok kiszervez\u00e9se. Szem\u00e9lyzetv\u00e1laszt\u00e1st k\u00edn\u00e1lunk v\u00e1llalkoz\u00e1sa sz\u00e1m\u00e1ra.","og_url":"https:\/\/hu.f-chain.com\/hu\/atfogo-hr-szolgaltatasok-vallalkozasok-szamara\/","og_site_name":"Fchain","twitter_card":"summary_large_image","twitter_misc":{"Becs\u00fclt olvas\u00e1si id\u0151":"2 perc"},"schema":{"@context":"https:\/\/schema.org","@graph":[{"@type":"WebPage","@id":"https:\/\/hu.f-chain.com\/hu\/atfogo-hr-szolgaltatasok-vallalkozasok-szamara\/","url":"https:\/\/hu.f-chain.com\/hu\/atfogo-hr-szolgaltatasok-vallalkozasok-szamara\/","name":"\u00c1tfog\u00f3 HR szolg\u00e1ltat\u00e1sok v\u00e1llalkoz\u00e1sok sz\u00e1m\u00e1ra - Fchain","isPartOf":{"@id":"https:\/\/hu.f-chain.com\/#website"},"datePublished":"2025-05-26T02:45:31+00:00","description":"Az FCHAIN \u200b\u200bMagyarorsz\u00e1g vezet\u0151 HR szolg\u00e1ltat\u00f3ja \u00e9s vil\u00e1gszerte az \u00fczleti folyamatok kiszervez\u00e9se. Szem\u00e9lyzetv\u00e1laszt\u00e1st k\u00edn\u00e1lunk v\u00e1llalkoz\u00e1sa sz\u00e1m\u00e1ra.","breadcrumb":{"@id":"https:\/\/hu.f-chain.com\/hu\/atfogo-hr-szolgaltatasok-vallalkozasok-szamara\/#breadcrumb"},"inLanguage":"hu","potentialAction":[{"@type":"ReadAction","target":["https:\/\/hu.f-chain.com\/hu\/atfogo-hr-szolgaltatasok-vallalkozasok-szamara\/"]}]},{"@type":"BreadcrumbList","@id":"https:\/\/hu.f-chain.com\/hu\/atfogo-hr-szolgaltatasok-vallalkozasok-szamara\/#breadcrumb","itemListElement":[{"@type":"ListItem","position":1,"name":"Home","item":"https:\/\/hu.f-chain.com\/hu\/"},{"@type":"ListItem","position":2,"name":"\u00c1tfog\u00f3 HR szolg\u00e1ltat\u00e1sok v\u00e1llalkoz\u00e1sok sz\u00e1m\u00e1ra"}]},{"@type":"WebSite","@id":"https:\/\/hu.f-chain.com\/#website","url":"https:\/\/hu.f-chain.com\/","name":"Fchain","description":"","potentialAction":[{"@type":"SearchAction","target":{"@type":"EntryPoint","urlTemplate":"https:\/\/hu.f-chain.com\/?s={search_term_string}"},"query-input":{"@type":"PropertyValueSpecification","valueRequired":true,"valueName":"search_term_string"}}],"inLanguage":"hu"}]}},"_links":{"self":[{"href":"https:\/\/hu.f-chain.com\/hu\/wp-json\/wp\/v2\/pages\/9473","targetHints":{"allow":["GET"]}}],"collection":[{"href":"https:\/\/hu.f-chain.com\/hu\/wp-json\/wp\/v2\/pages"}],"about":[{"href":"https:\/\/hu.f-chain.com\/hu\/wp-json\/wp\/v2\/types\/page"}],"author":[{"embeddable":true,"href":"https:\/\/hu.f-chain.com\/hu\/wp-json\/wp\/v2\/users\/2"}],"replies":[{"embeddable":true,"href":"https:\/\/hu.f-chain.com\/hu\/wp-json\/wp\/v2\/comments?post=9473"}],"version-history":[{"count":1,"href":"https:\/\/hu.f-chain.com\/hu\/wp-json\/wp\/v2\/pages\/9473\/revisions"}],"predecessor-version":[{"id":9474,"href":"https:\/\/hu.f-chain.com\/hu\/wp-json\/wp\/v2\/pages\/9473\/revisions\/9474"}],"wp:attachment":[{"href":"https:\/\/hu.f-chain.com\/hu\/wp-json\/wp\/v2\/media?parent=9473"}],"curies":[{"name":"wp","href":"https:\/\/api.w.org\/{rel}","templated":true}]}}