{"id":9471,"date":"2025-05-26T05:40:52","date_gmt":"2025-05-26T02:40:52","guid":{"rendered":"https:\/\/hu.f-chain.com\/?page_id=9471"},"modified":"2025-08-29T04:58:30","modified_gmt":"2025-08-29T01:58:30","slug":"employer-of-record","status":"publish","type":"page","link":"https:\/\/hu.f-chain.com\/hu\/employer-of-record\/","title":{"rendered":"Employer of Record (EOR)"},"content":{"rendered":"<div class=\"wpb-content-wrapper\"><p>[vc_row css_animation=&#8221;fadeInUp&#8221;][vc_column][vc_column_text css_animation=&#8221;fadeInDown&#8221;]<\/p>\n<h2>Employer of Record (EOR) szolg\u00e1ltat\u00e1sok Magyarorsz\u00e1gon \u2013 b\u00e9rbead\u00e1s k\u00f6nnyen \u00e9s leg\u00e1lisan<\/h2>\n<p><span style=\"font-weight: 400;\">Szeretn\u00e9 b\u0151v\u00edteni v\u00e1llalkoz\u00e1s\u00e1t Magyarorsz\u00e1gon, de nem tudja, hogyan kezelje a helyi munkajogi szab\u00e1lyok bonyolults\u00e1g\u00e1t? <\/span><b>EOR szolg\u00e1ltat\u00e1sok<\/b><span style=\"font-weight: 400;\"> kedvez\u0151 megold\u00e1st jelentenek azon v\u00e1llalatok sz\u00e1m\u00e1ra, amelyek jogi szem\u00e9ly l\u00e9trehoz\u00e1sa n\u00e9lk\u00fcl szeretn\u00e9nek alkalmazottakat alkalmazni Magyarorsz\u00e1gon. Mit kell tudni r\u00f3la?<\/span>[\/vc_column_text][\/vc_column][\/vc_row][vc_row css_animation=&#8221;fadeInUp&#8221;][vc_column width=&#8221;1\/2&#8243;][vc_column_text css_animation=&#8221;fadeInLeft&#8221;]<\/p>\n<h2>Mi az a nyilv\u00e1ntartott munk\u00e1ltat\u00f3 (EOR)?<\/h2>\n<p><span style=\"font-weight: 400;\">A nyilv\u00e1ntart\u00e1sba vett munk\u00e1ltat\u00f3 <\/span><b>Magyarorsz\u00e1gon: nyilv\u00e1ntartott munk\u00e1ltat\u00f3 Magyarorsz\u00e1g<\/b><span style=\"font-weight: 400;\"> olyan szervezet, amely jogi felel\u0151ss\u00e9get v\u00e1llal a munkav\u00e1llal\u00f3k foglalkoztat\u00e1s\u00e1\u00e9rt egy m\u00e1sik v\u00e1llalat nev\u00e9ben. Az EOR hivatalos nyilv\u00e1ntart\u00e1sba vett munk\u00e1ltat\u00f3k\u00e9nt j\u00e1r el, \u00e9s a munkaviszony minden aspektus\u00e1t kezeli, bele\u00e9rtve a k\u00f6vetkez\u0151ket:<\/span><\/p>\n<ul>\n<li style=\"font-weight: 400;\" aria-level=\"1\"><span style=\"font-weight: 400;\">b\u00e9rsz\u00e1mfejt\u00e9s;<\/span><\/li>\n<li style=\"font-weight: 400;\" aria-level=\"1\"><span style=\"font-weight: 400;\">ad\u00f3fizet\u00e9s;<\/span><\/li>\n<li style=\"font-weight: 400;\" aria-level=\"1\"><span style=\"font-weight: 400;\">munkaszerz\u0151d\u00e9sek elk\u00e9sz\u00edt\u00e9se.<\/span><\/li>\n<\/ul>\n<p><span style=\"font-weight: 400;\">Az ilyen szolg\u00e1ltat\u00e1sok lehet\u0151v\u00e9 teszik, hogy <\/span><b>jogi szem\u00e9ly n\u00e9lk\u00fcl<\/b><span style=\"font-weight: 400;\"> k\u00f6nnyen \u00e9s egyszer\u0171en alkalmazzanak munkav\u00e1llal\u00f3kat Magyarorsz\u00e1gon.<\/span><\/p>\n<h3>Az EOR haszn\u00e1lat\u00e1nak el\u0151nyei Magyarorsz\u00e1gon<\/h3>\n<p><span style=\"font-weight: 400;\">Az FCHAIN <\/span><b>EOR szolg\u00e1ltat\u00e1sokat<\/b><span style=\"font-weight: 400;\"> ny\u00fajt Magyarorsz\u00e1gon, ami sz\u00e1mos jelent\u0151s el\u0151nyt biztos\u00edt a szervezeteknek. El\u0151sz\u00f6r is cs\u00f6kkennek a k\u00f6lts\u00e9gek \u00e9s az id\u0151, mivel minden adminisztrat\u00edv feladatot mi int\u00e9z\u00fcnk. M\u00e1sodszor, cs\u00f6kkennek a kock\u00e1zatok, mivel <\/span><b>a magyarorsz\u00e1gi munk\u00e1ltat\u00f3<\/b><span style=\"font-weight: 400;\"> alaposan ismeri a helyi munkajogi szab\u00e1lyokat. \u00c9s ami a legfontosabb, a hangs\u00faly az \u00d6n alaptev\u00e9kenys\u00e9g\u00e9n van. \u00d6n \u00e1tadja az \u00f6sszes <\/span><b>nemzetk\u00f6zi munkaer\u0151 megold\u00e1s\u00e1t<\/b><span style=\"font-weight: 400;\"> az EOR, \u00e9s \u00d6n az alaptev\u00e9kenys\u00e9g\u00e9re koncentr\u00e1lhat.<\/span>[\/vc_column_text][\/vc_column][vc_column width=&#8221;1\/2&#8243;][vc_single_image image=&#8221;5197&#8243; img_size=&#8221;full&#8221;][\/vc_column][\/vc_row][vc_row content_placement=&#8221;middle&#8221; css_animation=&#8221;fadeInUp&#8221;][vc_column width=&#8221;1\/2&#8243;][vc_single_image image=&#8221;232&#8243; img_size=&#8221;full&#8221;][\/vc_column][vc_column width=&#8221;1\/2&#8243;][vc_column_text css_animation=&#8221;fadeInRight&#8221;]<\/p>\n<h2>Hogyan seg\u00edtik az EOR-szolg\u00e1ltat\u00e1sok a v\u00e1llalkoz\u00e1sok terjeszked\u00e9s\u00e9t?<\/h2>\n<p><span style=\"font-weight: 400;\">Ezek <\/span><b>EOR-szolg\u00e1ltat\u00e1sok<\/b><span style=\"font-weight: 400;\"> kulcsszerepet j\u00e1tszanak a magyar piacon m\u0171k\u00f6d\u0151 v\u00e1llalatok terjeszked\u00e9si folyamat\u00e1ban. Lehet\u0151v\u00e9 teszik a v\u00e1llalatok sz\u00e1m\u00e1ra, hogy a <\/span><b>munkaer\u0151-k\u00f6lcs\u00f6nz\u00e9s Budapest, Magyarorsz\u00e1g<\/b><span style=\"font-weight: 400;\"> seg\u00edts\u00e9g\u00e9vel gyorsan bel\u00e9pjenek a piacra, \u00e9s tesztelj\u00e9k a piacot. Ezt m\u00e9g a jogi szem\u00e9ly alap\u00edt\u00e1sa mellett val\u00f3 d\u00f6nt\u00e9s el\u0151tt kell megtenni.<\/span><\/p>\n<h3>B\u00e9rsz\u00e1mfejt\u00e9s \u00e9s ad\u00f3kezel\u00e9s<\/h3>\n<p><span style=\"font-weight: 400;\">Az egyik legfontosabb szempont a b\u00e9rsz\u00e1mfejt\u00e9s \u00e9s az ad\u00f3kezel\u00e9s. Az EOR gondoskodik a b\u00e9rsz\u00e1mfejt\u00e9ssel, az ad\u00f3k \u00e9s j\u00e1rul\u00e9kok befizet\u00e9s\u00e9vel, valamint a sz\u00fcks\u00e9ges jelent\u00e9sek elk\u00e9sz\u00edt\u00e9s\u00e9vel kapcsolatos valamennyi feladatr\u00f3l. A helyes \u00e9s pontos <\/span><b>b\u00e9rsz\u00e1mfejt\u00e9s kiszervez\u00e9se<\/b><span style=\"font-weight: 400;\"> biztos\u00edtja, hogy minden alkalmazott id\u0151ben megkapja a fizet\u00e9s\u00e9t.<\/span>[\/vc_column_text][\/vc_column][\/vc_row][vc_row content_placement=&#8221;middle&#8221; css_animation=&#8221;fadeInUp&#8221;][vc_column width=&#8221;1\/2&#8243;][vc_column_text css_animation=&#8221;fadeInLeft&#8221;]<\/p>\n<h2>Mi\u00e9rt v\u00e1lassza az FCHAIN az EOR szolg\u00e1ltat\u00e1sokhoz Magyarorsz\u00e1gon?<\/h2>\n<p><span style=\"font-weight: 400;\">Az FCHAIN jogi, sz\u00e1mviteli, p\u00e9nz\u00fcgyi \u00e9s egy\u00e9b ter\u00fcleteken tev\u00e9kenyked\u0151 szak\u00e9rt\u0151kb\u0151l \u00e1ll\u00f3 csapat. Teljes k\u00f6r\u0171 <\/span><b>EOR szolg\u00e1ltat\u00e1sokat<\/b><span style=\"font-weight: 400;\"> k\u00edn\u00e1lunk Magyarorsz\u00e1gon. A csapat alaposan ismeri a helyi jogszab\u00e1lyokat, \u00e9s szem\u00e9lyre szabott, testre szabott megold\u00e1sokat k\u00edn\u00e1l minden \u00fcgyf\u00e9l sz\u00e1m\u00e1ra.<\/span><\/p>\n<h3>Munkaszerz\u0151d\u00e9sek \u00e9s HR-megfelel\u0151s\u00e9g<\/h3>\n<p><span style=\"font-weight: 400;\">A munkaszerz\u0151d\u00e9sek elk\u00e9sz\u00edt\u00e9se \u00e9s az \u00f6sszes k\u00f6vetelm\u00e9ny betart\u00e1sa az FCHAIN munk\u00e1j\u00e1nak legfontosabb szempontjai. <\/span><b>Employer of Record Hungary Magyarorsz\u00e1gon<\/b><span style=\"font-weight: 400;\"> kiszervez\u00e9se biztos\u00edtja, hogy minden szerz\u0151d\u00e9s \u00e9s HR folyamat megfeleljen az orsz\u00e1g jogszab\u00e1lyi k\u00f6vetelm\u00e9nyeinek.<\/span>[\/vc_column_text][\/vc_column][vc_column width=&#8221;1\/2&#8243;][vc_single_image image=&#8221;956&#8243; img_size=&#8221;full&#8221;][\/vc_column][\/vc_row]<\/p>\n<\/div>","protected":false},"excerpt":{"rendered":"<p>[vc_row css_animation=&#8221;fadeInUp&#8221;][vc_column][vc_column_text css_animation=&#8221;fadeInDown&#8221;] Employer of Record (EOR) szolg\u00e1ltat\u00e1sok Magyarorsz\u00e1gon \u2013 b\u00e9rbead\u00e1s k\u00f6nnyen \u00e9s leg\u00e1lisan Szeretn\u00e9 b\u0151v\u00edteni v\u00e1llalkoz\u00e1s\u00e1t Magyarorsz\u00e1gon, de nem tudja, hogyan kezelje a helyi munkajogi szab\u00e1lyok bonyolults\u00e1g\u00e1t? EOR szolg\u00e1ltat\u00e1sok kedvez\u0151 megold\u00e1st jelentenek azon v\u00e1llalatok sz\u00e1m\u00e1ra, amelyek jogi szem\u00e9ly l\u00e9trehoz\u00e1sa n\u00e9lk\u00fcl szeretn\u00e9nek alkalmazottakat alkalmazni Magyarorsz\u00e1gon. Mit kell tudni r\u00f3la?[\/vc_column_text][\/vc_column][\/vc_row][vc_row css_animation=&#8221;fadeInUp&#8221;][vc_column width=&#8221;1\/2&#8243;][vc_column_text css_animation=&#8221;fadeInLeft&#8221;] Mi az a<\/p>\n","protected":false},"author":2,"featured_media":0,"parent":0,"menu_order":0,"comment_status":"closed","ping_status":"closed","template":"","meta":{"_acf_changed":false,"footnotes":""},"class_list":["post-9471","page","type-page","status-publish","hentry"],"acf":[],"yoast_head":"<!-- This site is optimized with the Yoast SEO plugin v27.3 - https:\/\/yoast.com\/product\/yoast-seo-wordpress\/ -->\n<title>Bejegyzett Munkaad\u00f3 (EOR) Magyarorsz\u00e1gon<\/title>\n<meta name=\"description\" content=\"FCHAIN offers comprehensive Employer of Record (EOR) services in Hungary, handling payroll, compliance, and HR administration so you can expand effortlessly.\" \/>\n<meta name=\"robots\" content=\"index, follow, max-snippet:-1, max-image-preview:large, max-video-preview:-1\" \/>\n<link rel=\"canonical\" href=\"https:\/\/hu.f-chain.com\/hu\/employer-of-record\/\" \/>\n<meta property=\"og:locale\" content=\"hu_HU\" \/>\n<meta property=\"og:type\" content=\"article\" \/>\n<meta property=\"og:title\" content=\"Bejegyzett Munkaad\u00f3 (EOR) Magyarorsz\u00e1gon\" \/>\n<meta property=\"og:description\" content=\"FCHAIN offers comprehensive Employer of Record (EOR) services in Hungary, handling payroll, compliance, and HR administration so you can expand effortlessly.\" \/>\n<meta property=\"og:url\" content=\"https:\/\/hu.f-chain.com\/hu\/employer-of-record\/\" \/>\n<meta property=\"og:site_name\" content=\"Fchain\" \/>\n<meta property=\"article:modified_time\" content=\"2025-08-29T01:58:30+00:00\" \/>\n<meta name=\"twitter:card\" content=\"summary_large_image\" \/>\n<meta name=\"twitter:label1\" content=\"Becs\u00fclt olvas\u00e1si id\u0151\" \/>\n\t<meta name=\"twitter:data1\" content=\"2 perc\" \/>\n<script type=\"application\/ld+json\" class=\"yoast-schema-graph\">{\"@context\":\"https:\\\/\\\/schema.org\",\"@graph\":[{\"@type\":\"WebPage\",\"@id\":\"https:\\\/\\\/hu.f-chain.com\\\/hu\\\/employer-of-record\\\/\",\"url\":\"https:\\\/\\\/hu.f-chain.com\\\/hu\\\/employer-of-record\\\/\",\"name\":\"Bejegyzett Munkaad\u00f3 (EOR) Magyarorsz\u00e1gon\",\"isPartOf\":{\"@id\":\"https:\\\/\\\/hu.f-chain.com\\\/#website\"},\"datePublished\":\"2025-05-26T02:40:52+00:00\",\"dateModified\":\"2025-08-29T01:58:30+00:00\",\"description\":\"FCHAIN offers comprehensive Employer of Record (EOR) services in Hungary, handling payroll, compliance, and HR administration so you can expand effortlessly.\",\"breadcrumb\":{\"@id\":\"https:\\\/\\\/hu.f-chain.com\\\/hu\\\/employer-of-record\\\/#breadcrumb\"},\"inLanguage\":\"hu\",\"potentialAction\":[{\"@type\":\"ReadAction\",\"target\":[\"https:\\\/\\\/hu.f-chain.com\\\/hu\\\/employer-of-record\\\/\"]}]},{\"@type\":\"BreadcrumbList\",\"@id\":\"https:\\\/\\\/hu.f-chain.com\\\/hu\\\/employer-of-record\\\/#breadcrumb\",\"itemListElement\":[{\"@type\":\"ListItem\",\"position\":1,\"name\":\"Home\",\"item\":\"https:\\\/\\\/hu.f-chain.com\\\/hu\\\/\"},{\"@type\":\"ListItem\",\"position\":2,\"name\":\"Employer of Record (EOR)\"}]},{\"@type\":\"WebSite\",\"@id\":\"https:\\\/\\\/hu.f-chain.com\\\/#website\",\"url\":\"https:\\\/\\\/hu.f-chain.com\\\/\",\"name\":\"Fchain\",\"description\":\"\",\"potentialAction\":[{\"@type\":\"SearchAction\",\"target\":{\"@type\":\"EntryPoint\",\"urlTemplate\":\"https:\\\/\\\/hu.f-chain.com\\\/?s={search_term_string}\"},\"query-input\":{\"@type\":\"PropertyValueSpecification\",\"valueRequired\":true,\"valueName\":\"search_term_string\"}}],\"inLanguage\":\"hu\"}]}<\/script>\n<!-- \/ Yoast SEO plugin. -->","yoast_head_json":{"title":"Bejegyzett Munkaad\u00f3 (EOR) Magyarorsz\u00e1gon","description":"FCHAIN offers comprehensive Employer of Record (EOR) services in Hungary, handling payroll, compliance, and HR administration so you can expand effortlessly.","robots":{"index":"index","follow":"follow","max-snippet":"max-snippet:-1","max-image-preview":"max-image-preview:large","max-video-preview":"max-video-preview:-1"},"canonical":"https:\/\/hu.f-chain.com\/hu\/employer-of-record\/","og_locale":"hu_HU","og_type":"article","og_title":"Bejegyzett Munkaad\u00f3 (EOR) Magyarorsz\u00e1gon","og_description":"FCHAIN offers comprehensive Employer of Record (EOR) services in Hungary, handling payroll, compliance, and HR administration so you can expand effortlessly.","og_url":"https:\/\/hu.f-chain.com\/hu\/employer-of-record\/","og_site_name":"Fchain","article_modified_time":"2025-08-29T01:58:30+00:00","twitter_card":"summary_large_image","twitter_misc":{"Becs\u00fclt olvas\u00e1si id\u0151":"2 perc"},"schema":{"@context":"https:\/\/schema.org","@graph":[{"@type":"WebPage","@id":"https:\/\/hu.f-chain.com\/hu\/employer-of-record\/","url":"https:\/\/hu.f-chain.com\/hu\/employer-of-record\/","name":"Bejegyzett Munkaad\u00f3 (EOR) Magyarorsz\u00e1gon","isPartOf":{"@id":"https:\/\/hu.f-chain.com\/#website"},"datePublished":"2025-05-26T02:40:52+00:00","dateModified":"2025-08-29T01:58:30+00:00","description":"FCHAIN offers comprehensive Employer of Record (EOR) services in Hungary, handling payroll, compliance, and HR administration so you can expand effortlessly.","breadcrumb":{"@id":"https:\/\/hu.f-chain.com\/hu\/employer-of-record\/#breadcrumb"},"inLanguage":"hu","potentialAction":[{"@type":"ReadAction","target":["https:\/\/hu.f-chain.com\/hu\/employer-of-record\/"]}]},{"@type":"BreadcrumbList","@id":"https:\/\/hu.f-chain.com\/hu\/employer-of-record\/#breadcrumb","itemListElement":[{"@type":"ListItem","position":1,"name":"Home","item":"https:\/\/hu.f-chain.com\/hu\/"},{"@type":"ListItem","position":2,"name":"Employer of Record (EOR)"}]},{"@type":"WebSite","@id":"https:\/\/hu.f-chain.com\/#website","url":"https:\/\/hu.f-chain.com\/","name":"Fchain","description":"","potentialAction":[{"@type":"SearchAction","target":{"@type":"EntryPoint","urlTemplate":"https:\/\/hu.f-chain.com\/?s={search_term_string}"},"query-input":{"@type":"PropertyValueSpecification","valueRequired":true,"valueName":"search_term_string"}}],"inLanguage":"hu"}]}},"_links":{"self":[{"href":"https:\/\/hu.f-chain.com\/hu\/wp-json\/wp\/v2\/pages\/9471","targetHints":{"allow":["GET"]}}],"collection":[{"href":"https:\/\/hu.f-chain.com\/hu\/wp-json\/wp\/v2\/pages"}],"about":[{"href":"https:\/\/hu.f-chain.com\/hu\/wp-json\/wp\/v2\/types\/page"}],"author":[{"embeddable":true,"href":"https:\/\/hu.f-chain.com\/hu\/wp-json\/wp\/v2\/users\/2"}],"replies":[{"embeddable":true,"href":"https:\/\/hu.f-chain.com\/hu\/wp-json\/wp\/v2\/comments?post=9471"}],"version-history":[{"count":4,"href":"https:\/\/hu.f-chain.com\/hu\/wp-json\/wp\/v2\/pages\/9471\/revisions"}],"predecessor-version":[{"id":9656,"href":"https:\/\/hu.f-chain.com\/hu\/wp-json\/wp\/v2\/pages\/9471\/revisions\/9656"}],"wp:attachment":[{"href":"https:\/\/hu.f-chain.com\/hu\/wp-json\/wp\/v2\/media?parent=9471"}],"curies":[{"name":"wp","href":"https:\/\/api.w.org\/{rel}","templated":true}]}}