{"id":9467,"date":"2025-05-26T05:25:49","date_gmt":"2025-05-26T02:25:49","guid":{"rendered":"https:\/\/hu.f-chain.com\/?page_id=9467"},"modified":"2025-05-26T05:25:49","modified_gmt":"2025-05-26T02:25:49","slug":"megbizhato-outsourcing-es-outstaffing-szolgaltatasok","status":"publish","type":"page","link":"https:\/\/hu.f-chain.com\/hu\/megbizhato-outsourcing-es-outstaffing-szolgaltatasok\/","title":{"rendered":"Megb\u00edzhat\u00f3 outsourcing \u00e9s outstaffing szolg\u00e1ltat\u00e1sok"},"content":{"rendered":"<div class=\"wpb-content-wrapper\"><p>[vc_row css_animation=&#8221;fadeInUp&#8221;][vc_column][vc_column_text css_animation=&#8221;fadeInDown&#8221;]<\/p>\n<h2>Megb\u00edzhat\u00f3 outsourcing \u00e9s outstaffing szolg\u00e1ltat\u00e1sok Magyarorsz\u00e1gon<\/h2>\n<p><span style=\"font-weight: 400;\">Napjaink gyorsan v\u00e1ltoz\u00f3 \u00fczleti vil\u00e1g\u00e1ban a v\u00e1llalatok folyamatosan keresik a m\u00f3dj\u00e1t annak, hogyan optimaliz\u00e1lhatj\u00e1k m\u0171k\u00f6d\u00e9s\u00fcket, cs\u00f6kkenthetik k\u00f6lts\u00e9geiket, \u00e9s hogyan juthatnak k\u00e9pzett munkaer\u0151h\u00f6z. \u00c9ppen ez\u00e9rt a magyar v\u00e1llalatok sz\u00e1m\u00e1ra a kiszervez\u00e9s <\/span><b>szolg\u00e1ltat\u00e1sok<\/b><span style=\"font-weight: 400;\"> \u00e9s <\/span><b>munkaer\u0151-k\u00f6lcs\u00f6nz\u00e9s<\/b><span style=\"font-weight: 400;\"> relev\u00e1ns. C\u00e9g\u00fcnkn\u00e9l lehet jelentkezni ezekre a szolg\u00e1ltat\u00e1sokra.<\/span>[\/vc_column_text][\/vc_column][\/vc_row][vc_row content_placement=&#8221;middle&#8221; css_animation=&#8221;fadeInUp&#8221;][vc_column width=&#8221;1\/2&#8243;][vc_column_text css_animation=&#8221;fadeInLeft&#8221;]<\/p>\n<h2>Mi\u00e9rt v\u00e1lassza az FCHAIN outsourcing \u00e9s outstaffing szolg\u00e1ltat\u00e1sait?<\/h2>\n<p><span style=\"font-weight: 400;\">Az FCHAIN megb\u00edzhat\u00f3 partner Magyarorsz\u00e1gon, amely az \u00d6n egyedi ig\u00e9nyeihez igazod\u00f3 szolg\u00e1ltat\u00e1sok sz\u00e9les sk\u00e1l\u00e1j\u00e1t k\u00edn\u00e1lja. Tapasztalt szakemberekb\u0151l \u00e1ll\u00f3 csapatunk k\u00e9szs\u00e9ggel \u00e1ll rendelkez\u00e9sre:<\/span><\/p>\n<ul>\n<li style=\"font-weight: 400;\" aria-level=\"1\"><span style=\"font-weight: 400;\">szem\u00e9lyre szabott megk\u00f6zel\u00edt\u00e9s minden \u00fcgyf\u00e9lhez \u00e9s egyedi ig\u00e9nyeikhez;<\/span><\/li>\n<li style=\"font-weight: 400;\" aria-level=\"1\"><span style=\"font-weight: 400;\">versenyk\u00e9pes \u00e1rk\u00e9pz\u00e9s a k\u00f6lts\u00e9gek cs\u00f6kkent\u00e9se \u00e9s a megt\u00e9r\u00fcl\u00e9s maximaliz\u00e1l\u00e1sa \u00e9rdek\u00e9ben;<\/span><\/li>\n<li style=\"font-weight: 400;\" aria-level=\"1\"><span style=\"font-weight: 400;\">\u00e1tl\u00e1that\u00f3s\u00e1g \u00e9s megb\u00edzhat\u00f3s\u00e1g a teljes folyamat sor\u00e1n.<\/span><\/li>\n<\/ul>\n<p><span style=\"font-weight: 400;\">Ezek a t\u00e9nyez\u0151k seg\u00edtenek \u00d6nnek el\u00e9rni \u00fczleti c\u00e9ljait <\/span><b>offshore outsourcing<\/b><span style=\"font-weight: 400;\"> \u00e9s m\u00e1s k\u00e9rd\u00e9sekben.<\/span><\/p>\n<h3>K\u00f6lts\u00e9ghat\u00e9kony \u00fczleti megold\u00e1sok<\/h3>\n<p><span style=\"font-weight: 400;\">A magyarorsz\u00e1gi kiszervez\u00e9s \u00e9s munkaer\u0151-k\u00f6lcs\u00f6nz\u00e9s lehet\u0151v\u00e9 teszi a v\u00e1llalatok sz\u00e1m\u00e1ra, hogy jelent\u0151sen cs\u00f6kkents\u00e9k a munkaer\u0151, az infrastrukt\u00fara \u00e9s egy\u00e9b \u00e1ltal\u00e1nos k\u00f6lts\u00e9geket. Ha versenyk\u00e9pes \u00e1ron juthat hozz\u00e1 szakk\u00e9pzett munkaer\u0151h\u00f6z, optimaliz\u00e1lhatja m\u0171k\u00f6d\u00e9si k\u00f6lts\u00e9geit \u00e9s n\u00f6velheti j\u00f6vedelmez\u0151s\u00e9g\u00e9t.<\/span>[\/vc_column_text][\/vc_column][vc_column width=&#8221;1\/2&#8243;][vc_single_image image=&#8221;545&#8243; img_size=&#8221;full&#8221;][\/vc_column][\/vc_row][vc_row content_placement=&#8221;middle&#8221; css_animation=&#8221;fadeInUp&#8221;][vc_column width=&#8221;1\/2&#8243;][vc_single_image image=&#8221;5190&#8243; img_size=&#8221;full&#8221;][\/vc_column][vc_column width=&#8221;1\/2&#8243;][vc_column_text css_animation=&#8221;fadeInRight&#8221;]<\/p>\n<h2>Az \u00fczleti folyamatok kiszervez\u00e9s\u00e9nek el\u0151nyei<\/h2>\n<p><span style=\"font-weight: 400;\">Az \u00fczleti folyamatok kiszervez\u00e9se lehet\u0151v\u00e9 teszi a v\u00e1llalatok sz\u00e1m\u00e1ra, hogy a nem alapvet\u0151 feladatokat harmadik f\u00e9l szolg\u00e1ltat\u00f3knak adj\u00e1k ki. Emellett <\/span><b>a kiszervez\u00e9si szolg\u00e1ltat\u00e1sok<\/b><span style=\"font-weight: 400;\"> seg\u00edtenek a szervezeteknek abban, hogy az alaptev\u00e9kenys\u00e9g\u00fckre \u00f6sszpontos\u00edthassanak. Az FCHAIN olyan szolg\u00e1ltat\u00e1sokat ny\u00fajt, mint a p\u00e9nz\u00fcgyi k\u00f6nyvel\u00e9s, adatfeldolgoz\u00e1s \u00e9s m\u00e1s.<\/span><\/p>\n<h3>B\u00e9rsz\u00e1mfejt\u00e9s kiszervez\u00e9se v\u00e1llalkoz\u00e1sok sz\u00e1m\u00e1ra<\/h3>\n<p><span style=\"font-weight: 400;\">A b\u00e9rsz\u00e1mfejt\u00e9s \u00f6sszetett \u00e9s id\u0151ig\u00e9nyes folyamat. Megrendelhet egy szolg\u00e1ltat\u00e1st <\/span><b>toborz\u00e1si folyamatok kiszervez\u00e9se Magyarorsz\u00e1gon<\/b><span style=\"font-weight: 400;\">, mivel ez a helyi t\u00f6rv\u00e9nyek \u00e9s el\u0151\u00edr\u00e1sok alapos ismeret\u00e9t ig\u00e9nyli. A helyes b\u00e9rsz\u00e1mfejt\u00e9s biztos\u00edtja, hogy minden alkalmazott pontosan \u00e9s id\u0151ben kapja meg a fizet\u00e9s\u00e9t. A kiszervez\u00e9si <\/span><b>szolg\u00e1ltat\u00e1sok ny\u00fajt\u00e1sa<\/b><span style=\"font-weight: 400;\"> sor\u00e1n minden vonatkoz\u00f3 k\u00f6vetelm\u00e9nyt betartunk ebben a folyamatban.<\/span>[\/vc_column_text][\/vc_column][\/vc_row][vc_row content_placement=&#8221;middle&#8221; css_animation=&#8221;fadeInUp&#8221;][vc_column width=&#8221;1\/2&#8243;][vc_column_text css_animation=&#8221;fadeInLeft&#8221;]<\/p>\n<h2>Hogyan seg\u00edt a l\u00e9tsz\u00e1mfeloszt\u00e1s a v\u00e1llalatok gyorsabb sk\u00e1l\u00e1z\u00f3d\u00e1sban?<\/h2>\n<p><span style=\"font-weight: 400;\">A munkaer\u0151-k\u00f6lcs\u00f6nz\u00e9s rugalmas megold\u00e1s, amely lehet\u0151v\u00e9 teszi a v\u00e1llalatok sz\u00e1m\u00e1ra a munkaer\u0151k\u00f6lts\u00e9gek gyors n\u00f6vel\u00e9s\u00e9t vagy cs\u00f6kkent\u00e9s\u00e9t. Ez a v\u00e1ltoz\u00f3 \u00fczleti ig\u00e9nyekre reag\u00e1lva t\u00f6rt\u00e9nik. Az FCHAIN magasan k\u00e9pzett szakemberekb\u0151l \u00e1ll\u00f3 csapata olyan <\/span><b>outstaffing szolg\u00e1ltat\u00e1sokat<\/b><span style=\"font-weight: 400;\"> k\u00edn\u00e1l, amelyek minden m\u00e9ret\u0171 v\u00e1llalat sz\u00e1m\u00e1ra relev\u00e1nsak lesznek. Csapatunkban informatikusok, m\u00e9rn\u00f6k\u00f6k, marketing szakemberek vannak &#8211; \u00e9s mindenki magas szinten ismeri az \u00fczletet.<\/span><\/p>\n<h3>HR \u00e9s b\u00e9rsz\u00e1mfejt\u00e9s nemzetk\u00f6zi v\u00e1llalatok sz\u00e1m\u00e1ra<\/h3>\n<p><span style=\"font-weight: 400;\">A HR-szakemberek szem\u00e9lyzeti \u00e1llom\u00e1ny\u00e1nak b\u0151v\u00edt\u00e9se nem egyszer\u0171 vagy gyors folyamat. A nemzetk\u00f6zi c\u00e9gek a HR-kihelyez\u00e9ssel \u00e9s <\/span><b>b\u00e9rsz\u00e1mfejt\u00e9ssel<\/b><span style=\"font-weight: 400;\"> biztos\u00edthatj\u00e1k a helyi t\u00f6rv\u00e9nyeknek \u00e9s szab\u00e1lyoz\u00e1soknak val\u00f3 megfelel\u00e9st, \u00e9s optimaliz\u00e1lhatj\u00e1k p\u00e9nz\u00fcgyi m\u0171veleteiket. A t\u00e1vfelv\u00e9tel is k\u00e9nyelmes, mint p\u00e9ld\u00e1ul <\/span><b>t\u00e1voli csapatir\u00e1ny\u00edt\u00e1s Budapest<\/b><span style=\"font-weight: 400;\">, mivel minden folyamat k\u00f6nnyen nyomon k\u00f6vethet\u0151.<\/span><\/p>\n<p><span style=\"font-weight: 400;\">Az FCHAIN megb\u00edzhat\u00f3 \u00e9s tapasztalt partner Magyarorsz\u00e1gon, amely k\u00f6lts\u00e9ghat\u00e9kony kiszervez\u00e9si \u00e9s outstaffing szolg\u00e1ltat\u00e1sokat k\u00edn\u00e1l. Vegye fel a kapcsolatot a c\u00e9ggel m\u00e9g ma, hogy t\u00f6bbet megtudjon arr\u00f3l, hogyan \u00e9rheti el \u00fczleti c\u00e9ljait.<\/span>[\/vc_column_text][\/vc_column][vc_column width=&#8221;1\/2&#8243;][vc_single_image image=&#8221;1163&#8243; img_size=&#8221;full&#8221;][\/vc_column][\/vc_row]<\/p>\n<\/div>","protected":false},"excerpt":{"rendered":"<p>[vc_row css_animation=&#8221;fadeInUp&#8221;][vc_column][vc_column_text css_animation=&#8221;fadeInDown&#8221;] Megb\u00edzhat\u00f3 outsourcing \u00e9s outstaffing szolg\u00e1ltat\u00e1sok Magyarorsz\u00e1gon Napjaink gyorsan v\u00e1ltoz\u00f3 \u00fczleti vil\u00e1g\u00e1ban a v\u00e1llalatok folyamatosan keresik a m\u00f3dj\u00e1t annak, hogyan optimaliz\u00e1lhatj\u00e1k m\u0171k\u00f6d\u00e9s\u00fcket, cs\u00f6kkenthetik k\u00f6lts\u00e9geiket, \u00e9s hogyan juthatnak k\u00e9pzett munkaer\u0151h\u00f6z. \u00c9ppen ez\u00e9rt a magyar v\u00e1llalatok sz\u00e1m\u00e1ra a kiszervez\u00e9s szolg\u00e1ltat\u00e1sok \u00e9s munkaer\u0151-k\u00f6lcs\u00f6nz\u00e9s relev\u00e1ns. C\u00e9g\u00fcnkn\u00e9l lehet jelentkezni ezekre a szolg\u00e1ltat\u00e1sokra.[\/vc_column_text][\/vc_column][\/vc_row][vc_row content_placement=&#8221;middle&#8221; css_animation=&#8221;fadeInUp&#8221;][vc_column width=&#8221;1\/2&#8243;][vc_column_text css_animation=&#8221;fadeInLeft&#8221;] Mi\u00e9rt v\u00e1lassza<\/p>\n","protected":false},"author":2,"featured_media":0,"parent":0,"menu_order":0,"comment_status":"closed","ping_status":"closed","template":"","meta":{"_acf_changed":false,"footnotes":""},"class_list":["post-9467","page","type-page","status-publish","hentry"],"acf":[],"yoast_head":"<!-- This site is optimized with the Yoast SEO plugin v27.3 - https:\/\/yoast.com\/product\/yoast-seo-wordpress\/ -->\n<title>Megb\u00edzhat\u00f3 outsourcing \u00e9s outstaffing szolg\u00e1ltat\u00e1sok - Fchain<\/title>\n<meta name=\"description\" content=\"Outsourcing \u00e9s outstaffing Magyarorsz\u00e1gon a v\u00e1llalkoz\u00e1s k\u00f6lts\u00e9geinek \u00e9s k\u00f6nyvel\u00e9s\u00e9nek optimaliz\u00e1l\u00e1s\u00e1hoz. Outsourcing szolg\u00e1ltat\u00e1sok T\u00f6r\u00f6korsz\u00e1gban, p\u00e9ld\u00e1ul alkalmazottak kiszervez\u00e9se, munkaer\u0151-kihelyez\u00e9s, alkalmazottak stb.\" \/>\n<meta name=\"robots\" content=\"index, follow, max-snippet:-1, max-image-preview:large, max-video-preview:-1\" \/>\n<link rel=\"canonical\" href=\"https:\/\/hu.f-chain.com\/hu\/megbizhato-outsourcing-es-outstaffing-szolgaltatasok\/\" \/>\n<meta property=\"og:locale\" content=\"hu_HU\" \/>\n<meta property=\"og:type\" content=\"article\" \/>\n<meta property=\"og:title\" content=\"Megb\u00edzhat\u00f3 outsourcing \u00e9s outstaffing szolg\u00e1ltat\u00e1sok - Fchain\" \/>\n<meta property=\"og:description\" content=\"Outsourcing \u00e9s outstaffing Magyarorsz\u00e1gon a v\u00e1llalkoz\u00e1s k\u00f6lts\u00e9geinek \u00e9s k\u00f6nyvel\u00e9s\u00e9nek optimaliz\u00e1l\u00e1s\u00e1hoz. Outsourcing szolg\u00e1ltat\u00e1sok T\u00f6r\u00f6korsz\u00e1gban, p\u00e9ld\u00e1ul alkalmazottak kiszervez\u00e9se, munkaer\u0151-kihelyez\u00e9s, alkalmazottak stb.\" \/>\n<meta property=\"og:url\" content=\"https:\/\/hu.f-chain.com\/hu\/megbizhato-outsourcing-es-outstaffing-szolgaltatasok\/\" \/>\n<meta property=\"og:site_name\" content=\"Fchain\" \/>\n<meta name=\"twitter:card\" content=\"summary_large_image\" \/>\n<meta name=\"twitter:label1\" content=\"Becs\u00fclt olvas\u00e1si id\u0151\" \/>\n\t<meta name=\"twitter:data1\" content=\"3 perc\" \/>\n<script type=\"application\/ld+json\" class=\"yoast-schema-graph\">{\"@context\":\"https:\\\/\\\/schema.org\",\"@graph\":[{\"@type\":\"WebPage\",\"@id\":\"https:\\\/\\\/hu.f-chain.com\\\/hu\\\/megbizhato-outsourcing-es-outstaffing-szolgaltatasok\\\/\",\"url\":\"https:\\\/\\\/hu.f-chain.com\\\/hu\\\/megbizhato-outsourcing-es-outstaffing-szolgaltatasok\\\/\",\"name\":\"Megb\u00edzhat\u00f3 outsourcing \u00e9s outstaffing szolg\u00e1ltat\u00e1sok - Fchain\",\"isPartOf\":{\"@id\":\"https:\\\/\\\/hu.f-chain.com\\\/#website\"},\"datePublished\":\"2025-05-26T02:25:49+00:00\",\"description\":\"Outsourcing \u00e9s outstaffing Magyarorsz\u00e1gon a v\u00e1llalkoz\u00e1s k\u00f6lts\u00e9geinek \u00e9s k\u00f6nyvel\u00e9s\u00e9nek optimaliz\u00e1l\u00e1s\u00e1hoz. Outsourcing szolg\u00e1ltat\u00e1sok T\u00f6r\u00f6korsz\u00e1gban, p\u00e9ld\u00e1ul alkalmazottak kiszervez\u00e9se, munkaer\u0151-kihelyez\u00e9s, alkalmazottak stb.\",\"breadcrumb\":{\"@id\":\"https:\\\/\\\/hu.f-chain.com\\\/hu\\\/megbizhato-outsourcing-es-outstaffing-szolgaltatasok\\\/#breadcrumb\"},\"inLanguage\":\"hu\",\"potentialAction\":[{\"@type\":\"ReadAction\",\"target\":[\"https:\\\/\\\/hu.f-chain.com\\\/hu\\\/megbizhato-outsourcing-es-outstaffing-szolgaltatasok\\\/\"]}]},{\"@type\":\"BreadcrumbList\",\"@id\":\"https:\\\/\\\/hu.f-chain.com\\\/hu\\\/megbizhato-outsourcing-es-outstaffing-szolgaltatasok\\\/#breadcrumb\",\"itemListElement\":[{\"@type\":\"ListItem\",\"position\":1,\"name\":\"Home\",\"item\":\"https:\\\/\\\/hu.f-chain.com\\\/hu\\\/\"},{\"@type\":\"ListItem\",\"position\":2,\"name\":\"Megb\u00edzhat\u00f3 outsourcing \u00e9s outstaffing szolg\u00e1ltat\u00e1sok\"}]},{\"@type\":\"WebSite\",\"@id\":\"https:\\\/\\\/hu.f-chain.com\\\/#website\",\"url\":\"https:\\\/\\\/hu.f-chain.com\\\/\",\"name\":\"Fchain\",\"description\":\"\",\"potentialAction\":[{\"@type\":\"SearchAction\",\"target\":{\"@type\":\"EntryPoint\",\"urlTemplate\":\"https:\\\/\\\/hu.f-chain.com\\\/?s={search_term_string}\"},\"query-input\":{\"@type\":\"PropertyValueSpecification\",\"valueRequired\":true,\"valueName\":\"search_term_string\"}}],\"inLanguage\":\"hu\"}]}<\/script>\n<!-- \/ Yoast SEO plugin. -->","yoast_head_json":{"title":"Megb\u00edzhat\u00f3 outsourcing \u00e9s outstaffing szolg\u00e1ltat\u00e1sok - Fchain","description":"Outsourcing \u00e9s outstaffing Magyarorsz\u00e1gon a v\u00e1llalkoz\u00e1s k\u00f6lts\u00e9geinek \u00e9s k\u00f6nyvel\u00e9s\u00e9nek optimaliz\u00e1l\u00e1s\u00e1hoz. Outsourcing szolg\u00e1ltat\u00e1sok T\u00f6r\u00f6korsz\u00e1gban, p\u00e9ld\u00e1ul alkalmazottak kiszervez\u00e9se, munkaer\u0151-kihelyez\u00e9s, alkalmazottak stb.","robots":{"index":"index","follow":"follow","max-snippet":"max-snippet:-1","max-image-preview":"max-image-preview:large","max-video-preview":"max-video-preview:-1"},"canonical":"https:\/\/hu.f-chain.com\/hu\/megbizhato-outsourcing-es-outstaffing-szolgaltatasok\/","og_locale":"hu_HU","og_type":"article","og_title":"Megb\u00edzhat\u00f3 outsourcing \u00e9s outstaffing szolg\u00e1ltat\u00e1sok - Fchain","og_description":"Outsourcing \u00e9s outstaffing Magyarorsz\u00e1gon a v\u00e1llalkoz\u00e1s k\u00f6lts\u00e9geinek \u00e9s k\u00f6nyvel\u00e9s\u00e9nek optimaliz\u00e1l\u00e1s\u00e1hoz. Outsourcing szolg\u00e1ltat\u00e1sok T\u00f6r\u00f6korsz\u00e1gban, p\u00e9ld\u00e1ul alkalmazottak kiszervez\u00e9se, munkaer\u0151-kihelyez\u00e9s, alkalmazottak stb.","og_url":"https:\/\/hu.f-chain.com\/hu\/megbizhato-outsourcing-es-outstaffing-szolgaltatasok\/","og_site_name":"Fchain","twitter_card":"summary_large_image","twitter_misc":{"Becs\u00fclt olvas\u00e1si id\u0151":"3 perc"},"schema":{"@context":"https:\/\/schema.org","@graph":[{"@type":"WebPage","@id":"https:\/\/hu.f-chain.com\/hu\/megbizhato-outsourcing-es-outstaffing-szolgaltatasok\/","url":"https:\/\/hu.f-chain.com\/hu\/megbizhato-outsourcing-es-outstaffing-szolgaltatasok\/","name":"Megb\u00edzhat\u00f3 outsourcing \u00e9s outstaffing szolg\u00e1ltat\u00e1sok - Fchain","isPartOf":{"@id":"https:\/\/hu.f-chain.com\/#website"},"datePublished":"2025-05-26T02:25:49+00:00","description":"Outsourcing \u00e9s outstaffing Magyarorsz\u00e1gon a v\u00e1llalkoz\u00e1s k\u00f6lts\u00e9geinek \u00e9s k\u00f6nyvel\u00e9s\u00e9nek optimaliz\u00e1l\u00e1s\u00e1hoz. Outsourcing szolg\u00e1ltat\u00e1sok T\u00f6r\u00f6korsz\u00e1gban, p\u00e9ld\u00e1ul alkalmazottak kiszervez\u00e9se, munkaer\u0151-kihelyez\u00e9s, alkalmazottak stb.","breadcrumb":{"@id":"https:\/\/hu.f-chain.com\/hu\/megbizhato-outsourcing-es-outstaffing-szolgaltatasok\/#breadcrumb"},"inLanguage":"hu","potentialAction":[{"@type":"ReadAction","target":["https:\/\/hu.f-chain.com\/hu\/megbizhato-outsourcing-es-outstaffing-szolgaltatasok\/"]}]},{"@type":"BreadcrumbList","@id":"https:\/\/hu.f-chain.com\/hu\/megbizhato-outsourcing-es-outstaffing-szolgaltatasok\/#breadcrumb","itemListElement":[{"@type":"ListItem","position":1,"name":"Home","item":"https:\/\/hu.f-chain.com\/hu\/"},{"@type":"ListItem","position":2,"name":"Megb\u00edzhat\u00f3 outsourcing \u00e9s outstaffing szolg\u00e1ltat\u00e1sok"}]},{"@type":"WebSite","@id":"https:\/\/hu.f-chain.com\/#website","url":"https:\/\/hu.f-chain.com\/","name":"Fchain","description":"","potentialAction":[{"@type":"SearchAction","target":{"@type":"EntryPoint","urlTemplate":"https:\/\/hu.f-chain.com\/?s={search_term_string}"},"query-input":{"@type":"PropertyValueSpecification","valueRequired":true,"valueName":"search_term_string"}}],"inLanguage":"hu"}]}},"_links":{"self":[{"href":"https:\/\/hu.f-chain.com\/hu\/wp-json\/wp\/v2\/pages\/9467","targetHints":{"allow":["GET"]}}],"collection":[{"href":"https:\/\/hu.f-chain.com\/hu\/wp-json\/wp\/v2\/pages"}],"about":[{"href":"https:\/\/hu.f-chain.com\/hu\/wp-json\/wp\/v2\/types\/page"}],"author":[{"embeddable":true,"href":"https:\/\/hu.f-chain.com\/hu\/wp-json\/wp\/v2\/users\/2"}],"replies":[{"embeddable":true,"href":"https:\/\/hu.f-chain.com\/hu\/wp-json\/wp\/v2\/comments?post=9467"}],"version-history":[{"count":1,"href":"https:\/\/hu.f-chain.com\/hu\/wp-json\/wp\/v2\/pages\/9467\/revisions"}],"predecessor-version":[{"id":9470,"href":"https:\/\/hu.f-chain.com\/hu\/wp-json\/wp\/v2\/pages\/9467\/revisions\/9470"}],"wp:attachment":[{"href":"https:\/\/hu.f-chain.com\/hu\/wp-json\/wp\/v2\/media?parent=9467"}],"curies":[{"name":"wp","href":"https:\/\/api.w.org\/{rel}","templated":true}]}}