{"id":9461,"date":"2025-05-26T05:19:28","date_gmt":"2025-05-26T02:19:28","guid":{"rendered":"https:\/\/hu.f-chain.com\/?page_id=9461"},"modified":"2025-05-26T05:19:28","modified_gmt":"2025-05-26T02:19:28","slug":"nemzetkozi-vedjegybejegyzes","status":"publish","type":"page","link":"https:\/\/hu.f-chain.com\/hu\/nemzetkozi-vedjegybejegyzes\/","title":{"rendered":"Nemzetk\u00f6zi v\u00e9djegybejegyz\u00e9s"},"content":{"rendered":"<div class=\"wpb-content-wrapper\"><p>[vc_row css_animation=&#8221;fadeInUp&#8221;][vc_column][vc_column_text css_animation=&#8221;slideInDown&#8221;]<\/p>\n<h2>Nemzetk\u00f6zi v\u00e9djegybejegyz\u00e9s<\/h2>\n<p><span style=\"font-weight: 400;\">A m\u00e1rka v\u00e9delme fontos az \u00fczleti sikerhez. <\/span><b>A nemzetk\u00f6zi v\u00e9djegybejegyz\u00e9s lehet\u0151v\u00e9<\/b><span style=\"font-weight: 400;\"> teszi, hogy a v\u00e9djegyek t\u00f6bb orsz\u00e1gban is oltalmat \u00e9lvezzenek. A <\/span><b>nemzetk\u00f6zi v\u00e9djegybejegyz\u00e9s<\/b><span style=\"font-weight: 400;\"> folyamata felk\u00e9sz\u00fclts\u00e9get \u00e9s ismereteket ig\u00e9nyel. A magyar c\u00e9gek egyre ink\u00e1bb a nemzetk\u00f6zi oltalom mellett d\u00f6ntenek, hogy er\u0151s\u00edts\u00e9k poz\u00edci\u00f3jukat a glob\u00e1lis piacon, \u00e9s gyakran k\u00fclf\u00f6ld\u00f6n keresnek oltalmat.<\/span>[\/vc_column_text][\/vc_column][\/vc_row][vc_row content_placement=&#8221;middle&#8221; css_animation=&#8221;fadeInUp&#8221;][vc_column width=&#8221;1\/2&#8243;][vc_column_text css_animation=&#8221;slideInLeft&#8221;]<\/p>\n<h2>Hogyan kell nemzetk\u00f6zi v\u00e9djegyet bejegyeztetni Magyarorsz\u00e1gr\u00f3l?<\/h2>\n<p><span style=\"font-weight: 400;\">A magyar v\u00e1llalkoz\u00f3k a madridi rendszeren kereszt\u00fcl haszn\u00e1lhatj\u00e1k a <\/span><b>nemzetk\u00f6zi v\u00e9djegybejegyz\u00e9st<\/b><span style=\"font-weight: 400;\">. A <\/span><b>madridi rendszer\u0171 v\u00e9djegybejegyz\u00e9s<\/b><span style=\"font-weight: 400;\"> megk\u00f6nny\u00edti a k\u00fcl\u00f6nb\u00f6z\u0151 orsz\u00e1gokban t\u00f6rt\u00e9n\u0151 oltalomig\u00e9nyl\u00e9st. Szak\u00e9rt\u0151ink seg\u00edtenek \u00d6nnek kiv\u00e1lasztani a megfelel\u0151 orsz\u00e1gokat \u00e9s az \u00fczleti c\u00e9ljait szem el\u0151tt tartva elk\u00e9sz\u00edteni a bejelent\u00e9st. Ez id\u0151t \u00e9s er\u0151forr\u00e1sokat takar\u00edt meg v\u00e1llalkoz\u00e1sa sz\u00e1m\u00e1ra. Tan\u00e1csot adunk \u00d6nnek arra vonatkoz\u00f3an is, hogyan ker\u00fclheti el a sz\u00fcks\u00e9gtelen nemzetk\u00f6zi bejegyz\u00e9si k\u00f6lts\u00e9geket.<\/span><\/p>\n<h3>Jogi seg\u00edts\u00e9gny\u00fajt\u00e1s glob\u00e1lis v\u00e9djegybejelent\u00e9sekhez<\/h3>\n<p><span style=\"font-weight: 400;\">A sikerhez elengedhetetlen a jogi t\u00e1mogat\u00e1s. <\/span><b>Glob\u00e1lis v\u00e9djegyoltalom Magyarorsz\u00e1g<\/b><span style=\"font-weight: 400;\"> a tapasztalt tan\u00e1csad\u00f3k kiv\u00e1laszt\u00e1s\u00e1val kezd\u0151dik. <\/span><b>A legjobb v\u00e9djegyjogi irod\u00e1k Budapesten a glob\u00e1lis oltalomhoz<\/b><span style=\"font-weight: 400;\"> v\u00e9gigk\u00eds\u00e9rik \u00d6nt a bejegyz\u00e9s minden szakasz\u00e1n. Csapatunk alapos ismeretekkel rendelkezik a nemzetk\u00f6zi m\u00e1rkaoltalom ter\u00fclet\u00e9n, \u00e9s k\u00e9szen \u00e1ll arra, hogy a legjobb megold\u00e1sokat k\u00edn\u00e1lja.<\/span>[\/vc_column_text][\/vc_column][vc_column width=&#8221;1\/2&#8243;][vc_single_image image=&#8221;5403&#8243; img_size=&#8221;full&#8221; css_animation=&#8221;slideInRight&#8221;][\/vc_column][\/vc_row][vc_row content_placement=&#8221;middle&#8221; css_animation=&#8221;fadeInUp&#8221;][vc_column width=&#8221;1\/2&#8243;][vc_single_image image=&#8221;5405&#8243; img_size=&#8221;full&#8221; css_animation=&#8221;slideInLeft&#8221;][\/vc_column][vc_column width=&#8221;1\/2&#8243;][vc_column_text css_animation=&#8221;fadeInRight&#8221;]<\/p>\n<h2>Vil\u00e1gm\u00e9ret\u0171 m\u00e1rkav\u00e9delem az FCHAIN<\/h2>\n<p><span style=\"font-weight: 400;\">T\u00e1mogat\u00e1st ny\u00fajtunk <\/span><b>nemzetk\u00f6zi v\u00e9djegybejegyz\u00e9s<\/b><span style=\"font-weight: 400;\"> magyar c\u00e9gek sz\u00e1m\u00e1ra. Szolg\u00e1ltat\u00e1saink k\u00f6z\u00e9 tartozik a piacelemz\u00e9s, hogy meghat\u00e1rozzuk, hol a legfontosabb a m\u00e1rkaoltalom az \u00d6n v\u00e1llalkoz\u00e1sa sz\u00e1m\u00e1ra. Szak\u00e9rt\u0151ink figyelembe veszik a piacok saj\u00e1toss\u00e1gait \u00e9s garant\u00e1lj\u00e1k az eredm\u00e9nyeket. Strat\u00e9gi\u00e1kat is k\u00edn\u00e1lunk a megl\u00e9v\u0151 v\u00e9djegyekkel val\u00f3 konfliktusok elker\u00fcl\u00e9s\u00e9re.<\/span><\/p>\n<h3>EU vs. nemzetk\u00f6zi v\u00e9djegybejegyz\u00e9s \u2013 legfontosabb k\u00fcl\u00f6nbs\u00e9gek<\/h3>\n<p><b>Uni\u00f3s v\u00e9djegybejegyz\u00e9s<\/b> <span style=\"font-weight: 400;\">v\u00e9di a m\u00e1rk\u00e1t az EU, de csak annak ter\u00fclet\u00e9re korl\u00e1toz\u00f3dik. <\/span><b>Nemzetk\u00f6zi v\u00e9djegybejegyz\u00e9s <\/b><span style=\"font-weight: 400;\">t\u00f6bb orsz\u00e1gra terjed ki. Fontos, hogy a magyar c\u00e9gek tiszt\u00e1ban legyenek azzal, hogy a k\u00e9t rendszer k\u00f6z\u00f6tti v\u00e1laszt\u00e1s a v\u00e1llalkoz\u00e1suk m\u00e9ret\u00e9t\u0151l \u00e9s terjeszked\u00e9si terveikt\u0151l f\u00fcgg. Mi seg\u00edt\u00fcnk kiv\u00e1lasztani a legjobb lehet\u0151s\u00e9get.<\/span>[\/vc_column_text][\/vc_column][\/vc_row][vc_row content_placement=&#8221;middle&#8221; css_animation=&#8221;fadeInUp&#8221;][vc_column width=&#8221;1\/2&#8243;][vc_column_text css_animation=&#8221;slideInLeft&#8221;]<\/p>\n<h2>V\u00e9djegyoltalom a WIPO \u00e9s a madridi rendszer keret\u00e9ben<\/h2>\n<p><span style=\"font-weight: 400;\">A WIPO kezeli a nemzetk\u00f6zi bejegyz\u00e9st. Egy\u00fctt dolgozunk az \u00fcgyfelekkel, hogy a madridi rendszeren kereszt\u00fcl a lehet\u0151 legegyszer\u0171bb\u00e9 \u00e9s leghat\u00e9konyabb\u00e1 tegy\u00fck a bejelent\u00e9si folyamatot. A magyar c\u00e9gek ezen a rendszeren kereszt\u00fcl hat\u00e9konyan v\u00e9dhetik m\u00e1rk\u00e1ikat.<\/span><\/p>\n<h3>A v\u00e9djegybejelent\u00e9s sor\u00e1n elk\u00f6vetett gyakori hib\u00e1k elker\u00fcl\u00e9se<\/h3>\n<p><span style=\"font-weight: 400;\">A hib\u00e1k elker\u00fcl\u00e9se \u00e9rdek\u00e9ben c\u00e9lszer\u0171 odafigyelni:<\/span><\/p>\n<ul>\n<li style=\"font-weight: 400;\" aria-level=\"1\"><span style=\"font-weight: 400;\">az \u00e1ruk helyes oszt\u00e1lyoz\u00e1sa;<\/span><\/li>\n<li style=\"font-weight: 400;\" aria-level=\"1\"><span style=\"font-weight: 400;\">a v\u00e9djegy egy\u00e9rtelm\u0171 le\u00edr\u00e1sa;<\/span><\/li>\n<li style=\"font-weight: 400;\" aria-level=\"1\"><span style=\"font-weight: 400;\">v\u00e1laszid\u0151.<\/span><\/li>\n<\/ul>\n<p><b>V\u00e9djegybejelent\u00e9s nemzetk\u00f6zi v\u00e1llalkoz\u00e1sok sz\u00e1m\u00e1ra<\/b> <span style=\"font-weight: 400;\">a megb\u00edzhat\u00f3 v\u00e9delem \u00e9rdek\u00e9ben professzion\u00e1lis seg\u00edts\u00e9get ig\u00e9nyel. Forduljon szakemberekhez, \u00e9s elker\u00fclheti a hib\u00e1kat v\u00e9djegye lajstromoz\u00e1sakor.<\/span>[\/vc_column_text][\/vc_column][vc_column width=&#8221;1\/2&#8243;][vc_single_image image=&#8221;5407&#8243; img_size=&#8221;full&#8221; css_animation=&#8221;slideInRight&#8221;][\/vc_column][\/vc_row]<\/p>\n<\/div>","protected":false},"excerpt":{"rendered":"<p>[vc_row css_animation=&#8221;fadeInUp&#8221;][vc_column][vc_column_text css_animation=&#8221;slideInDown&#8221;] Nemzetk\u00f6zi v\u00e9djegybejegyz\u00e9s A m\u00e1rka v\u00e9delme fontos az \u00fczleti sikerhez. A nemzetk\u00f6zi v\u00e9djegybejegyz\u00e9s lehet\u0151v\u00e9 teszi, hogy a v\u00e9djegyek t\u00f6bb orsz\u00e1gban is oltalmat \u00e9lvezzenek. A nemzetk\u00f6zi v\u00e9djegybejegyz\u00e9s folyamata felk\u00e9sz\u00fclts\u00e9get \u00e9s ismereteket ig\u00e9nyel. A magyar c\u00e9gek egyre ink\u00e1bb a nemzetk\u00f6zi oltalom mellett d\u00f6ntenek, hogy er\u0151s\u00edts\u00e9k poz\u00edci\u00f3jukat a glob\u00e1lis piacon, \u00e9s gyakran k\u00fclf\u00f6ld\u00f6n keresnek oltalmat.[\/vc_column_text][\/vc_column][\/vc_row][vc_row content_placement=&#8221;middle&#8221;<\/p>\n","protected":false},"author":2,"featured_media":0,"parent":0,"menu_order":0,"comment_status":"closed","ping_status":"closed","template":"","meta":{"_acf_changed":false,"footnotes":""},"class_list":["post-9461","page","type-page","status-publish","hentry"],"acf":[],"yoast_head":"<!-- This site is optimized with the Yoast SEO plugin v27.3 - https:\/\/yoast.com\/product\/yoast-seo-wordpress\/ -->\n<title>Nemzetk\u00f6zi v\u00e9djegybejegyz\u00e9s - Fchain<\/title>\n<meta name=\"description\" content=\"Nemzetk\u00f6zi v\u00e9djegyregisztr\u00e1ci\u00f3 Magyarorsz\u00e1gon - oltalom t\u00f6bb mint 110 orsz\u00e1gban. Az FChain szakemberei seg\u00edtenek, hogy minden rendben legyen.\" \/>\n<meta name=\"robots\" content=\"index, follow, max-snippet:-1, max-image-preview:large, max-video-preview:-1\" \/>\n<link rel=\"canonical\" href=\"https:\/\/hu.f-chain.com\/hu\/nemzetkozi-vedjegybejegyzes\/\" \/>\n<meta property=\"og:locale\" content=\"hu_HU\" \/>\n<meta property=\"og:type\" content=\"article\" \/>\n<meta property=\"og:title\" content=\"Nemzetk\u00f6zi v\u00e9djegybejegyz\u00e9s - Fchain\" \/>\n<meta property=\"og:description\" content=\"Nemzetk\u00f6zi v\u00e9djegyregisztr\u00e1ci\u00f3 Magyarorsz\u00e1gon - oltalom t\u00f6bb mint 110 orsz\u00e1gban. Az FChain szakemberei seg\u00edtenek, hogy minden rendben legyen.\" \/>\n<meta property=\"og:url\" content=\"https:\/\/hu.f-chain.com\/hu\/nemzetkozi-vedjegybejegyzes\/\" \/>\n<meta property=\"og:site_name\" content=\"Fchain\" \/>\n<meta name=\"twitter:card\" content=\"summary_large_image\" \/>\n<meta name=\"twitter:label1\" content=\"Becs\u00fclt olvas\u00e1si id\u0151\" \/>\n\t<meta name=\"twitter:data1\" content=\"3 perc\" \/>\n<script type=\"application\/ld+json\" class=\"yoast-schema-graph\">{\"@context\":\"https:\\\/\\\/schema.org\",\"@graph\":[{\"@type\":\"WebPage\",\"@id\":\"https:\\\/\\\/hu.f-chain.com\\\/hu\\\/nemzetkozi-vedjegybejegyzes\\\/\",\"url\":\"https:\\\/\\\/hu.f-chain.com\\\/hu\\\/nemzetkozi-vedjegybejegyzes\\\/\",\"name\":\"Nemzetk\u00f6zi v\u00e9djegybejegyz\u00e9s - Fchain\",\"isPartOf\":{\"@id\":\"https:\\\/\\\/hu.f-chain.com\\\/#website\"},\"datePublished\":\"2025-05-26T02:19:28+00:00\",\"description\":\"Nemzetk\u00f6zi v\u00e9djegyregisztr\u00e1ci\u00f3 Magyarorsz\u00e1gon - oltalom t\u00f6bb mint 110 orsz\u00e1gban. Az FChain szakemberei seg\u00edtenek, hogy minden rendben legyen.\",\"breadcrumb\":{\"@id\":\"https:\\\/\\\/hu.f-chain.com\\\/hu\\\/nemzetkozi-vedjegybejegyzes\\\/#breadcrumb\"},\"inLanguage\":\"hu\",\"potentialAction\":[{\"@type\":\"ReadAction\",\"target\":[\"https:\\\/\\\/hu.f-chain.com\\\/hu\\\/nemzetkozi-vedjegybejegyzes\\\/\"]}]},{\"@type\":\"BreadcrumbList\",\"@id\":\"https:\\\/\\\/hu.f-chain.com\\\/hu\\\/nemzetkozi-vedjegybejegyzes\\\/#breadcrumb\",\"itemListElement\":[{\"@type\":\"ListItem\",\"position\":1,\"name\":\"Home\",\"item\":\"https:\\\/\\\/hu.f-chain.com\\\/hu\\\/\"},{\"@type\":\"ListItem\",\"position\":2,\"name\":\"Nemzetk\u00f6zi v\u00e9djegybejegyz\u00e9s\"}]},{\"@type\":\"WebSite\",\"@id\":\"https:\\\/\\\/hu.f-chain.com\\\/#website\",\"url\":\"https:\\\/\\\/hu.f-chain.com\\\/\",\"name\":\"Fchain\",\"description\":\"\",\"potentialAction\":[{\"@type\":\"SearchAction\",\"target\":{\"@type\":\"EntryPoint\",\"urlTemplate\":\"https:\\\/\\\/hu.f-chain.com\\\/?s={search_term_string}\"},\"query-input\":{\"@type\":\"PropertyValueSpecification\",\"valueRequired\":true,\"valueName\":\"search_term_string\"}}],\"inLanguage\":\"hu\"}]}<\/script>\n<!-- \/ Yoast SEO plugin. -->","yoast_head_json":{"title":"Nemzetk\u00f6zi v\u00e9djegybejegyz\u00e9s - Fchain","description":"Nemzetk\u00f6zi v\u00e9djegyregisztr\u00e1ci\u00f3 Magyarorsz\u00e1gon - oltalom t\u00f6bb mint 110 orsz\u00e1gban. Az FChain szakemberei seg\u00edtenek, hogy minden rendben legyen.","robots":{"index":"index","follow":"follow","max-snippet":"max-snippet:-1","max-image-preview":"max-image-preview:large","max-video-preview":"max-video-preview:-1"},"canonical":"https:\/\/hu.f-chain.com\/hu\/nemzetkozi-vedjegybejegyzes\/","og_locale":"hu_HU","og_type":"article","og_title":"Nemzetk\u00f6zi v\u00e9djegybejegyz\u00e9s - Fchain","og_description":"Nemzetk\u00f6zi v\u00e9djegyregisztr\u00e1ci\u00f3 Magyarorsz\u00e1gon - oltalom t\u00f6bb mint 110 orsz\u00e1gban. Az FChain szakemberei seg\u00edtenek, hogy minden rendben legyen.","og_url":"https:\/\/hu.f-chain.com\/hu\/nemzetkozi-vedjegybejegyzes\/","og_site_name":"Fchain","twitter_card":"summary_large_image","twitter_misc":{"Becs\u00fclt olvas\u00e1si id\u0151":"3 perc"},"schema":{"@context":"https:\/\/schema.org","@graph":[{"@type":"WebPage","@id":"https:\/\/hu.f-chain.com\/hu\/nemzetkozi-vedjegybejegyzes\/","url":"https:\/\/hu.f-chain.com\/hu\/nemzetkozi-vedjegybejegyzes\/","name":"Nemzetk\u00f6zi v\u00e9djegybejegyz\u00e9s - Fchain","isPartOf":{"@id":"https:\/\/hu.f-chain.com\/#website"},"datePublished":"2025-05-26T02:19:28+00:00","description":"Nemzetk\u00f6zi v\u00e9djegyregisztr\u00e1ci\u00f3 Magyarorsz\u00e1gon - oltalom t\u00f6bb mint 110 orsz\u00e1gban. Az FChain szakemberei seg\u00edtenek, hogy minden rendben legyen.","breadcrumb":{"@id":"https:\/\/hu.f-chain.com\/hu\/nemzetkozi-vedjegybejegyzes\/#breadcrumb"},"inLanguage":"hu","potentialAction":[{"@type":"ReadAction","target":["https:\/\/hu.f-chain.com\/hu\/nemzetkozi-vedjegybejegyzes\/"]}]},{"@type":"BreadcrumbList","@id":"https:\/\/hu.f-chain.com\/hu\/nemzetkozi-vedjegybejegyzes\/#breadcrumb","itemListElement":[{"@type":"ListItem","position":1,"name":"Home","item":"https:\/\/hu.f-chain.com\/hu\/"},{"@type":"ListItem","position":2,"name":"Nemzetk\u00f6zi v\u00e9djegybejegyz\u00e9s"}]},{"@type":"WebSite","@id":"https:\/\/hu.f-chain.com\/#website","url":"https:\/\/hu.f-chain.com\/","name":"Fchain","description":"","potentialAction":[{"@type":"SearchAction","target":{"@type":"EntryPoint","urlTemplate":"https:\/\/hu.f-chain.com\/?s={search_term_string}"},"query-input":{"@type":"PropertyValueSpecification","valueRequired":true,"valueName":"search_term_string"}}],"inLanguage":"hu"}]}},"_links":{"self":[{"href":"https:\/\/hu.f-chain.com\/hu\/wp-json\/wp\/v2\/pages\/9461","targetHints":{"allow":["GET"]}}],"collection":[{"href":"https:\/\/hu.f-chain.com\/hu\/wp-json\/wp\/v2\/pages"}],"about":[{"href":"https:\/\/hu.f-chain.com\/hu\/wp-json\/wp\/v2\/types\/page"}],"author":[{"embeddable":true,"href":"https:\/\/hu.f-chain.com\/hu\/wp-json\/wp\/v2\/users\/2"}],"replies":[{"embeddable":true,"href":"https:\/\/hu.f-chain.com\/hu\/wp-json\/wp\/v2\/comments?post=9461"}],"version-history":[{"count":1,"href":"https:\/\/hu.f-chain.com\/hu\/wp-json\/wp\/v2\/pages\/9461\/revisions"}],"predecessor-version":[{"id":9466,"href":"https:\/\/hu.f-chain.com\/hu\/wp-json\/wp\/v2\/pages\/9461\/revisions\/9466"}],"wp:attachment":[{"href":"https:\/\/hu.f-chain.com\/hu\/wp-json\/wp\/v2\/media?parent=9461"}],"curies":[{"name":"wp","href":"https:\/\/api.w.org\/{rel}","templated":true}]}}