{"id":9451,"date":"2025-05-26T04:50:04","date_gmt":"2025-05-26T01:50:04","guid":{"rendered":"https:\/\/hu.f-chain.com\/?page_id=9451"},"modified":"2025-05-26T04:50:04","modified_gmt":"2025-05-26T01:50:04","slug":"cegfelszamolasi-szolgaltatasok","status":"publish","type":"page","link":"https:\/\/hu.f-chain.com\/hu\/cegfelszamolasi-szolgaltatasok\/","title":{"rendered":"C\u00e9gfelsz\u00e1mol\u00e1si szolg\u00e1ltat\u00e1sok"},"content":{"rendered":"<div class=\"wpb-content-wrapper\"><p>[vc_row css_animation=&#8221;fadeInUp&#8221;][vc_column][vc_column_text css_animation=&#8221;fadeInDown&#8221;]<\/p>\n<h2>C\u00e9gfelsz\u00e1mol\u00e1si szolg\u00e1ltat\u00e1sok Magyarorsz\u00e1gon<\/h2>\n<p><span style=\"font-weight: 400;\">Egy magyarorsz\u00e1gi c\u00e9g bez\u00e1r\u00e1sa olyan folyamat, amely a r\u00e9szletekre val\u00f3 odafigyel\u00e9st ig\u00e9nyli. A professzion\u00e1lis <\/span><b>c\u00e9gfelsz\u00e1mol\u00e1s<\/b><span style=\"font-weight: 400;\"> lehet\u0151v\u00e9 teszi, hogy felesleges bonyodalmak n\u00e9lk\u00fcl v\u00e9gleges\u00edtse v\u00e1llalkoz\u00e1s\u00e1t. Szak\u00e9rt\u0151i t\u00e1mogat\u00e1st ny\u00fajtunk a kock\u00e1zatokat minimaliz\u00e1lni k\u00edv\u00e1n\u00f3 v\u00e1llalkoz\u00f3knak.<\/span>[\/vc_column_text][\/vc_column][\/vc_row][vc_row content_placement=&#8221;middle&#8221; css_animation=&#8221;fadeInUp&#8221;][vc_column width=&#8221;1\/2&#8243;][vc_column_text css_animation=&#8221;fadeInLeft&#8221;]<\/p>\n<h2>Mi\u00e9rt v\u00e1lassza az FCHAIN c\u00e9gfelsz\u00e1mol\u00e1si szak\u00e9rt\u0151it?<\/h2>\n<p><span style=\"font-weight: 400;\">Az \u00fcgyfelek tapasztalatunk \u00e9s megb\u00edzhat\u00f3s\u00e1gunk miatt \u00e9rt\u00e9kelnek minket. Az FCHAIN <\/span><b>v\u00e1llalati felsz\u00e1mol\u00e1s<\/b><span style=\"font-weight: 400;\"> szolg\u00e1ltat\u00e1sai minden szakaszban nyugalmat \u00e9s bizalmat biztos\u00edtanak. Csapatunk tudja, hogyan kell egy hat\u00e9kony felsz\u00e1mol\u00e1st lefolytatni, \u00e9s minden \u00fcgyf\u00e9l sz\u00e1m\u00e1ra szem\u00e9lyre szabott megold\u00e1sokat k\u00edn\u00e1l. A folyamatot az \u00d6n ig\u00e9nyeihez igaz\u00edtjuk, hogy minden z\u00f6kken\u0151mentesen menjen.<\/span><\/p>\n<h3>A c\u00e9gfelsz\u00e1mol\u00e1si folyamat meg\u00e9rt\u00e9se<\/h3>\n<p><span style=\"font-weight: 400;\">A felsz\u00e1mol\u00e1s t\u00f6bb kulcsfontoss\u00e1g\u00fa l\u00e9p\u00e9st foglal mag\u00e1ban. Megszervezz\u00fck <\/span><b>c\u00e9gfelsz\u00e1mol\u00e1si elj\u00e1r\u00e1s<\/b><span style=\"font-weight: 400;\">, kezdve a c\u00e9g p\u00e9nz\u00fcgyi helyzet\u00e9nek elemz\u00e9s\u00e9vel. Ha a v\u00e1llalkoz\u00e1s megsz\u00fcntet\u00e9s\u00e9t tervezi, seg\u00edt\u00fcnk az \u00f6sszes vagyont\u00e1rgy \u00e9rt\u00e9kel\u00e9s\u00e9ben \u00e9s cselekv\u00e9si terv elk\u00e9sz\u00edt\u00e9s\u00e9ben. Ez seg\u00edt \u00fcgyfeleinknek abban, hogy a magyar k\u00f6vetelm\u00e9nyeknek megfelel\u0151en v\u00e9gleges\u00edts\u00e9k v\u00e1llalkoz\u00e1sukat.<\/span>[\/vc_column_text][\/vc_column][vc_column width=&#8221;1\/2&#8243;][vc_single_image image=&#8221;5183&#8243; img_size=&#8221;full&#8221;][\/vc_column][\/vc_row][vc_row content_placement=&#8221;middle&#8221; css_animation=&#8221;fadeInUp&#8221;][vc_column width=&#8221;1\/2&#8243;][vc_single_image image=&#8221;5185&#8243; img_size=&#8221;full&#8221;][\/vc_column][vc_column width=&#8221;1\/2&#8243;][vc_column_text css_animation=&#8221;fadeInRight&#8221;]<\/p>\n<h2>A v\u00e1llalat megsz\u0171n\u00e9s\u00e9nek jogi \u00e9s ad\u00f3z\u00e1si k\u00f6vetkezm\u00e9nyei<\/h2>\n<p><span style=\"font-weight: 400;\">A v\u00e1llalkoz\u00e1s bez\u00e1r\u00e1sa bizonyos k\u00f6telezetts\u00e9gekkel j\u00e1r. A sikeres <\/span><b>v\u00e1llalati felsz\u00e1mol\u00e1s<\/b><span style=\"font-weight: 400;\"> megk\u00f6veteli az ad\u00f3k elsz\u00e1mol\u00e1s\u00e1t \u00e9s a hitelez\u0151kkel val\u00f3 elsz\u00e1mol\u00e1st. Mindent elmagyar\u00e1zunk <\/span><b>a c\u00e9g felsz\u00e1mol\u00e1s\u00e1nak felt\u00e9telei<\/b><span style=\"font-weight: 400;\">, hogy a j\u00f6v\u0151ben elker\u00fclje a probl\u00e9m\u00e1kat. Egy c\u00e9g megsz\u00fcntet\u00e9se hat\u00e1ssal lehet az \u00d6n h\u00edrnev\u00e9re, de a mi seg\u00edts\u00e9g\u00fcnkkel \u00d6n megtarthatja az ir\u00e1ny\u00edt\u00e1st a helyzet felett.<\/span><\/p>\n<h3>Ad\u00f3ss\u00e1grendez\u00e9s \u00e9s p\u00e9nz\u00fcgyi k\u00f6telezetts\u00e9gek a felsz\u00e1mol\u00e1s sor\u00e1n<\/h3>\n<p><span style=\"font-weight: 400;\">Az egyik feladat az ad\u00f3ss\u00e1gok rendez\u00e9se az \u00fczlet lez\u00e1r\u00e1sa el\u0151tt. Szakembereink elv\u00e9gzik <\/span><b>a c\u00e9gbez\u00e1r\u00e1s jogi elj\u00e1r\u00e1soka<\/b><span style=\"font-weight: 400;\">t, hogy minden k\u00f6telezetts\u00e9get teljes\u00edtsenek. Tan\u00e1csot adunk a partnerekkel val\u00f3 elsz\u00e1mol\u00e1s ut\u00e1n fennmarad\u00f3 p\u00e9nzeszk\u00f6z\u00f6k feloszt\u00e1s\u00e1val kapcsolatban is. Ez fontos l\u00e9p\u00e9s az \u00d6n \u00e9rdekeinek v\u00e9delm\u00e9ben.<\/span>[\/vc_column_text][\/vc_column][\/vc_row][vc_row content_placement=&#8221;middle&#8221; css_animation=&#8221;fadeInUp&#8221;][vc_column width=&#8221;1\/2&#8243;][vc_column_text]<\/p>\n<h2>\u00d6nk\u00e9ntes vagy k\u00e9nyszert\u00f6rl\u00e9s \u2013 mit kell tudni?<\/h2>\n<p><span style=\"font-weight: 400;\">A c\u00e9gek felsz\u00e1mol\u00e1s\u00e1nak k\u00fcl\u00f6nb\u00f6z\u0151 m\u00f3djai l\u00e9teznek <\/span><b>a c\u00e9g felsz\u00e1mol\u00e1s\u00e1nak m\u00f3djai Magyarorsz\u00e1gon<\/b><span style=\"font-weight: 400;\">, bele\u00e9rtve az \u00f6nk\u00e9ntes \u00e9s a k\u00e9nyszert\u00f6rl\u00e9st. Az \u00f6nk\u00e9ntes felsz\u00e1mol\u00e1st a tulajdonosok v\u00e1lasztj\u00e1k, m\u00edg a k\u00e9nyszert\u00f6rl\u00e9st k\u00fcls\u0151 felek kezdem\u00e9nyezik. Szak\u00e9rt\u0151ink tan\u00e1csot adnak \u00d6nnek, hogyan ker\u00fclheti el a k\u00e9nyszerint\u00e9zked\u00e9seket, \u00e9s hogyan fejezheti be v\u00e1llalkoz\u00e1s\u00e1t szakszer\u0171en. Seg\u00edt\u00fcnk kiv\u00e1lasztani a megfelel\u0151 lehet\u0151s\u00e9get az \u00d6n esete alapj\u00e1n.<\/span>[\/vc_column_text][\/vc_column][vc_column width=&#8221;1\/2&#8243;][vc_single_image image=&#8221;186&#8243; img_size=&#8221;full&#8221;][\/vc_column][\/vc_row][vc_row css_animation=&#8221;fadeInUp&#8221;][vc_column][vc_column_text css_animation=&#8221;fadeInUp&#8221;]<\/p>\n<h2>V\u00e9gleges ad\u00f3bevall\u00e1sok \u00e9s jogi megfelel\u00e9s<\/h2>\n<p><span style=\"font-weight: 400;\">A v\u00e9gs\u0151 szakasz a sz\u00e1ml\u00e1k beny\u00fajt\u00e1s\u00e1t \u00e9s a sz\u00e1ml\u00e1k lez\u00e1r\u00e1s\u00e1t foglalja mag\u00e1ban. Szolg\u00e1ltat\u00e1sainkat <\/span><b>c\u00e9gfelsz\u00e1mol\u00e1s<\/b><span style=\"font-weight: 400;\"> \u00e9s <\/span><b>c\u00e9gfelsz\u00e1mol\u00e1s Magyarorsz\u00e1gon<\/b><span style=\"font-weight: 400;\"> \u00fagy ny\u00fajtjuk, hogy minden szakszer\u0171en t\u00f6rt\u00e9njen. \u00cdme a munk\u00e1nk el\u0151nyei:<\/span><\/p>\n<ul>\n<li style=\"font-weight: 400;\" aria-level=\"1\"><span style=\"font-weight: 400;\">a felsz\u00e1mol\u00e1si elj\u00e1r\u00e1s teljes k\u00f6r\u0171 t\u00e1mogat\u00e1sa;<\/span><\/li>\n<li style=\"font-weight: 400;\" aria-level=\"1\"><span style=\"font-weight: 400;\">v\u00e9delem a p\u00e9nz\u00fcgyi \u00e9s jogi kock\u00e1zatokkal szemben;<\/span><\/li>\n<li style=\"font-weight: 400;\" aria-level=\"1\"><span style=\"font-weight: 400;\">garancia az \u00f6sszes alaki k\u00f6vetelm\u00e9ny teljes\u00edt\u00e9s\u00e9re.<\/span><\/li>\n<\/ul>\n<p><span style=\"font-weight: 400;\">Ha kapcsolatba l\u00e9p vel\u00fcnk, az lehet\u0151s\u00e9get ad arra, hogy id\u0151t takar\u00edtson meg \u00e9s elker\u00fclje a hib\u00e1kat az \u00fczlet lez\u00e1r\u00e1sakor. Kapcsolattart\u00f3 szakemberek. B\u00edzzon minden jogi \u00e1rnyalatot szak\u00e9rt\u0151kre.<\/span>[\/vc_column_text][\/vc_column][\/vc_row]<\/p>\n<\/div>","protected":false},"excerpt":{"rendered":"<p>[vc_row css_animation=&#8221;fadeInUp&#8221;][vc_column][vc_column_text css_animation=&#8221;fadeInDown&#8221;] C\u00e9gfelsz\u00e1mol\u00e1si szolg\u00e1ltat\u00e1sok Magyarorsz\u00e1gon Egy magyarorsz\u00e1gi c\u00e9g bez\u00e1r\u00e1sa olyan folyamat, amely a r\u00e9szletekre val\u00f3 odafigyel\u00e9st ig\u00e9nyli. A professzion\u00e1lis c\u00e9gfelsz\u00e1mol\u00e1s lehet\u0151v\u00e9 teszi, hogy felesleges bonyodalmak n\u00e9lk\u00fcl v\u00e9gleges\u00edtse v\u00e1llalkoz\u00e1s\u00e1t. Szak\u00e9rt\u0151i t\u00e1mogat\u00e1st ny\u00fajtunk a kock\u00e1zatokat minimaliz\u00e1lni k\u00edv\u00e1n\u00f3 v\u00e1llalkoz\u00f3knak.[\/vc_column_text][\/vc_column][\/vc_row][vc_row content_placement=&#8221;middle&#8221; css_animation=&#8221;fadeInUp&#8221;][vc_column width=&#8221;1\/2&#8243;][vc_column_text css_animation=&#8221;fadeInLeft&#8221;] Mi\u00e9rt v\u00e1lassza az FCHAIN c\u00e9gfelsz\u00e1mol\u00e1si szak\u00e9rt\u0151it? Az \u00fcgyfelek tapasztalatunk \u00e9s megb\u00edzhat\u00f3s\u00e1gunk miatt \u00e9rt\u00e9kelnek minket.<\/p>\n","protected":false},"author":2,"featured_media":0,"parent":0,"menu_order":0,"comment_status":"closed","ping_status":"closed","template":"","meta":{"_acf_changed":false,"footnotes":""},"class_list":["post-9451","page","type-page","status-publish","hentry"],"acf":[],"yoast_head":"<!-- This site is optimized with the Yoast SEO plugin v27.3 - https:\/\/yoast.com\/product\/yoast-seo-wordpress\/ -->\n<title>C\u00e9gfelsz\u00e1mol\u00e1si szolg\u00e1ltat\u00e1sok - Fchain<\/title>\n<meta name=\"description\" content=\"A jogi szem\u00e9ly megsz\u0171n\u00e9se jogi formaliz\u00e1l\u00e1st ig\u00e9nyl\u0151 folyamat. Az FCHAIN \u200b\u200bszakemberei k\u00f6nnyen seg\u00edtenek \u00d6nnek ebben.\" \/>\n<meta name=\"robots\" content=\"index, follow, max-snippet:-1, max-image-preview:large, max-video-preview:-1\" \/>\n<link rel=\"canonical\" href=\"https:\/\/hu.f-chain.com\/hu\/cegfelszamolasi-szolgaltatasok\/\" \/>\n<meta property=\"og:locale\" content=\"hu_HU\" \/>\n<meta property=\"og:type\" content=\"article\" \/>\n<meta property=\"og:title\" content=\"C\u00e9gfelsz\u00e1mol\u00e1si szolg\u00e1ltat\u00e1sok - Fchain\" \/>\n<meta property=\"og:description\" content=\"A jogi szem\u00e9ly megsz\u0171n\u00e9se jogi formaliz\u00e1l\u00e1st ig\u00e9nyl\u0151 folyamat. Az FCHAIN \u200b\u200bszakemberei k\u00f6nnyen seg\u00edtenek \u00d6nnek ebben.\" \/>\n<meta property=\"og:url\" content=\"https:\/\/hu.f-chain.com\/hu\/cegfelszamolasi-szolgaltatasok\/\" \/>\n<meta property=\"og:site_name\" content=\"Fchain\" \/>\n<meta name=\"twitter:card\" content=\"summary_large_image\" \/>\n<meta name=\"twitter:label1\" content=\"Becs\u00fclt olvas\u00e1si id\u0151\" \/>\n\t<meta name=\"twitter:data1\" content=\"3 perc\" \/>\n<script type=\"application\/ld+json\" class=\"yoast-schema-graph\">{\"@context\":\"https:\\\/\\\/schema.org\",\"@graph\":[{\"@type\":\"WebPage\",\"@id\":\"https:\\\/\\\/hu.f-chain.com\\\/hu\\\/cegfelszamolasi-szolgaltatasok\\\/\",\"url\":\"https:\\\/\\\/hu.f-chain.com\\\/hu\\\/cegfelszamolasi-szolgaltatasok\\\/\",\"name\":\"C\u00e9gfelsz\u00e1mol\u00e1si szolg\u00e1ltat\u00e1sok - Fchain\",\"isPartOf\":{\"@id\":\"https:\\\/\\\/hu.f-chain.com\\\/#website\"},\"datePublished\":\"2025-05-26T01:50:04+00:00\",\"description\":\"A jogi szem\u00e9ly megsz\u0171n\u00e9se jogi formaliz\u00e1l\u00e1st ig\u00e9nyl\u0151 folyamat. Az FCHAIN \u200b\u200bszakemberei k\u00f6nnyen seg\u00edtenek \u00d6nnek ebben.\",\"breadcrumb\":{\"@id\":\"https:\\\/\\\/hu.f-chain.com\\\/hu\\\/cegfelszamolasi-szolgaltatasok\\\/#breadcrumb\"},\"inLanguage\":\"hu\",\"potentialAction\":[{\"@type\":\"ReadAction\",\"target\":[\"https:\\\/\\\/hu.f-chain.com\\\/hu\\\/cegfelszamolasi-szolgaltatasok\\\/\"]}]},{\"@type\":\"BreadcrumbList\",\"@id\":\"https:\\\/\\\/hu.f-chain.com\\\/hu\\\/cegfelszamolasi-szolgaltatasok\\\/#breadcrumb\",\"itemListElement\":[{\"@type\":\"ListItem\",\"position\":1,\"name\":\"Home\",\"item\":\"https:\\\/\\\/hu.f-chain.com\\\/hu\\\/\"},{\"@type\":\"ListItem\",\"position\":2,\"name\":\"C\u00e9gfelsz\u00e1mol\u00e1si szolg\u00e1ltat\u00e1sok\"}]},{\"@type\":\"WebSite\",\"@id\":\"https:\\\/\\\/hu.f-chain.com\\\/#website\",\"url\":\"https:\\\/\\\/hu.f-chain.com\\\/\",\"name\":\"Fchain\",\"description\":\"\",\"potentialAction\":[{\"@type\":\"SearchAction\",\"target\":{\"@type\":\"EntryPoint\",\"urlTemplate\":\"https:\\\/\\\/hu.f-chain.com\\\/?s={search_term_string}\"},\"query-input\":{\"@type\":\"PropertyValueSpecification\",\"valueRequired\":true,\"valueName\":\"search_term_string\"}}],\"inLanguage\":\"hu\"}]}<\/script>\n<!-- \/ Yoast SEO plugin. -->","yoast_head_json":{"title":"C\u00e9gfelsz\u00e1mol\u00e1si szolg\u00e1ltat\u00e1sok - Fchain","description":"A jogi szem\u00e9ly megsz\u0171n\u00e9se jogi formaliz\u00e1l\u00e1st ig\u00e9nyl\u0151 folyamat. Az FCHAIN \u200b\u200bszakemberei k\u00f6nnyen seg\u00edtenek \u00d6nnek ebben.","robots":{"index":"index","follow":"follow","max-snippet":"max-snippet:-1","max-image-preview":"max-image-preview:large","max-video-preview":"max-video-preview:-1"},"canonical":"https:\/\/hu.f-chain.com\/hu\/cegfelszamolasi-szolgaltatasok\/","og_locale":"hu_HU","og_type":"article","og_title":"C\u00e9gfelsz\u00e1mol\u00e1si szolg\u00e1ltat\u00e1sok - Fchain","og_description":"A jogi szem\u00e9ly megsz\u0171n\u00e9se jogi formaliz\u00e1l\u00e1st ig\u00e9nyl\u0151 folyamat. Az FCHAIN \u200b\u200bszakemberei k\u00f6nnyen seg\u00edtenek \u00d6nnek ebben.","og_url":"https:\/\/hu.f-chain.com\/hu\/cegfelszamolasi-szolgaltatasok\/","og_site_name":"Fchain","twitter_card":"summary_large_image","twitter_misc":{"Becs\u00fclt olvas\u00e1si id\u0151":"3 perc"},"schema":{"@context":"https:\/\/schema.org","@graph":[{"@type":"WebPage","@id":"https:\/\/hu.f-chain.com\/hu\/cegfelszamolasi-szolgaltatasok\/","url":"https:\/\/hu.f-chain.com\/hu\/cegfelszamolasi-szolgaltatasok\/","name":"C\u00e9gfelsz\u00e1mol\u00e1si szolg\u00e1ltat\u00e1sok - Fchain","isPartOf":{"@id":"https:\/\/hu.f-chain.com\/#website"},"datePublished":"2025-05-26T01:50:04+00:00","description":"A jogi szem\u00e9ly megsz\u0171n\u00e9se jogi formaliz\u00e1l\u00e1st ig\u00e9nyl\u0151 folyamat. Az FCHAIN \u200b\u200bszakemberei k\u00f6nnyen seg\u00edtenek \u00d6nnek ebben.","breadcrumb":{"@id":"https:\/\/hu.f-chain.com\/hu\/cegfelszamolasi-szolgaltatasok\/#breadcrumb"},"inLanguage":"hu","potentialAction":[{"@type":"ReadAction","target":["https:\/\/hu.f-chain.com\/hu\/cegfelszamolasi-szolgaltatasok\/"]}]},{"@type":"BreadcrumbList","@id":"https:\/\/hu.f-chain.com\/hu\/cegfelszamolasi-szolgaltatasok\/#breadcrumb","itemListElement":[{"@type":"ListItem","position":1,"name":"Home","item":"https:\/\/hu.f-chain.com\/hu\/"},{"@type":"ListItem","position":2,"name":"C\u00e9gfelsz\u00e1mol\u00e1si szolg\u00e1ltat\u00e1sok"}]},{"@type":"WebSite","@id":"https:\/\/hu.f-chain.com\/#website","url":"https:\/\/hu.f-chain.com\/","name":"Fchain","description":"","potentialAction":[{"@type":"SearchAction","target":{"@type":"EntryPoint","urlTemplate":"https:\/\/hu.f-chain.com\/?s={search_term_string}"},"query-input":{"@type":"PropertyValueSpecification","valueRequired":true,"valueName":"search_term_string"}}],"inLanguage":"hu"}]}},"_links":{"self":[{"href":"https:\/\/hu.f-chain.com\/hu\/wp-json\/wp\/v2\/pages\/9451","targetHints":{"allow":["GET"]}}],"collection":[{"href":"https:\/\/hu.f-chain.com\/hu\/wp-json\/wp\/v2\/pages"}],"about":[{"href":"https:\/\/hu.f-chain.com\/hu\/wp-json\/wp\/v2\/types\/page"}],"author":[{"embeddable":true,"href":"https:\/\/hu.f-chain.com\/hu\/wp-json\/wp\/v2\/users\/2"}],"replies":[{"embeddable":true,"href":"https:\/\/hu.f-chain.com\/hu\/wp-json\/wp\/v2\/comments?post=9451"}],"version-history":[{"count":1,"href":"https:\/\/hu.f-chain.com\/hu\/wp-json\/wp\/v2\/pages\/9451\/revisions"}],"predecessor-version":[{"id":9454,"href":"https:\/\/hu.f-chain.com\/hu\/wp-json\/wp\/v2\/pages\/9451\/revisions\/9454"}],"wp:attachment":[{"href":"https:\/\/hu.f-chain.com\/hu\/wp-json\/wp\/v2\/media?parent=9451"}],"curies":[{"name":"wp","href":"https:\/\/api.w.org\/{rel}","templated":true}]}}