{"id":9443,"date":"2025-05-26T04:36:41","date_gmt":"2025-05-26T01:36:41","guid":{"rendered":"https:\/\/hu.f-chain.com\/?page_id=9443"},"modified":"2025-06-03T13:13:00","modified_gmt":"2025-06-03T10:13:00","slug":"cegbejegyzesi-szolgaltatasok","status":"publish","type":"page","link":"https:\/\/hu.f-chain.com\/hu\/cegbejegyzesi-szolgaltatasok\/","title":{"rendered":"C\u00e9gbejegyz\u00e9si szolg\u00e1ltat\u00e1sok"},"content":{"rendered":"<div class=\"wpb-content-wrapper\"><p>[vc_row content_placement=&#8221;middle&#8221; css_animation=&#8221;fadeInUp&#8221;][vc_column][vc_column_text css_animation=&#8221;fadeInDown&#8221;]<\/p>\n<h2>C\u00e9gbejegyz\u00e9si szolg\u00e1ltat\u00e1sok Magyarorsz\u00e1gon \u2013 Gyorsan \u00e9s megb\u00edzhat\u00f3an<\/h2>\n<p><span style=\"font-weight: 400;\">A magyarorsz\u00e1gi v\u00e1llalkoz\u00e1sind\u00edt\u00e1s \u00edg\u00e9retes l\u00e9p\u00e9s a v\u00e1llalkoz\u00f3k sz\u00e1m\u00e1ra, de a folyamat gondos odafigyel\u00e9st ig\u00e9nyel. <\/span><b>C\u00e9gbejegyz\u00e9s<\/b><span style=\"font-weight: 400;\"> lehet\u0151v\u00e9 teszi, hogy form\u00e1liss\u00e1 tegye v\u00e1llalkoz\u00e1s\u00e1t, \u00e9s elkezdjen dolgozni a magyar piacon. C\u00e9g\u00fcnk professzion\u00e1lis szolg\u00e1ltat\u00e1sokat k\u00edn\u00e1l, hogy seg\u00edts\u00fck \u00d6nt a <\/span><b>c\u00e9gbejegyz\u00e9si folyamat <\/b><span style=\"font-weight: 400;\">v\u00e9gigvitel\u00e9ben, felesleges bonyodalmak n\u00e9lk\u00fcl. Minden szakaszban t\u00e1mogat\u00e1st ny\u00fajtunk, bele\u00e9rtve a pap\u00edrmunk\u00e1t \u00e9s a helyi k\u00f6vetelm\u00e9nyekkel kapcsolatos tan\u00e1csad\u00e1st.<\/span>[\/vc_column_text][\/vc_column][\/vc_row][vc_row content_placement=&#8221;middle&#8221; css_animation=&#8221;fadeInUp&#8221;][vc_column width=&#8221;1\/2&#8243;][vc_column_text css_animation=&#8221;fadeInLeft&#8221;]<\/p>\n<h2>Hogyan kell c\u00e9get bejegyeztetni Budapesten<\/h2>\n<p><span style=\"font-weight: 400;\">Budapest, Magyarorsz\u00e1g gazdas\u00e1gi k\u00f6zpontja ide\u00e1lis hely egy v\u00e1llalkoz\u00e1s ind\u00edt\u00e1s\u00e1hoz. Ahhoz, hogy <\/span><b>c\u00e9get jegyezzen be Budapesten<\/b><span style=\"font-weight: 400;\">, ki kell v\u00e1lasztania a c\u00e9gt\u00edpust, el kell k\u00e9sz\u00edtenie a dokumentumokat \u00e9s be kell ny\u00fajtania a k\u00e9relmet az illet\u00e9kes hat\u00f3s\u00e1gokhoz. Szolg\u00e1ltat\u00e1sokat k\u00edn\u00e1lunk <\/span><b>c\u00e9gbejegyz\u00e9s<\/b><span style=\"font-weight: 400;\">, bele\u00e9rtve a v\u00e1llalkoz\u00e1s szerkezet\u00e9nek meghat\u00e1roz\u00e1s\u00e1ban \u00e9s az \u00f6sszes dokumentum elk\u00e9sz\u00edt\u00e9s\u00e9ben val\u00f3 seg\u00edts\u00e9gny\u00fajt\u00e1st. Ez k\u00fcl\u00f6n\u00f6sen fontos azok sz\u00e1m\u00e1ra, akik el\u0151sz\u00f6r szembes\u00fclnek a magyar szab\u00e1lyoz\u00e1ssal.<\/span><\/p>\n<h3>\u00dczleti banksz\u00e1mla megnyit\u00e1sa Magyarorsz\u00e1gon<\/h3>\n<p><span style=\"font-weight: 400;\">Ez egy sz\u00fcks\u00e9ges l\u00e9p\u00e9s a p\u00e9nz\u00fcgyi tranzakci\u00f3k lebonyol\u00edt\u00e1s\u00e1hoz <\/span><b>\u00fczleti banksz\u00e1mla nyit\u00e1sa Magyarorsz\u00e1gon<\/b><span style=\"font-weight: 400;\">. Szakembereink seg\u00edtenek \u00d6nnek a megfelel\u0151 bank kiv\u00e1laszt\u00e1s\u00e1ban \u00e9s a megfelel\u0151 dokumentumok elk\u00e9sz\u00edt\u00e9s\u00e9ben, hogy a folyamat gyors \u00e9s hibamentes legyen.<\/span>[\/vc_column_text][\/vc_column][vc_column width=&#8221;1\/2&#8243;][vc_single_image image=&#8221;9605&#8243; img_size=&#8221;full&#8221;][\/vc_column][\/vc_row][vc_row css_animation=&#8221;fadeInUp&#8221;][vc_column][vc_column_text css_animation=&#8221;fadeInRight&#8221;]<\/p>\n<h2>Mi\u00e9rt v\u00e1lassza c\u00e9gbejegyz\u00e9si szolg\u00e1ltat\u00e1sainkat?<\/h2>\n<p><span style=\"font-weight: 400;\">\u00dcgyfeleink a professzionalizmusunk \u00e9s a szem\u00e9lyre szabott megk\u00f6zel\u00edt\u00e9s\u00fcnk miatt b\u00edznak benn\u00fcnk. \u00cdme a legfontosabb el\u0151ny\u00f6k:<\/span><\/p>\n<ul>\n<li style=\"font-weight: 400;\" aria-level=\"1\"><span style=\"font-weight: 400;\">teljes k\u00f6r\u0171 t\u00e1mogat\u00e1s minden szakaszban <\/span><b>c\u00e9gbejegyz\u00e9s<\/b><span style=\"font-weight: 400;\"> \u2013 a tan\u00e1csad\u00e1st\u00f3l a dokumentumok beny\u00fajt\u00e1s\u00e1ig.<\/span><\/li>\n<li style=\"font-weight: 400;\" aria-level=\"1\"><span style=\"font-weight: 400;\">garancia a magyar jogszab\u00e1lyok \u00f6sszes k\u00f6vetelm\u00e9ny\u00e9nek val\u00f3 megfelel\u00e9sre.<\/span><\/li>\n<li style=\"font-weight: 400;\" aria-level=\"1\"><span style=\"font-weight: 400;\">gyors \u00fcgyint\u00e9z\u00e9s minim\u00e1lis kock\u00e1zattal.<\/span><\/li>\n<\/ul>\n<p><span style=\"font-weight: 400;\">Egyik f\u0151 szakter\u00fclet\u00fcnk <\/span><b>c\u00e9galap\u00edt\u00e1s k\u00fclf\u00f6ldiek sz\u00e1m\u00e1ra Magyarorsz\u00e1gon<\/b><span style=\"font-weight: 400;\">, ami optim\u00e1lis partnerr\u00e9 tesz minket a nemzetk\u00f6zi v\u00e1llalkoz\u00f3k sz\u00e1m\u00e1ra.<\/span><\/p>\n<h3><span style=\"font-weight: 400;\">L\u00e9p\u00e9sr\u0151l l\u00e9p\u00e9sre c\u00e9galap\u00edt\u00e1si \u00fatmutat\u00f3 az FCHAIN seg\u00edts\u00e9g\u00e9vel<\/span><\/h3>\n<p><span style=\"font-weight: 400;\">A folyamat <\/span><b>c\u00e9galap\u00edt\u00e1s<\/b><span style=\"font-weight: 400;\"> t\u00f6bb l\u00e9p\u00e9sb\u0151l \u00e1ll. Az egyszer\u0171s\u00edt\u00e9s \u00e9rdek\u00e9ben l\u00e9p\u00e9sr\u0151l l\u00e9p\u00e9sre kidolgoztunk egy tervet <\/span><b>c\u00e9galap\u00edt\u00e1s Magyarorsz\u00e1gon<\/b><span style=\"font-weight: 400;\">:<\/span><\/p>\n<p>&nbsp;<\/p>\n<ol>\n<li style=\"font-weight: 400;\" aria-level=\"1\"><span style=\"font-weight: 400;\">A c\u00e9gt\u00edpus kiv\u00e1laszt\u00e1sa (pl. Kft vagy Zrt).<\/span><\/li>\n<li style=\"font-weight: 400;\" aria-level=\"1\"><span style=\"font-weight: 400;\">A l\u00e9tes\u00edt\u0151 okiratok elk\u00e9sz\u00edt\u00e9se \u00e9s k\u00f6zjegyz\u0151i hiteles\u00edt\u00e9s\u00fck.<\/span><\/li>\n<li style=\"font-weight: 400;\" aria-level=\"1\"><span style=\"font-weight: 400;\">Adatbevitel \u00e9s bejegyz\u00e9s a magyar c\u00e9gjegyz\u00e9kbe.<\/span><\/li>\n<li style=\"font-weight: 400;\" aria-level=\"1\"><span style=\"font-weight: 400;\">Regisztr\u00e1ci\u00f3 az ad\u00f3hat\u00f3s\u00e1gn\u00e1l \u00e9s ad\u00f3azonos\u00edt\u00f3 jel megszerz\u00e9se.<\/span><\/li>\n<\/ol>\n<p><span style=\"font-weight: 400;\">Szak\u00e9rt\u0151ink v\u00e9gigk\u00eds\u00e9rik \u00d6nt minden egyes l\u00e9p\u00e9sben <\/span><b>c\u00e9gbejegyz\u00e9s<\/b><span style=\"font-weight: 400;\">, hogy v\u00e1llalkoz\u00e1sa a lehet\u0151 leghamarabb elindulhasson.<\/span>[\/vc_column_text][\/vc_column][\/vc_row][vc_row content_placement=&#8221;middle&#8221; css_animation=&#8221;fadeInUp&#8221;][vc_column width=&#8221;1\/2&#8243;][vc_single_image image=&#8221;5170&#8243; img_size=&#8221;full&#8221;][\/vc_column][vc_column width=&#8221;1\/2&#8243;][vc_column_text css_animation=&#8221;fadeInUp&#8221;]<\/p>\n<h2>A v\u00e1llalkoz\u00e1salap\u00edt\u00e1s jogi \u00e9s ad\u00f3z\u00e1si k\u00f6vetelm\u00e9nyei<\/h2>\n<p><b>A v\u00e1llalkoz\u00e1salap\u00edt\u00e1s jogi \u00e9s ad\u00f3z\u00e1si k\u00f6vetelm\u00e9nyei <\/b><span style=\"font-weight: 400;\">mag\u00e1ban foglalja az ad\u00f3hat\u00f3s\u00e1gn\u00e1l t\u00f6rt\u00e9n\u0151 regisztr\u00e1ci\u00f3t, az ad\u00f3z\u00e1si rendszer kiv\u00e1laszt\u00e1s\u00e1t \u00e9s a sz\u00fcks\u00e9ges enged\u00e9lyek k\u00e9relmez\u00e9s\u00e9t. Seg\u00edt\u00fcnk \u00d6nnek meg\u00e9rteni ezeket a k\u00e9rd\u00e9seket \u00e9s elker\u00fclni a hib\u00e1kat.<\/span><\/p>\n<h3>H\u00c9A-regisztr\u00e1ci\u00f3 \u00e9s ad\u00f3\u00fcgyi megfelel\u00e9s \u00faj v\u00e1llalkoz\u00e1sok sz\u00e1m\u00e1ra<\/h3>\n<p>Minden \u00fajonnan alap\u00edtott v\u00e1llalatnak \u00e1t kell esnie H\u00c9A-regisztr\u00e1ci\u00f3 \u00e9s ad\u00f3\u00fcgyi megfelel\u00e9s \u00faj v\u00e1llalatok sz\u00e1m\u00e1ra. Ez a folyamat mag\u00e1ban foglalja a H\u00c9A-sz\u00e1m megszerz\u00e9s\u00e9t \u00e9s az ad\u00f3sz\u00e1mviteli rendszer fel\u00e1ll\u00edt\u00e1s\u00e1t. Szak\u00e9rt\u0151ink gondoskodnak arr\u00f3l, hogy v\u00e1llalkoz\u00e1sa megfeleljen a magyar t\u00f6rv\u00e9nyek \u00f6sszes k\u00f6vetelm\u00e9ny\u00e9nek.[\/vc_column_text][\/vc_column][\/vc_row]<\/p>\n<\/div>","protected":false},"excerpt":{"rendered":"<p>[vc_row content_placement=&#8221;middle&#8221; css_animation=&#8221;fadeInUp&#8221;][vc_column][vc_column_text css_animation=&#8221;fadeInDown&#8221;] C\u00e9gbejegyz\u00e9si szolg\u00e1ltat\u00e1sok Magyarorsz\u00e1gon \u2013 Gyorsan \u00e9s megb\u00edzhat\u00f3an A magyarorsz\u00e1gi v\u00e1llalkoz\u00e1sind\u00edt\u00e1s \u00edg\u00e9retes l\u00e9p\u00e9s a v\u00e1llalkoz\u00f3k sz\u00e1m\u00e1ra, de a folyamat gondos odafigyel\u00e9st ig\u00e9nyel. C\u00e9gbejegyz\u00e9s lehet\u0151v\u00e9 teszi, hogy form\u00e1liss\u00e1 tegye v\u00e1llalkoz\u00e1s\u00e1t, \u00e9s elkezdjen dolgozni a magyar piacon. C\u00e9g\u00fcnk professzion\u00e1lis szolg\u00e1ltat\u00e1sokat k\u00edn\u00e1l, hogy seg\u00edts\u00fck \u00d6nt a c\u00e9gbejegyz\u00e9si folyamat v\u00e9gigvitel\u00e9ben, felesleges bonyodalmak n\u00e9lk\u00fcl. Minden szakaszban t\u00e1mogat\u00e1st<\/p>\n","protected":false},"author":2,"featured_media":0,"parent":0,"menu_order":0,"comment_status":"closed","ping_status":"closed","template":"","meta":{"_acf_changed":false,"footnotes":""},"class_list":["post-9443","page","type-page","status-publish","hentry"],"acf":[],"yoast_head":"<!-- This site is optimized with the Yoast SEO plugin v27.3 - https:\/\/yoast.com\/product\/yoast-seo-wordpress\/ -->\n<title>C\u00e9gbejegyz\u00e9si szolg\u00e1ltat\u00e1sok - Fchain<\/title>\n<meta name=\"description\" content=\"B\u00edzza r\u00e1nk magyarorsz\u00e1gi c\u00e9gbejegyz\u00e9s\u00e9t, \u00e9s felejtse el az esetleges probl\u00e9m\u00e1kat. 15 \u00e9ve sikeresen v\u00e9gezz\u00fck ezt a munk\u00e1t. B\u00edzzon az FCHA\u0130N-ben, \u00e9s nem fogja megb\u00e1nni\" \/>\n<meta name=\"robots\" content=\"index, follow, max-snippet:-1, max-image-preview:large, max-video-preview:-1\" \/>\n<link rel=\"canonical\" href=\"https:\/\/hu.f-chain.com\/hu\/cegbejegyzesi-szolgaltatasok\/\" \/>\n<meta property=\"og:locale\" content=\"hu_HU\" \/>\n<meta property=\"og:type\" content=\"article\" \/>\n<meta property=\"og:title\" content=\"C\u00e9gbejegyz\u00e9si szolg\u00e1ltat\u00e1sok - Fchain\" \/>\n<meta property=\"og:description\" content=\"B\u00edzza r\u00e1nk magyarorsz\u00e1gi c\u00e9gbejegyz\u00e9s\u00e9t, \u00e9s felejtse el az esetleges probl\u00e9m\u00e1kat. 15 \u00e9ve sikeresen v\u00e9gezz\u00fck ezt a munk\u00e1t. B\u00edzzon az FCHA\u0130N-ben, \u00e9s nem fogja megb\u00e1nni\" \/>\n<meta property=\"og:url\" content=\"https:\/\/hu.f-chain.com\/hu\/cegbejegyzesi-szolgaltatasok\/\" \/>\n<meta property=\"og:site_name\" content=\"Fchain\" \/>\n<meta property=\"article:modified_time\" content=\"2025-06-03T10:13:00+00:00\" \/>\n<meta name=\"twitter:card\" content=\"summary_large_image\" \/>\n<meta name=\"twitter:label1\" content=\"Becs\u00fclt olvas\u00e1si id\u0151\" \/>\n\t<meta name=\"twitter:data1\" content=\"2 perc\" \/>\n<script type=\"application\/ld+json\" class=\"yoast-schema-graph\">{\"@context\":\"https:\\\/\\\/schema.org\",\"@graph\":[{\"@type\":\"WebPage\",\"@id\":\"https:\\\/\\\/hu.f-chain.com\\\/hu\\\/cegbejegyzesi-szolgaltatasok\\\/\",\"url\":\"https:\\\/\\\/hu.f-chain.com\\\/hu\\\/cegbejegyzesi-szolgaltatasok\\\/\",\"name\":\"C\u00e9gbejegyz\u00e9si szolg\u00e1ltat\u00e1sok - Fchain\",\"isPartOf\":{\"@id\":\"https:\\\/\\\/hu.f-chain.com\\\/#website\"},\"datePublished\":\"2025-05-26T01:36:41+00:00\",\"dateModified\":\"2025-06-03T10:13:00+00:00\",\"description\":\"B\u00edzza r\u00e1nk magyarorsz\u00e1gi c\u00e9gbejegyz\u00e9s\u00e9t, \u00e9s felejtse el az esetleges probl\u00e9m\u00e1kat. 15 \u00e9ve sikeresen v\u00e9gezz\u00fck ezt a munk\u00e1t. B\u00edzzon az FCHA\u0130N-ben, \u00e9s nem fogja megb\u00e1nni\",\"breadcrumb\":{\"@id\":\"https:\\\/\\\/hu.f-chain.com\\\/hu\\\/cegbejegyzesi-szolgaltatasok\\\/#breadcrumb\"},\"inLanguage\":\"hu\",\"potentialAction\":[{\"@type\":\"ReadAction\",\"target\":[\"https:\\\/\\\/hu.f-chain.com\\\/hu\\\/cegbejegyzesi-szolgaltatasok\\\/\"]}]},{\"@type\":\"BreadcrumbList\",\"@id\":\"https:\\\/\\\/hu.f-chain.com\\\/hu\\\/cegbejegyzesi-szolgaltatasok\\\/#breadcrumb\",\"itemListElement\":[{\"@type\":\"ListItem\",\"position\":1,\"name\":\"Home\",\"item\":\"https:\\\/\\\/hu.f-chain.com\\\/hu\\\/\"},{\"@type\":\"ListItem\",\"position\":2,\"name\":\"C\u00e9gbejegyz\u00e9si szolg\u00e1ltat\u00e1sok\"}]},{\"@type\":\"WebSite\",\"@id\":\"https:\\\/\\\/hu.f-chain.com\\\/#website\",\"url\":\"https:\\\/\\\/hu.f-chain.com\\\/\",\"name\":\"Fchain\",\"description\":\"\",\"potentialAction\":[{\"@type\":\"SearchAction\",\"target\":{\"@type\":\"EntryPoint\",\"urlTemplate\":\"https:\\\/\\\/hu.f-chain.com\\\/?s={search_term_string}\"},\"query-input\":{\"@type\":\"PropertyValueSpecification\",\"valueRequired\":true,\"valueName\":\"search_term_string\"}}],\"inLanguage\":\"hu\"}]}<\/script>\n<!-- \/ Yoast SEO plugin. -->","yoast_head_json":{"title":"C\u00e9gbejegyz\u00e9si szolg\u00e1ltat\u00e1sok - Fchain","description":"B\u00edzza r\u00e1nk magyarorsz\u00e1gi c\u00e9gbejegyz\u00e9s\u00e9t, \u00e9s felejtse el az esetleges probl\u00e9m\u00e1kat. 15 \u00e9ve sikeresen v\u00e9gezz\u00fck ezt a munk\u00e1t. B\u00edzzon az FCHA\u0130N-ben, \u00e9s nem fogja megb\u00e1nni","robots":{"index":"index","follow":"follow","max-snippet":"max-snippet:-1","max-image-preview":"max-image-preview:large","max-video-preview":"max-video-preview:-1"},"canonical":"https:\/\/hu.f-chain.com\/hu\/cegbejegyzesi-szolgaltatasok\/","og_locale":"hu_HU","og_type":"article","og_title":"C\u00e9gbejegyz\u00e9si szolg\u00e1ltat\u00e1sok - Fchain","og_description":"B\u00edzza r\u00e1nk magyarorsz\u00e1gi c\u00e9gbejegyz\u00e9s\u00e9t, \u00e9s felejtse el az esetleges probl\u00e9m\u00e1kat. 15 \u00e9ve sikeresen v\u00e9gezz\u00fck ezt a munk\u00e1t. B\u00edzzon az FCHA\u0130N-ben, \u00e9s nem fogja megb\u00e1nni","og_url":"https:\/\/hu.f-chain.com\/hu\/cegbejegyzesi-szolgaltatasok\/","og_site_name":"Fchain","article_modified_time":"2025-06-03T10:13:00+00:00","twitter_card":"summary_large_image","twitter_misc":{"Becs\u00fclt olvas\u00e1si id\u0151":"2 perc"},"schema":{"@context":"https:\/\/schema.org","@graph":[{"@type":"WebPage","@id":"https:\/\/hu.f-chain.com\/hu\/cegbejegyzesi-szolgaltatasok\/","url":"https:\/\/hu.f-chain.com\/hu\/cegbejegyzesi-szolgaltatasok\/","name":"C\u00e9gbejegyz\u00e9si szolg\u00e1ltat\u00e1sok - Fchain","isPartOf":{"@id":"https:\/\/hu.f-chain.com\/#website"},"datePublished":"2025-05-26T01:36:41+00:00","dateModified":"2025-06-03T10:13:00+00:00","description":"B\u00edzza r\u00e1nk magyarorsz\u00e1gi c\u00e9gbejegyz\u00e9s\u00e9t, \u00e9s felejtse el az esetleges probl\u00e9m\u00e1kat. 15 \u00e9ve sikeresen v\u00e9gezz\u00fck ezt a munk\u00e1t. B\u00edzzon az FCHA\u0130N-ben, \u00e9s nem fogja megb\u00e1nni","breadcrumb":{"@id":"https:\/\/hu.f-chain.com\/hu\/cegbejegyzesi-szolgaltatasok\/#breadcrumb"},"inLanguage":"hu","potentialAction":[{"@type":"ReadAction","target":["https:\/\/hu.f-chain.com\/hu\/cegbejegyzesi-szolgaltatasok\/"]}]},{"@type":"BreadcrumbList","@id":"https:\/\/hu.f-chain.com\/hu\/cegbejegyzesi-szolgaltatasok\/#breadcrumb","itemListElement":[{"@type":"ListItem","position":1,"name":"Home","item":"https:\/\/hu.f-chain.com\/hu\/"},{"@type":"ListItem","position":2,"name":"C\u00e9gbejegyz\u00e9si szolg\u00e1ltat\u00e1sok"}]},{"@type":"WebSite","@id":"https:\/\/hu.f-chain.com\/#website","url":"https:\/\/hu.f-chain.com\/","name":"Fchain","description":"","potentialAction":[{"@type":"SearchAction","target":{"@type":"EntryPoint","urlTemplate":"https:\/\/hu.f-chain.com\/?s={search_term_string}"},"query-input":{"@type":"PropertyValueSpecification","valueRequired":true,"valueName":"search_term_string"}}],"inLanguage":"hu"}]}},"_links":{"self":[{"href":"https:\/\/hu.f-chain.com\/hu\/wp-json\/wp\/v2\/pages\/9443","targetHints":{"allow":["GET"]}}],"collection":[{"href":"https:\/\/hu.f-chain.com\/hu\/wp-json\/wp\/v2\/pages"}],"about":[{"href":"https:\/\/hu.f-chain.com\/hu\/wp-json\/wp\/v2\/types\/page"}],"author":[{"embeddable":true,"href":"https:\/\/hu.f-chain.com\/hu\/wp-json\/wp\/v2\/users\/2"}],"replies":[{"embeddable":true,"href":"https:\/\/hu.f-chain.com\/hu\/wp-json\/wp\/v2\/comments?post=9443"}],"version-history":[{"count":3,"href":"https:\/\/hu.f-chain.com\/hu\/wp-json\/wp\/v2\/pages\/9443\/revisions"}],"predecessor-version":[{"id":9608,"href":"https:\/\/hu.f-chain.com\/hu\/wp-json\/wp\/v2\/pages\/9443\/revisions\/9608"}],"wp:attachment":[{"href":"https:\/\/hu.f-chain.com\/hu\/wp-json\/wp\/v2\/media?parent=9443"}],"curies":[{"name":"wp","href":"https:\/\/api.w.org\/{rel}","templated":true}]}}