{"id":9435,"date":"2025-05-26T04:13:47","date_gmt":"2025-05-26T01:13:47","guid":{"rendered":"https:\/\/hu.f-chain.com\/?page_id=9435"},"modified":"2025-06-02T02:37:55","modified_gmt":"2025-06-01T23:37:55","slug":"szamviteli-helyreallitas","status":"publish","type":"page","link":"https:\/\/hu.f-chain.com\/hu\/szamviteli-helyreallitas\/","title":{"rendered":"Sz\u00e1mviteli helyre\u00e1ll\u00edt\u00e1s"},"content":{"rendered":"<div class=\"wpb-content-wrapper\"><p>[vc_row css_animation=&#8221;fadeInUp&#8221;][vc_column][vc_column_text css_animation=&#8221;fadeInLeft&#8221;]<\/p>\n<h2>Szak\u00e9rt\u0151i sz\u00e1mviteli behajt\u00e1si szolg\u00e1ltat\u00e1sok<\/h2>\n<p><span style=\"font-weight: 400;\">A k\u00f6nyvel\u00e9s minden v\u00e1llalkoz\u00e1s p\u00e9nz\u00fcgyi stabilit\u00e1s\u00e1nak alapja. <\/span><b>K\u00f6nyvel\u00e9si helyre\u00e1ll\u00edt\u00e1si szolg\u00e1ltat\u00e1saink<\/b><span style=\"font-weight: 400;\"> seg\u00edthetnek \u00d6nnek abban, hogy p\u00e9nz\u00fcgyi nyilv\u00e1ntart\u00e1sa ism\u00e9t rendbe j\u00f6jj\u00f6n, \u00e9s biztos\u00edtsa az \u00f6sszes szab\u00e1lyoz\u00e1si k\u00f6vetelm\u00e9nynek val\u00f3 megfelel\u00e9st. Magas sz\u00ednvonal\u00fa k\u00f6nyvel\u00e9si helyre\u00e1ll\u00edt\u00e1si szolg\u00e1ltat\u00e1sokat k\u00edn\u00e1lunk, amelyekkel v\u00e1llalkoz\u00e1s\u00e1t ism\u00e9t a stabilit\u00e1s \u00fatj\u00e1ra \u00e1ll\u00edtjuk.<\/span>[\/vc_column_text][\/vc_column][\/vc_row][vc_row content_placement=&#8221;middle&#8221; css_animation=&#8221;fadeInUp&#8221;][vc_column width=&#8221;1\/2&#8243;][vc_column_text css_animation=&#8221;fadeInLeft&#8221;]<\/p>\n<h2>Seg\u00edt\u00fcnk helyre\u00e1ll\u00edtani \u00e9s \u00fajj\u00e1\u00e9p\u00edteni v\u00e1llalkoz\u00e1s\u00e1nak p\u00e9nz\u00fcgyeit<\/h2>\n<p><span style=\"font-weight: 400;\">A k\u00f6nyvel\u00e9si hib\u00e1k sz\u00e1mos okb\u00f3l, p\u00e9ld\u00e1ul id\u0151hi\u00e1ny, emberi hiba vagy m\u0171szaki hiba miatt fordulhatnak el\u0151. Azonban m\u00e9g ilyen esetekben is <\/span><b>p\u00e9nz\u00fcgyi helyre\u00e1ll\u00edt\u00e1s \u00e9s k\u00f6nyvel\u00e9s<\/b><span style=\"font-weight: 400;\"> a szakemberekt\u0151l hat\u00e9konyan mindent vissza lehet \u00e1ll\u00edtani a helyes \u00fatra. Szolg\u00e1ltat\u00e1saink seg\u00edts\u00e9g\u00e9vel k\u00f6nnyen helyre\u00e1ll\u00edthat\u00f3 a pontos k\u00f6nyvel\u00e9s.<\/span><\/p>\n<h3>\u00c1tfog\u00f3 sz\u00e1mviteli helyre\u00e1ll\u00edt\u00e1si megold\u00e1sok<\/h3>\n<p><span style=\"font-weight: 400;\">A <\/span><b>sz\u00e1mviteli helyre\u00e1ll\u00edt\u00e1si<\/b><span style=\"font-weight: 400;\"> szolg\u00e1ltat\u00e1saink r\u00e9szek\u00e9nt sz\u00e1mos megold\u00e1st k\u00edn\u00e1lunk. Szakembereink az elveszett adatok helyre\u00e1ll\u00edt\u00e1s\u00e1t \u00e9s a k\u00f6nyvel\u00e9si hib\u00e1k kijav\u00edt\u00e1s\u00e1t is elv\u00e9gzik.<\/span>[\/vc_column_text][\/vc_column][vc_column width=&#8221;1\/2&#8243;][vc_single_image image=&#8221;1018&#8243; img_size=&#8221;full&#8221;][\/vc_column][\/vc_row][vc_row content_placement=&#8221;middle&#8221; css_animation=&#8221;fadeInUp&#8221;][vc_column width=&#8221;1\/2&#8243;][vc_single_image image=&#8221;915&#8243; img_size=&#8221;full&#8221;][\/vc_column][vc_column width=&#8221;1\/2&#8243;][vc_column_text css_animation=&#8221;fadeInRight&#8221;]<\/p>\n<h2>Mi\u00e9rt v\u00e1lassza sz\u00e1mviteli helyre\u00e1ll\u00edt\u00e1si szak\u00e9rt\u0151inket?<\/h2>\n<p><span style=\"font-weight: 400;\">Tapasztalt k\u00f6nyvvizsg\u00e1l\u00f3ink strat\u00e9giai l\u00e9p\u00e9sk\u00e9nt k\u00edn\u00e1lnak \u00d6nnek <\/span><b>p\u00e9nz\u00fcgyi helyre\u00e1ll\u00edt\u00e1s \u00e9s k\u00f6nyvel\u00e9s<\/b><span style=\"font-weight: 400;\"> a stabilit\u00e1s \u00e9s a v\u00e1llalatba vetett bizalom helyre\u00e1ll\u00edt\u00e1sa fel\u00e9. <\/span><b>K\u00f6nyvel\u00e9si helyre\u00e1ll\u00edt\u00e1si szolg\u00e1ltat\u00e1saink<\/b><span style=\"font-weight: 400;\"> seg\u00edtenek \u00d6nnek minimaliz\u00e1lni az ad\u00f3ellen\u0151rz\u00e9sekkel kapcsolatos kock\u00e1zatokat, \u00e9s olyan bels\u0151 sz\u00e1mviteli folyamatokat alak\u00edtanak ki, amelyek a j\u00f6v\u0151ben fontosak v\u00e1llalkoz\u00e1sa sz\u00e1m\u00e1ra.<\/span><\/p>\n<h3>Jogi \u00e9s ad\u00f3behajt\u00e1s v\u00e1llalkoz\u00e1sok sz\u00e1m\u00e1ra<\/h3>\n<p><span style=\"font-weight: 400;\">Az ad\u00f3-visszaszerz\u00e9si szolg\u00e1ltat\u00e1sok teljes sk\u00e1l\u00e1j\u00e1t ny\u00fajtjuk, bele\u00e9rtve az ad\u00f3bevall\u00e1sok hib\u00e1inak kijav\u00edt\u00e1s\u00e1t, az ad\u00f3\u00fcgyi dokumentumok visszaszerz\u00e9s\u00e9t, valamint a sz\u00e1mviteli \u00e9s ad\u00f3bevall\u00e1sok adatainak jav\u00edt\u00e1s\u00e1t.<\/span>[\/vc_column_text][\/vc_column][\/vc_row][vc_row css_animation=&#8221;fadeInUp&#8221;][vc_column width=&#8221;1\/2&#8243;][vc_column_text css_animation=&#8221;fadeInUp&#8221;]<\/p>\n<h2><b>Az FCHAIN seg\u00edt az \u00fczleti k\u00f6nyvel\u00e9s helyre\u00e1ll\u00edt\u00e1s\u00e1ban<\/b><\/h2>\n<p><span style=\"font-weight: 400;\">Az FCHAIN szak\u00e9rt\u0151je <\/span><b>\u00fczleti k\u00f6nyvel\u00e9s helyre\u00e1ll\u00edt\u00e1sa<\/b><span style=\"font-weight: 400;\">. Seg\u00edt\u00fcnk mind a kis-, mind a nagyv\u00e1llalatoknak a sz\u00e1mviteli nyilv\u00e1ntart\u00e1sok helyre\u00e1ll\u00edt\u00e1s\u00e1ban \u00e9s az \u00f6sszes adat jogszab\u00e1lyoknak val\u00f3 megfelel\u00e9s\u00e9ben..\u00a0<\/span><\/p>\n<h3><b>K\u00f6nyvvizsg\u00e1lat el\u0151k\u00e9sz\u00edt\u00e9se \u00e9s megfelel\u0151s\u00e9gi szolg\u00e1ltat\u00e1sok<\/b><\/h3>\n<p><span style=\"font-weight: 400;\">A k\u00f6nyvvizsg\u00e1lat sikeres elv\u00e9gz\u00e9s\u00e9hez a sz\u00e1ml\u00e1k helyes elk\u00e9sz\u00edt\u00e9se sz\u00fcks\u00e9ges. Szolg\u00e1ltat\u00e1saink <\/span><b>k\u00f6nyvvizsg\u00e1lat \u00e9s k\u00f6nyvel\u00e9si behajt\u00e1s Budapesten<\/b><span style=\"font-weight: 400;\"> seg\u00edtenek abban, hogy a k\u00f6nyvvizsg\u00e1laton neh\u00e9zs\u00e9g n\u00e9lk\u00fcl \u00e1tmenjen, biztos\u00edtva az el\u0151\u00edr\u00e1soknak val\u00f3 teljes megfelel\u00e9st.<\/span><\/p>\n<p><span style=\"font-weight: 400;\">A <\/span><b>p\u00e9nz\u00fcgyi tan\u00e1csad\u00e1s<\/b><span style=\"font-weight: 400;\"> szolg\u00e1ltat\u00e1sok sz\u00e9les sk\u00e1l\u00e1j\u00e1t k\u00edn\u00e1ljuk, t\u00f6bbek k\u00f6z\u00f6tt:<\/span><\/p>\n<ul>\n<li style=\"font-weight: 400;\" aria-level=\"1\"><b>p\u00e9nz\u00fcgyi tan\u00e1csad\u00e1s <\/b><span style=\"font-weight: 400;\">a k\u00f6nyvel\u00e9s optimaliz\u00e1l\u00e1sa \u00e9rdek\u00e9ben;<\/span><\/li>\n<li style=\"font-weight: 400;\" aria-level=\"1\"><span style=\"font-weight: 400;\">tan\u00e1csad\u00e1s az ad\u00f3bevall\u00e1ssal \u00e9s <\/span><b>megfelel\u00e9ssel <\/b><span style=\"font-weight: 400;\">kapcsolatban<\/span><b>;<\/b><\/li>\n<li style=\"font-weight: 400;\" aria-level=\"1\"><b>\u00fczleti p\u00e9nz\u00fcgyi tan\u00e1csad\u00e1s<\/b><span style=\"font-weight: 400;\"> a v\u00e1llalat p\u00e9nz\u00fcgyi strukt\u00far\u00e1j\u00e1nak jav\u00edt\u00e1sa \u00e9rdek\u00e9ben.<\/span><\/li>\n<\/ul>\n<p><span style=\"font-weight: 400;\">C\u00e9lunk nem csak a sz\u00e1mviteli nyilv\u00e1ntart\u00e1sok helyre\u00e1ll\u00edt\u00e1sa, hanem a folyamatok optimaliz\u00e1l\u00e1sa is, hogy fenntarthat\u00f3 n\u00f6veked\u00e9st biztos\u00edtsunk v\u00e1llalkoz\u00e1s\u00e1nak. Az FCHAIN szakemberei <\/span><b>b\u00e9rsz\u00e1mfejt\u00e9si tan\u00e1csad\u00e1s Budapesten<\/b><span style=\"font-weight: 400;\"> is k\u00edn\u00e1lnak, amely a helyi t\u00f6rv\u00e9nyeknek megfelel\u0151en seg\u00edthet a b\u00e9rsz\u00e1mfejt\u00e9ssel kapcsolatos k\u00e9rd\u00e9sekben.<\/span><\/p>\n<p><span style=\"font-weight: 400;\">A k\u00f6nyvel\u00e9s nem csak sz\u00e1mok halmaza, hanem v\u00e1llalkoz\u00e1sa stabilit\u00e1s\u00e1nak alapja. Ha hozz\u00e1nk fordul <\/span><b>k\u00f6nyvel\u00e9si behajt\u00e1si szolg\u00e1ltat\u00e1s<\/b><span style=\"font-weight: 400;\">, elker\u00fclheti a hirtelen meglepet\u00e9seket. Nem f\u00e9l\u00fcnk a neh\u00e9zs\u00e9gekt\u0151l. <\/span><b>K\u00f6nyvel\u00e9si \u00e9s k\u00f6nyvel\u00e9si korrekci\u00f3<\/b><span style=\"font-weight: 400;\"> \u00e9s <\/span><b>k\u00f6nyvel\u00e9si hibajav\u00edt\u00e1s<\/b><span style=\"font-weight: 400;\"> szolg\u00e1ltat\u00e1saink garant\u00e1lj\u00e1k a legjobb k\u00f6nyvel\u00e9si megold\u00e1sokat.<\/span>[\/vc_column_text][\/vc_column][vc_column width=&#8221;1\/2&#8243;][vc_single_image image=&#8221;9429&#8243; img_size=&#8221;full&#8221;][\/vc_column][\/vc_row]<\/p>\n<\/div>","protected":false},"excerpt":{"rendered":"<p>[vc_row css_animation=&#8221;fadeInUp&#8221;][vc_column][vc_column_text css_animation=&#8221;fadeInLeft&#8221;] Szak\u00e9rt\u0151i sz\u00e1mviteli behajt\u00e1si szolg\u00e1ltat\u00e1sok A k\u00f6nyvel\u00e9s minden v\u00e1llalkoz\u00e1s p\u00e9nz\u00fcgyi stabilit\u00e1s\u00e1nak alapja. K\u00f6nyvel\u00e9si helyre\u00e1ll\u00edt\u00e1si szolg\u00e1ltat\u00e1saink seg\u00edthetnek \u00d6nnek abban, hogy p\u00e9nz\u00fcgyi nyilv\u00e1ntart\u00e1sa ism\u00e9t rendbe j\u00f6jj\u00f6n, \u00e9s biztos\u00edtsa az \u00f6sszes szab\u00e1lyoz\u00e1si k\u00f6vetelm\u00e9nynek val\u00f3 megfelel\u00e9st. Magas sz\u00ednvonal\u00fa k\u00f6nyvel\u00e9si helyre\u00e1ll\u00edt\u00e1si szolg\u00e1ltat\u00e1sokat k\u00edn\u00e1lunk, amelyekkel v\u00e1llalkoz\u00e1s\u00e1t ism\u00e9t a stabilit\u00e1s \u00fatj\u00e1ra \u00e1ll\u00edtjuk.[\/vc_column_text][\/vc_column][\/vc_row][vc_row content_placement=&#8221;middle&#8221; css_animation=&#8221;fadeInUp&#8221;][vc_column width=&#8221;1\/2&#8243;][vc_column_text css_animation=&#8221;fadeInLeft&#8221;] Seg\u00edt\u00fcnk helyre\u00e1ll\u00edtani \u00e9s \u00fajj\u00e1\u00e9p\u00edteni<\/p>\n","protected":false},"author":2,"featured_media":0,"parent":0,"menu_order":0,"comment_status":"closed","ping_status":"closed","template":"","meta":{"_acf_changed":false,"footnotes":""},"class_list":["post-9435","page","type-page","status-publish","hentry"],"acf":[],"yoast_head":"<!-- This site is optimized with the Yoast SEO plugin v27.3 - https:\/\/yoast.com\/product\/yoast-seo-wordpress\/ -->\n<title>Sz\u00e1mviteli helyre\u00e1ll\u00edt\u00e1s - Fchain<\/title>\n<meta name=\"description\" content=\"Az FCHAIN \u200b\u200bszakemberei helyre\u00e1ll\u00edtj\u00e1k \u00e9s rendbe teszik az \u00d6n elsz\u00e1moltathat\u00f3s\u00e1g\u00e1t, \u00e9s az ad\u00f3hat\u00f3s\u00e1gnak semmilyen k\u00f6vetel\u00e9se nem lesz \u00d6nnel szemben\" \/>\n<meta name=\"robots\" content=\"index, follow, max-snippet:-1, max-image-preview:large, max-video-preview:-1\" \/>\n<link rel=\"canonical\" href=\"https:\/\/hu.f-chain.com\/hu\/szamviteli-helyreallitas\/\" \/>\n<meta property=\"og:locale\" content=\"hu_HU\" \/>\n<meta property=\"og:type\" content=\"article\" \/>\n<meta property=\"og:title\" content=\"Sz\u00e1mviteli helyre\u00e1ll\u00edt\u00e1s - Fchain\" \/>\n<meta property=\"og:description\" content=\"Az FCHAIN \u200b\u200bszakemberei helyre\u00e1ll\u00edtj\u00e1k \u00e9s rendbe teszik az \u00d6n elsz\u00e1moltathat\u00f3s\u00e1g\u00e1t, \u00e9s az ad\u00f3hat\u00f3s\u00e1gnak semmilyen k\u00f6vetel\u00e9se nem lesz \u00d6nnel szemben\" \/>\n<meta property=\"og:url\" content=\"https:\/\/hu.f-chain.com\/hu\/szamviteli-helyreallitas\/\" \/>\n<meta property=\"og:site_name\" content=\"Fchain\" \/>\n<meta property=\"article:modified_time\" content=\"2025-06-01T23:37:55+00:00\" \/>\n<meta name=\"twitter:card\" content=\"summary_large_image\" \/>\n<meta name=\"twitter:label1\" content=\"Becs\u00fclt olvas\u00e1si id\u0151\" \/>\n\t<meta name=\"twitter:data1\" content=\"2 perc\" \/>\n<script type=\"application\/ld+json\" class=\"yoast-schema-graph\">{\"@context\":\"https:\\\/\\\/schema.org\",\"@graph\":[{\"@type\":\"WebPage\",\"@id\":\"https:\\\/\\\/hu.f-chain.com\\\/hu\\\/szamviteli-helyreallitas\\\/\",\"url\":\"https:\\\/\\\/hu.f-chain.com\\\/hu\\\/szamviteli-helyreallitas\\\/\",\"name\":\"Sz\u00e1mviteli helyre\u00e1ll\u00edt\u00e1s - Fchain\",\"isPartOf\":{\"@id\":\"https:\\\/\\\/hu.f-chain.com\\\/#website\"},\"datePublished\":\"2025-05-26T01:13:47+00:00\",\"dateModified\":\"2025-06-01T23:37:55+00:00\",\"description\":\"Az FCHAIN \u200b\u200bszakemberei helyre\u00e1ll\u00edtj\u00e1k \u00e9s rendbe teszik az \u00d6n elsz\u00e1moltathat\u00f3s\u00e1g\u00e1t, \u00e9s az ad\u00f3hat\u00f3s\u00e1gnak semmilyen k\u00f6vetel\u00e9se nem lesz \u00d6nnel szemben\",\"breadcrumb\":{\"@id\":\"https:\\\/\\\/hu.f-chain.com\\\/hu\\\/szamviteli-helyreallitas\\\/#breadcrumb\"},\"inLanguage\":\"hu\",\"potentialAction\":[{\"@type\":\"ReadAction\",\"target\":[\"https:\\\/\\\/hu.f-chain.com\\\/hu\\\/szamviteli-helyreallitas\\\/\"]}]},{\"@type\":\"BreadcrumbList\",\"@id\":\"https:\\\/\\\/hu.f-chain.com\\\/hu\\\/szamviteli-helyreallitas\\\/#breadcrumb\",\"itemListElement\":[{\"@type\":\"ListItem\",\"position\":1,\"name\":\"Home\",\"item\":\"https:\\\/\\\/hu.f-chain.com\\\/hu\\\/\"},{\"@type\":\"ListItem\",\"position\":2,\"name\":\"Sz\u00e1mviteli helyre\u00e1ll\u00edt\u00e1s\"}]},{\"@type\":\"WebSite\",\"@id\":\"https:\\\/\\\/hu.f-chain.com\\\/#website\",\"url\":\"https:\\\/\\\/hu.f-chain.com\\\/\",\"name\":\"Fchain\",\"description\":\"\",\"potentialAction\":[{\"@type\":\"SearchAction\",\"target\":{\"@type\":\"EntryPoint\",\"urlTemplate\":\"https:\\\/\\\/hu.f-chain.com\\\/?s={search_term_string}\"},\"query-input\":{\"@type\":\"PropertyValueSpecification\",\"valueRequired\":true,\"valueName\":\"search_term_string\"}}],\"inLanguage\":\"hu\"}]}<\/script>\n<!-- \/ Yoast SEO plugin. -->","yoast_head_json":{"title":"Sz\u00e1mviteli helyre\u00e1ll\u00edt\u00e1s - Fchain","description":"Az FCHAIN \u200b\u200bszakemberei helyre\u00e1ll\u00edtj\u00e1k \u00e9s rendbe teszik az \u00d6n elsz\u00e1moltathat\u00f3s\u00e1g\u00e1t, \u00e9s az ad\u00f3hat\u00f3s\u00e1gnak semmilyen k\u00f6vetel\u00e9se nem lesz \u00d6nnel szemben","robots":{"index":"index","follow":"follow","max-snippet":"max-snippet:-1","max-image-preview":"max-image-preview:large","max-video-preview":"max-video-preview:-1"},"canonical":"https:\/\/hu.f-chain.com\/hu\/szamviteli-helyreallitas\/","og_locale":"hu_HU","og_type":"article","og_title":"Sz\u00e1mviteli helyre\u00e1ll\u00edt\u00e1s - Fchain","og_description":"Az FCHAIN \u200b\u200bszakemberei helyre\u00e1ll\u00edtj\u00e1k \u00e9s rendbe teszik az \u00d6n elsz\u00e1moltathat\u00f3s\u00e1g\u00e1t, \u00e9s az ad\u00f3hat\u00f3s\u00e1gnak semmilyen k\u00f6vetel\u00e9se nem lesz \u00d6nnel szemben","og_url":"https:\/\/hu.f-chain.com\/hu\/szamviteli-helyreallitas\/","og_site_name":"Fchain","article_modified_time":"2025-06-01T23:37:55+00:00","twitter_card":"summary_large_image","twitter_misc":{"Becs\u00fclt olvas\u00e1si id\u0151":"2 perc"},"schema":{"@context":"https:\/\/schema.org","@graph":[{"@type":"WebPage","@id":"https:\/\/hu.f-chain.com\/hu\/szamviteli-helyreallitas\/","url":"https:\/\/hu.f-chain.com\/hu\/szamviteli-helyreallitas\/","name":"Sz\u00e1mviteli helyre\u00e1ll\u00edt\u00e1s - Fchain","isPartOf":{"@id":"https:\/\/hu.f-chain.com\/#website"},"datePublished":"2025-05-26T01:13:47+00:00","dateModified":"2025-06-01T23:37:55+00:00","description":"Az FCHAIN \u200b\u200bszakemberei helyre\u00e1ll\u00edtj\u00e1k \u00e9s rendbe teszik az \u00d6n elsz\u00e1moltathat\u00f3s\u00e1g\u00e1t, \u00e9s az ad\u00f3hat\u00f3s\u00e1gnak semmilyen k\u00f6vetel\u00e9se nem lesz \u00d6nnel szemben","breadcrumb":{"@id":"https:\/\/hu.f-chain.com\/hu\/szamviteli-helyreallitas\/#breadcrumb"},"inLanguage":"hu","potentialAction":[{"@type":"ReadAction","target":["https:\/\/hu.f-chain.com\/hu\/szamviteli-helyreallitas\/"]}]},{"@type":"BreadcrumbList","@id":"https:\/\/hu.f-chain.com\/hu\/szamviteli-helyreallitas\/#breadcrumb","itemListElement":[{"@type":"ListItem","position":1,"name":"Home","item":"https:\/\/hu.f-chain.com\/hu\/"},{"@type":"ListItem","position":2,"name":"Sz\u00e1mviteli helyre\u00e1ll\u00edt\u00e1s"}]},{"@type":"WebSite","@id":"https:\/\/hu.f-chain.com\/#website","url":"https:\/\/hu.f-chain.com\/","name":"Fchain","description":"","potentialAction":[{"@type":"SearchAction","target":{"@type":"EntryPoint","urlTemplate":"https:\/\/hu.f-chain.com\/?s={search_term_string}"},"query-input":{"@type":"PropertyValueSpecification","valueRequired":true,"valueName":"search_term_string"}}],"inLanguage":"hu"}]}},"_links":{"self":[{"href":"https:\/\/hu.f-chain.com\/hu\/wp-json\/wp\/v2\/pages\/9435","targetHints":{"allow":["GET"]}}],"collection":[{"href":"https:\/\/hu.f-chain.com\/hu\/wp-json\/wp\/v2\/pages"}],"about":[{"href":"https:\/\/hu.f-chain.com\/hu\/wp-json\/wp\/v2\/types\/page"}],"author":[{"embeddable":true,"href":"https:\/\/hu.f-chain.com\/hu\/wp-json\/wp\/v2\/users\/2"}],"replies":[{"embeddable":true,"href":"https:\/\/hu.f-chain.com\/hu\/wp-json\/wp\/v2\/comments?post=9435"}],"version-history":[{"count":3,"href":"https:\/\/hu.f-chain.com\/hu\/wp-json\/wp\/v2\/pages\/9435\/revisions"}],"predecessor-version":[{"id":9506,"href":"https:\/\/hu.f-chain.com\/hu\/wp-json\/wp\/v2\/pages\/9435\/revisions\/9506"}],"wp:attachment":[{"href":"https:\/\/hu.f-chain.com\/hu\/wp-json\/wp\/v2\/media?parent=9435"}],"curies":[{"name":"wp","href":"https:\/\/api.w.org\/{rel}","templated":true}]}}