{"id":9428,"date":"2025-05-26T03:23:43","date_gmt":"2025-05-26T00:23:43","guid":{"rendered":"https:\/\/hu.f-chain.com\/?page_id=9428"},"modified":"2025-06-02T02:45:48","modified_gmt":"2025-06-01T23:45:48","slug":"szamviteli-szolgaltatasok","status":"publish","type":"page","link":"https:\/\/hu.f-chain.com\/hu\/szamviteli-szolgaltatasok\/","title":{"rendered":"Sz\u00e1mviteli szolg\u00e1ltat\u00e1sok"},"content":{"rendered":"<div class=\"wpb-content-wrapper\"><p>[vc_row css_animation=&#8221;fadeInUp&#8221;][vc_column][vc_column_text css_animation=&#8221;fadeInDown&#8221;]<\/p>\n<h2><b>Professzion\u00e1lis sz\u00e1mviteli szolg\u00e1ltat\u00e1sok Magyarorsz\u00e1gon<\/b><\/h2>\n<p>Az Eur\u00f3pai Uni\u00f3 tagjak\u00e9nt Magyarorsz\u00e1g vonz\u00f3 \u00fczleti lehet\u0151s\u00e9geket k\u00edn\u00e1l. A sz\u00e1mviteli \u00e9s ad\u00f3z\u00e1si saj\u00e1toss\u00e1gok azonban kih\u00edv\u00e1st jelenthetnek a k\u00fclf\u00f6ldi befektet\u0151k sz\u00e1m\u00e1ra. Az FCHAIN, egy vezet\u0151 k\u00f6nyvel\u0151iroda Budapesten, szolg\u00e1ltat\u00e1sok sz\u00e9les sk\u00e1l\u00e1j\u00e1t k\u00edn\u00e1lja, bele\u00e9rtve a sz\u00e1mviteli szolg\u00e1ltat\u00e1sok. Ezek a szolg\u00e1ltat\u00e1sok minden m\u00e9ret\u0171 v\u00e1llalkoz\u00e1s ig\u00e9nyeihez igazodnak.Professzion\u00e1lis k\u00f6nyvel\u00e9si szolg\u00e1ltat\u00e1sok Magyarorsz\u00e1gon[\/vc_column_text][\/vc_column][\/vc_row][vc_row content_placement=&#8221;middle&#8221; css_animation=&#8221;fadeInUp&#8221;][vc_column width=&#8221;1\/2&#8243;][vc_column_text css_animation=&#8221;fadeInLeft&#8221;]<\/p>\n<h3><b>Mi\u00e9rt v\u00e1lassza az FCHAIN a k\u00f6nyvel\u00e9shez?<\/b><\/h3>\n<p>Az FCHAIN megb\u00edzhat\u00f3 partnerr\u00e9 v\u00e1lt a k\u00f6nyvel\u00e9si szolg\u00e1ltat\u00e1sok ig\u00e9nyl\u0151 v\u00e1llalatok sz\u00e1m\u00e1ra. A tapasztalt k\u00f6nyvel\u0151kb\u0151l \u00e1ll\u00f3 csapat alaposan ismeri a helyi p\u00e9nz\u00fcgyi jogszab\u00e1lyokat \u00e9s szab\u00e1lyoz\u00e1si k\u00f6vetelm\u00e9nyeket. A neves Magyar k\u00f6nyvel\u0151 c\u00e9g elk\u00f6telezett a pontos, id\u0151szer\u0171 megold\u00e1sok biztos\u00edt\u00e1sa mellett, amelyek lehet\u0151v\u00e9 teszik, hogy az \u00fcgyfelek a v\u00e1llalkoz\u00e1suk n\u00f6veked\u00e9s\u00e9re \u00f6sszpontos\u00edthassanak.<\/p>\n<h3>\u00c1tfog\u00f3 k\u00f6nyvel\u00e9s \u00e9s k\u00f6nyvel\u00e9s<\/h3>\n<p><span style=\"font-weight: 400;\">A magyar <\/span><span style=\"font-weight: 400;\">k\u00f6nyvel\u0151 c\u00e9g<\/span><span style=\"font-weight: 400;\"> teljes k\u00f6r\u0171 <\/span><span style=\"font-weight: 400;\">k\u00f6nyvel\u00e9si szolg\u00e1ltat\u00e1sok<\/span><span style=\"font-weight: 400;\"> k\u00edn\u00e1l a p\u00e9nz\u00fcgyi adatok pontoss\u00e1g\u00e1nak \u00e9s naprak\u00e9szs\u00e9g\u00e9nek biztos\u00edt\u00e1sa \u00e9rdek\u00e9ben. A szolg\u00e1ltat\u00e1sok k\u00f6z\u00e9 tartoznak:<\/span><\/p>\n<ul>\n<li style=\"font-weight: 400;\" aria-level=\"1\"><span style=\"font-weight: 400;\">k\u00f6nyvek \u00e9s nyilv\u00e1ntart\u00e1sok vezet\u00e9se;<\/span><\/li>\n<li style=\"font-weight: 400;\" aria-level=\"1\"><span style=\"font-weight: 400;\">el\u0151k\u00e9sz\u00edt\u00e9s <\/span><span style=\"font-weight: 400;\">p\u00e9nz\u00fcgyi besz\u00e1mol\u00e1s<\/span><\/li>\n<li style=\"font-weight: 400;\" aria-level=\"1\"><span style=\"font-weight: 400;\">banksz\u00e1ml\u00e1k egyeztet\u00e9se;<\/span><\/li>\n<li style=\"font-weight: 400;\" aria-level=\"1\"><span style=\"font-weight: 400;\">k\u00f6vetel\u00e9sek \u00e9s k\u00f6telezetts\u00e9gek kezel\u00e9se.<\/span><\/li>\n<\/ul>\n<p><span style=\"font-weight: 400;\">Fel kell ismernie, hogy a pontos \u00e9s id\u0151szer\u0171 k\u00f6nyvel\u00e9s kritikus fontoss\u00e1g\u00fa a megalapozott \u00fczleti d\u00f6nt\u00e9sek meghozatal\u00e1hoz.<\/span>[\/vc_column_text][\/vc_column][vc_column width=&#8221;1\/2&#8243;][vc_single_image image=&#8221;1285&#8243; img_size=&#8221;full&#8221;][\/vc_column][\/vc_row][vc_row content_placement=&#8221;middle&#8221; css_animation=&#8221;fadeInUp&#8221;][vc_column width=&#8221;1\/2&#8243;][vc_single_image image=&#8221;1286&#8243; img_size=&#8221;full&#8221;][\/vc_column][vc_column width=&#8221;1\/2&#8243;][vc_column_text css_animation=&#8221;fadeInRight&#8221;]<\/p>\n<h3>Hogyan seg\u00edt az FChain a k\u00f6nyvel\u00e9sben?<\/h3>\n<p>A v\u00e1llalat min\u0151s\u00e9gi sz\u00e1mviteli szolg\u00e1ltat\u00e1sok ny\u00fajt b\u00e1rmilyen tulajdonform\u00e1j\u00fa szervezetek sz\u00e1m\u00e1ra. A blokkl\u00e1nc-technol\u00f3gia haszn\u00e1lat\u00e1val az FCHAIN szak\u00e9rt\u0151i biztos\u00edtj\u00e1k a p\u00e9nz\u00fcgyi adatok \u00e1tl\u00e1that\u00f3s\u00e1g\u00e1t, biztons\u00e1g\u00e1t \u00e9s megv\u00e1ltoztathatatlans\u00e1g\u00e1t, ami jelent\u0151sen cs\u00f6kkenti a hib\u00e1k \u00e9s csal\u00e1sok kock\u00e1zat\u00e1t.<\/p>\n<h3>B\u00e9rsz\u00e1mfejt\u00e9si szolg\u00e1ltat\u00e1sok v\u00e1llalkoz\u00e1sok sz\u00e1m\u00e1ra<\/h3>\n<p><span style=\"font-weight: 400;\">Sz\u00e1mviteli b\u00e9rsz\u00e1mfejt\u00e9si szolg\u00e1ltat\u00e1sok<\/span><span style=\"font-weight: 400;\"> egy \u00f6sszetett \u00e9s sokr\u00e9t\u0171 folyamat, <\/span><span style=\"font-weight: 400;\">k\u00f6nyvel\u00e9si szolg\u00e1ltat\u00e1sok <\/span><span style=\"font-weight: 400;\">amely a legnagyobb koncentr\u00e1ci\u00f3t \u00e9s odafigyel\u00e9st ig\u00e9nyli. A sz\u00e1m\u00edt\u00e1si hib\u00e1k s\u00falyos p\u00e9nz\u00fcgyi \u00e9s jogi k\u00f6vetkezm\u00e9nyekkel j\u00e1rhatnak, valamint hat\u00e1ssal lehetnek a munkav\u00e1llal\u00f3k mor\u00e1lj\u00e1ra is. A szakemberek csapata sz\u00e9lesk\u00f6r\u0171 <\/span><span style=\"font-weight: 400;\">b\u00e9rsz\u00e1mfejt\u00e9s Budapest <\/span><span style=\"font-weight: 400;\">szolg\u00e1ltat\u00e1st ny\u00fajt annak \u00e9rdek\u00e9ben, hogy az alkalmazottak fizet\u00e9se pontosan \u00e9s hat\u00e9konyan t\u00f6rt\u00e9njen.<\/span>[\/vc_column_text][\/vc_column][\/vc_row][vc_row content_placement=&#8221;middle&#8221; css_animation=&#8221;fadeInUp&#8221;][vc_column width=&#8221;1\/2&#8243;][vc_column_text css_animation=&#8221;fadeInLeft&#8221;]<\/p>\n<h2>Szak\u00e9rt\u0151i ad\u00f3tan\u00e1csad\u00e1s helyi \u00e9s k\u00fclf\u00f6ldi v\u00e1llalkoz\u00e1sok sz\u00e1m\u00e1ra<\/h2>\n<p>A magyarorsz\u00e1gi ad\u00f3jogszab\u00e1lyok k\u00f6nnyen \u00f6sszekeverhet\u0151k. Ez\u00e9rt tan\u00e1csos szakemberekhez fordulni. Mi nem csak szak\u00e9rt\u0151i k\u00f6nyvel\u00e9si szolg\u00e1ltat\u00e1sok, hanem ad\u00f3tan\u00e1csad\u00e1s is ny\u00fajtunk. A hozz\u00e1\u00e9rt\u0151 hozz\u00e1\u00e1ll\u00e1s lehet\u0151v\u00e9 teszi, hogy minden vonatkoz\u00f3 jogszab\u00e1ly betart\u00e1s\u00e1t biztos\u00edtsuk. Az FCHAIN alaposan ismeri a magyar ad\u00f3jogszab\u00e1lyokat, \u00e9s ad\u00f3tan\u00e1csad\u00e1s seg\u00edts\u00e9g\u00e9vel seg\u00edthet a v\u00e1llalatoknak a kock\u00e1zatok minimaliz\u00e1l\u00e1s\u00e1ban.[\/vc_column_text][\/vc_column][vc_column width=&#8221;1\/2&#8243;][vc_single_image image=&#8221;1288&#8243; img_size=&#8221;full&#8221;][\/vc_column][\/vc_row][vc_row content_placement=&#8221;middle&#8221; css_animation=&#8221;fadeInUp&#8221;][vc_column width=&#8221;1\/2&#8243;][vc_single_image image=&#8221;956&#8243; img_size=&#8221;full&#8221;][\/vc_column][vc_column width=&#8221;1\/2&#8243;][vc_column_text css_animation=&#8221;fadeInRight&#8221;]<\/p>\n<h2>V\u00e1llalati sz\u00e1mvitel \u00e9s p\u00e9nz\u00fcgyi besz\u00e1mol\u00e1s<\/h2>\n<p><span style=\"font-weight: 400;\">K\u00f6nyvel\u00e9si szolg\u00e1ltat\u00e1sok <\/span><span style=\"font-weight: 400;\">az FCHAIN sz\u00e1mviteli szolg\u00e1ltat\u00e1sai k\u00f6z\u00e9 tartozik a nemzetk\u00f6zi standardok (IFRS) szerinti el\u0151k\u00e9sz\u00edt\u00e9s <\/span><span style=\"font-weight: 400;\">p\u00e9nz\u00fcgyi besz\u00e1mol\u00e1s<\/span><span style=\"font-weight: 400;\">. Ez lehet\u0151v\u00e9 teszi, hogy val\u00f3s id\u0151ben nyomon k\u00f6vethesse eszk\u00f6zeit \u00e9s t\u0151k\u00e9j\u00e9t. A rendszer az \u00e9rdekelt felek ig\u00e9nyeinek megfelel\u0151en m\u0171k\u00f6dik.<\/span><\/p>\n<p><span style=\"font-weight: 400;\">A v\u00e1llalat a szakmai \u00e9s etikai norm\u00e1knak megfelel\u0151en m\u0171k\u00f6dik. Elk\u00f6telezettek vagyunk a magas sz\u00ednvonal\u00fa <\/span><span style=\"font-weight: 400;\">sz\u00e1mviteli szolg\u00e1ltat\u00e1sok<\/span><span style=\"font-weight: 400;\"> ny\u00fajt\u00e1sa ir\u00e1nt, amelyek megfelelnek az \u00d6n ig\u00e9nyeinek!<\/span>[\/vc_column_text][\/vc_column][\/vc_row]<\/p>\n<\/div>","protected":false},"excerpt":{"rendered":"<p>[vc_row css_animation=&#8221;fadeInUp&#8221;][vc_column][vc_column_text css_animation=&#8221;fadeInDown&#8221;] Professzion\u00e1lis sz\u00e1mviteli szolg\u00e1ltat\u00e1sok Magyarorsz\u00e1gon Az Eur\u00f3pai Uni\u00f3 tagjak\u00e9nt Magyarorsz\u00e1g vonz\u00f3 \u00fczleti lehet\u0151s\u00e9geket k\u00edn\u00e1l. A sz\u00e1mviteli \u00e9s ad\u00f3z\u00e1si saj\u00e1toss\u00e1gok azonban kih\u00edv\u00e1st jelenthetnek a k\u00fclf\u00f6ldi befektet\u0151k sz\u00e1m\u00e1ra. Az FCHAIN, egy vezet\u0151 k\u00f6nyvel\u0151iroda Budapesten, szolg\u00e1ltat\u00e1sok sz\u00e9les sk\u00e1l\u00e1j\u00e1t k\u00edn\u00e1lja, bele\u00e9rtve a sz\u00e1mviteli szolg\u00e1ltat\u00e1sok. Ezek a szolg\u00e1ltat\u00e1sok minden m\u00e9ret\u0171 v\u00e1llalkoz\u00e1s ig\u00e9nyeihez igazodnak.Professzion\u00e1lis k\u00f6nyvel\u00e9si szolg\u00e1ltat\u00e1sok Magyarorsz\u00e1gon[\/vc_column_text][\/vc_column][\/vc_row][vc_row content_placement=&#8221;middle&#8221; css_animation=&#8221;fadeInUp&#8221;][vc_column<\/p>\n","protected":false},"author":2,"featured_media":0,"parent":0,"menu_order":0,"comment_status":"closed","ping_status":"closed","template":"","meta":{"_acf_changed":false,"footnotes":""},"class_list":["post-9428","page","type-page","status-publish","hentry"],"acf":[],"yoast_head":"<!-- This site is optimized with the Yoast SEO plugin v27.3 - https:\/\/yoast.com\/product\/yoast-seo-wordpress\/ -->\n<title>Sz\u00e1mviteli szolg\u00e1ltat\u00e1sok - Fchain<\/title>\n<meta name=\"description\" content=\"A Financial Chain Corporation (FCHAIN) szakemberei sz\u00e1mviteli szolg\u00e1ltat\u00e1sokat ny\u00fajtanak \u00d6nnek, \u00e9s minden, a k\u00f6nyvel\u00e9ssel kapcsolatos probl\u00e9m\u00e1t megoldanak.\" \/>\n<meta name=\"robots\" content=\"index, follow, max-snippet:-1, max-image-preview:large, max-video-preview:-1\" \/>\n<link rel=\"canonical\" href=\"https:\/\/hu.f-chain.com\/hu\/szamviteli-szolgaltatasok\/\" \/>\n<meta property=\"og:locale\" content=\"hu_HU\" \/>\n<meta property=\"og:type\" content=\"article\" \/>\n<meta property=\"og:title\" content=\"Sz\u00e1mviteli szolg\u00e1ltat\u00e1sok - Fchain\" \/>\n<meta property=\"og:description\" content=\"A Financial Chain Corporation (FCHAIN) szakemberei sz\u00e1mviteli szolg\u00e1ltat\u00e1sokat ny\u00fajtanak \u00d6nnek, \u00e9s minden, a k\u00f6nyvel\u00e9ssel kapcsolatos probl\u00e9m\u00e1t megoldanak.\" \/>\n<meta property=\"og:url\" content=\"https:\/\/hu.f-chain.com\/hu\/szamviteli-szolgaltatasok\/\" \/>\n<meta property=\"og:site_name\" content=\"Fchain\" \/>\n<meta property=\"article:modified_time\" content=\"2025-06-01T23:45:48+00:00\" \/>\n<meta name=\"twitter:card\" content=\"summary_large_image\" \/>\n<meta name=\"twitter:label1\" content=\"Becs\u00fclt olvas\u00e1si id\u0151\" \/>\n\t<meta name=\"twitter:data1\" content=\"2 perc\" \/>\n<script type=\"application\/ld+json\" class=\"yoast-schema-graph\">{\"@context\":\"https:\\\/\\\/schema.org\",\"@graph\":[{\"@type\":\"WebPage\",\"@id\":\"https:\\\/\\\/hu.f-chain.com\\\/hu\\\/szamviteli-szolgaltatasok\\\/\",\"url\":\"https:\\\/\\\/hu.f-chain.com\\\/hu\\\/szamviteli-szolgaltatasok\\\/\",\"name\":\"Sz\u00e1mviteli szolg\u00e1ltat\u00e1sok - Fchain\",\"isPartOf\":{\"@id\":\"https:\\\/\\\/hu.f-chain.com\\\/#website\"},\"datePublished\":\"2025-05-26T00:23:43+00:00\",\"dateModified\":\"2025-06-01T23:45:48+00:00\",\"description\":\"A Financial Chain Corporation (FCHAIN) szakemberei sz\u00e1mviteli szolg\u00e1ltat\u00e1sokat ny\u00fajtanak \u00d6nnek, \u00e9s minden, a k\u00f6nyvel\u00e9ssel kapcsolatos probl\u00e9m\u00e1t megoldanak.\",\"breadcrumb\":{\"@id\":\"https:\\\/\\\/hu.f-chain.com\\\/hu\\\/szamviteli-szolgaltatasok\\\/#breadcrumb\"},\"inLanguage\":\"hu\",\"potentialAction\":[{\"@type\":\"ReadAction\",\"target\":[\"https:\\\/\\\/hu.f-chain.com\\\/hu\\\/szamviteli-szolgaltatasok\\\/\"]}]},{\"@type\":\"BreadcrumbList\",\"@id\":\"https:\\\/\\\/hu.f-chain.com\\\/hu\\\/szamviteli-szolgaltatasok\\\/#breadcrumb\",\"itemListElement\":[{\"@type\":\"ListItem\",\"position\":1,\"name\":\"Home\",\"item\":\"https:\\\/\\\/hu.f-chain.com\\\/hu\\\/\"},{\"@type\":\"ListItem\",\"position\":2,\"name\":\"Sz\u00e1mviteli szolg\u00e1ltat\u00e1sok\"}]},{\"@type\":\"WebSite\",\"@id\":\"https:\\\/\\\/hu.f-chain.com\\\/#website\",\"url\":\"https:\\\/\\\/hu.f-chain.com\\\/\",\"name\":\"Fchain\",\"description\":\"\",\"potentialAction\":[{\"@type\":\"SearchAction\",\"target\":{\"@type\":\"EntryPoint\",\"urlTemplate\":\"https:\\\/\\\/hu.f-chain.com\\\/?s={search_term_string}\"},\"query-input\":{\"@type\":\"PropertyValueSpecification\",\"valueRequired\":true,\"valueName\":\"search_term_string\"}}],\"inLanguage\":\"hu\"}]}<\/script>\n<!-- \/ Yoast SEO plugin. -->","yoast_head_json":{"title":"Sz\u00e1mviteli szolg\u00e1ltat\u00e1sok - Fchain","description":"A Financial Chain Corporation (FCHAIN) szakemberei sz\u00e1mviteli szolg\u00e1ltat\u00e1sokat ny\u00fajtanak \u00d6nnek, \u00e9s minden, a k\u00f6nyvel\u00e9ssel kapcsolatos probl\u00e9m\u00e1t megoldanak.","robots":{"index":"index","follow":"follow","max-snippet":"max-snippet:-1","max-image-preview":"max-image-preview:large","max-video-preview":"max-video-preview:-1"},"canonical":"https:\/\/hu.f-chain.com\/hu\/szamviteli-szolgaltatasok\/","og_locale":"hu_HU","og_type":"article","og_title":"Sz\u00e1mviteli szolg\u00e1ltat\u00e1sok - Fchain","og_description":"A Financial Chain Corporation (FCHAIN) szakemberei sz\u00e1mviteli szolg\u00e1ltat\u00e1sokat ny\u00fajtanak \u00d6nnek, \u00e9s minden, a k\u00f6nyvel\u00e9ssel kapcsolatos probl\u00e9m\u00e1t megoldanak.","og_url":"https:\/\/hu.f-chain.com\/hu\/szamviteli-szolgaltatasok\/","og_site_name":"Fchain","article_modified_time":"2025-06-01T23:45:48+00:00","twitter_card":"summary_large_image","twitter_misc":{"Becs\u00fclt olvas\u00e1si id\u0151":"2 perc"},"schema":{"@context":"https:\/\/schema.org","@graph":[{"@type":"WebPage","@id":"https:\/\/hu.f-chain.com\/hu\/szamviteli-szolgaltatasok\/","url":"https:\/\/hu.f-chain.com\/hu\/szamviteli-szolgaltatasok\/","name":"Sz\u00e1mviteli szolg\u00e1ltat\u00e1sok - Fchain","isPartOf":{"@id":"https:\/\/hu.f-chain.com\/#website"},"datePublished":"2025-05-26T00:23:43+00:00","dateModified":"2025-06-01T23:45:48+00:00","description":"A Financial Chain Corporation (FCHAIN) szakemberei sz\u00e1mviteli szolg\u00e1ltat\u00e1sokat ny\u00fajtanak \u00d6nnek, \u00e9s minden, a k\u00f6nyvel\u00e9ssel kapcsolatos probl\u00e9m\u00e1t megoldanak.","breadcrumb":{"@id":"https:\/\/hu.f-chain.com\/hu\/szamviteli-szolgaltatasok\/#breadcrumb"},"inLanguage":"hu","potentialAction":[{"@type":"ReadAction","target":["https:\/\/hu.f-chain.com\/hu\/szamviteli-szolgaltatasok\/"]}]},{"@type":"BreadcrumbList","@id":"https:\/\/hu.f-chain.com\/hu\/szamviteli-szolgaltatasok\/#breadcrumb","itemListElement":[{"@type":"ListItem","position":1,"name":"Home","item":"https:\/\/hu.f-chain.com\/hu\/"},{"@type":"ListItem","position":2,"name":"Sz\u00e1mviteli szolg\u00e1ltat\u00e1sok"}]},{"@type":"WebSite","@id":"https:\/\/hu.f-chain.com\/#website","url":"https:\/\/hu.f-chain.com\/","name":"Fchain","description":"","potentialAction":[{"@type":"SearchAction","target":{"@type":"EntryPoint","urlTemplate":"https:\/\/hu.f-chain.com\/?s={search_term_string}"},"query-input":{"@type":"PropertyValueSpecification","valueRequired":true,"valueName":"search_term_string"}}],"inLanguage":"hu"}]}},"_links":{"self":[{"href":"https:\/\/hu.f-chain.com\/hu\/wp-json\/wp\/v2\/pages\/9428","targetHints":{"allow":["GET"]}}],"collection":[{"href":"https:\/\/hu.f-chain.com\/hu\/wp-json\/wp\/v2\/pages"}],"about":[{"href":"https:\/\/hu.f-chain.com\/hu\/wp-json\/wp\/v2\/types\/page"}],"author":[{"embeddable":true,"href":"https:\/\/hu.f-chain.com\/hu\/wp-json\/wp\/v2\/users\/2"}],"replies":[{"embeddable":true,"href":"https:\/\/hu.f-chain.com\/hu\/wp-json\/wp\/v2\/comments?post=9428"}],"version-history":[{"count":2,"href":"https:\/\/hu.f-chain.com\/hu\/wp-json\/wp\/v2\/pages\/9428\/revisions"}],"predecessor-version":[{"id":9507,"href":"https:\/\/hu.f-chain.com\/hu\/wp-json\/wp\/v2\/pages\/9428\/revisions\/9507"}],"wp:attachment":[{"href":"https:\/\/hu.f-chain.com\/hu\/wp-json\/wp\/v2\/media?parent=9428"}],"curies":[{"name":"wp","href":"https:\/\/api.w.org\/{rel}","templated":true}]}}