{"id":26888,"date":"2026-04-20T03:02:17","date_gmt":"2026-04-20T00:02:17","guid":{"rendered":"https:\/\/hu.f-chain.com\/trade-marketing\/"},"modified":"2026-04-22T18:52:38","modified_gmt":"2026-04-22T15:52:38","slug":"trade-marketing","status":"publish","type":"page","link":"https:\/\/hu.f-chain.com\/hu\/marketing-services\/trade-marketing\/","title":{"rendered":"Kereskedelmi marketing szolg\u00e1ltat\u00e1sok"},"content":{"rendered":"<div class=\"wpb-content-wrapper\"><p>[vc_row css_animation=&#8221;fadeInUp&#8221;][vc_column][vc_column_text css_animation=&#8221;fadeInDown&#8221; css=&#8221;&#8221;]<\/p>\n<h2>Trade marketing szolg\u00e1ltat\u00e1sok Budapesten<\/h2>\n<p><b>FCHAIN<\/b> professzion\u00e1lis <b>trade marketing szolg\u00e1ltat\u00e1sok Budapest<\/b> megold\u00e1sokat k\u00edn\u00e1l azon v\u00e1llalatok sz\u00e1m\u00e1ra, amelyek szeretn\u00e9k jav\u00edtani retail teljes\u00edtm\u00e9ny\u00fcket \u00e9s er\u0151s\u00edteni piaci poz\u00edci\u00f3jukat <b>Magyarorsz\u00e1gon<\/b>. A mai piacon a term\u00e9k siker\u00e9t nagym\u00e9rt\u00e9kben meghat\u00e1rozza annak megjelen\u00e9se a v\u00e1s\u00e1rl\u00e1si pontokon.<\/p>\n<p>A <b>marketing services Hungary<\/b> keret\u00e9ben t\u00e1mogatjuk a m\u00e1rk\u00e1kat abban, hogy optimaliz\u00e1lj\u00e1k jelenl\u00e9t\u00fcket a boltokban, hat\u00e9konyan m\u0171k\u00f6djenek egy\u00fctt partnereikkel \u00e9s n\u00f6velj\u00e9k az \u00e9rt\u00e9kes\u00edt\u00e9si eredm\u00e9nyeket.<\/p>\n<p>[\/vc_column_text][\/vc_column][\/vc_row][vc_row css_animation=&#8221;fadeInUp&#8221;][vc_column][vc_column_text css_animation=&#8221;fadeInLeft&#8221; css=&#8221;&#8221;]<\/p>\n<h3>Strat\u00e9gia \u00e9s megval\u00f3s\u00edt\u00e1s<\/h3>\n<p>A trade marketing biztos\u00edtja, hogy a marketingstrat\u00e9gia t\u00e9nylegesen megjelenjen a retail k\u00f6rnyezetben.<\/p>\n<p>Megold\u00e1saink seg\u00edtik a term\u00e9kek l\u00e1that\u00f3s\u00e1g\u00e1nak \u00e9s el\u00e9rhet\u0151s\u00e9g\u00e9nek n\u00f6vel\u00e9s\u00e9t.<\/p>\n<ul class=\"ul-gray\">\n<li><b>Retail strat\u00e9gia.<\/b> Term\u00e9kelhelyez\u00e9s optimaliz\u00e1l\u00e1sa.<\/li>\n<li><b>Merchandising.<\/b> Polck\u00e9p \u00e9s vizu\u00e1lis megjelen\u00e9s kontrollja.<\/li>\n<li><b>Disztrib\u00faci\u00f3.<\/b> Partnerkapcsolatok kezel\u00e9se.<\/li>\n<li><b>Bolti prom\u00f3ci\u00f3k.<\/b> V\u00e1s\u00e1rl\u00e1si aktivit\u00e1s n\u00f6vel\u00e9se.<\/li>\n<li><b>Analitika.<\/b> Teljes\u00edtm\u00e9ny m\u00e9r\u00e9se \u00e9s fejleszt\u00e9se.<\/li>\n<\/ul>\n<h3>Integr\u00e1ci\u00f3<\/h3>\n<p>A trade marketing szorosan kapcsol\u00f3dik az <b>\u00c9rt\u00e9kes\u00edt\u00e9si szolg\u00e1ltat\u00e1sok<\/b> \u00e9s a <b>Prom\u00f3ci\u00f3s szolg\u00e1ltat\u00e1sok<\/b> megold\u00e1sokhoz.<\/p>\n<p>[\/vc_column_text][\/vc_column][\/vc_row][vc_row content_placement=&#8221;middle&#8221; css_animation=&#8221;fadeInUp&#8221;][vc_column width=&#8221;1\/2&#8243;][vc_single_image image=&#8221;232&#8243; img_size=&#8221;full&#8221;][\/vc_column][vc_column width=&#8221;1\/2&#8243;][vc_column_text css_animation=&#8221;fadeInRight&#8221; css=&#8221;&#8221;]<\/p>\n<h3>Retail saj\u00e1toss\u00e1gok<\/h3>\n<p>A magyar piac k\u00fcl\u00f6nb\u00f6z\u0151 \u00e9rt\u00e9kes\u00edt\u00e9si form\u00e1tumokat tartalmaz, ez\u00e9rt rugalmas megk\u00f6zel\u00edt\u00e9s sz\u00fcks\u00e9ges.<\/p>\n<h3>Mi\u00e9rt FCHAIN<\/h3>\n<ul class=\"ul-gray\">\n<li>Retail tapasztalat;<\/li>\n<li>Megval\u00f3s\u00edt\u00e1s-orient\u00e1lt m\u0171k\u00f6d\u00e9s;<\/li>\n<li>\u00c1tl\u00e1that\u00f3s\u00e1g;<\/li>\n<li>Rugalmass\u00e1g;<\/li>\n<li>Eredm\u00e9nyf\u00f3kusz.<\/li>\n<\/ul>\n<p>[\/vc_column_text][\/vc_column][\/vc_row][vc_row content_placement=&#8221;middle&#8221; css_animation=&#8221;fadeInUp&#8221;][vc_column][vc_column_text css_animation=&#8221;fadeInLeft&#8221; css=&#8221;&#8221;]<\/p>\n<h3>\u00c9rt\u00e9kes\u00edt\u00e9s n\u00f6vel\u00e9se<\/h3>\n<p><b>FCHAIN<\/b> seg\u00edt a m\u00e1rk\u00e1knak n\u00f6velni l\u00e1that\u00f3s\u00e1gukat \u00e9s \u00e9rt\u00e9kes\u00edt\u00e9s\u00fcket Magyarorsz\u00e1gon.<\/p>\n<p>[\/vc_column_text][\/vc_column][\/vc_row]<\/p>\n<\/div>","protected":false},"excerpt":{"rendered":"<p>[vc_row css_animation=&#8221;fadeInUp&#8221;][vc_column][vc_column_text css_animation=&#8221;fadeInDown&#8221; css=&#8221;&#8221;] Trade marketing szolg\u00e1ltat\u00e1sok Budapesten FCHAIN professzion\u00e1lis trade marketing szolg\u00e1ltat\u00e1sok Budapest megold\u00e1sokat k\u00edn\u00e1l azon v\u00e1llalatok sz\u00e1m\u00e1ra, amelyek szeretn\u00e9k jav\u00edtani retail teljes\u00edtm\u00e9ny\u00fcket \u00e9s er\u0151s\u00edteni piaci poz\u00edci\u00f3jukat Magyarorsz\u00e1gon. A mai piacon a term\u00e9k siker\u00e9t nagym\u00e9rt\u00e9kben meghat\u00e1rozza annak megjelen\u00e9se a v\u00e1s\u00e1rl\u00e1si pontokon. A marketing services Hungary keret\u00e9ben t\u00e1mogatjuk a m\u00e1rk\u00e1kat abban, hogy optimaliz\u00e1lj\u00e1k jelenl\u00e9t\u00fcket a<\/p>\n","protected":false},"author":2,"featured_media":0,"parent":26891,"menu_order":0,"comment_status":"closed","ping_status":"closed","template":"","meta":{"_acf_changed":false,"footnotes":""},"class_list":["post-26888","page","type-page","status-publish","hentry"],"acf":[],"yoast_head":"<!-- This site is optimized with the Yoast SEO plugin v27.3 - https:\/\/yoast.com\/product\/yoast-seo-wordpress\/ -->\n<title>Kereskedelmi Marketing Szolg\u00e1ltat\u00e1sok \u2013 FCHAIN | Merchandising \u00e9s Retail V\u00e9grehajt\u00e1s<\/title>\n<meta name=\"description\" content=\"A FCHAIN professzion\u00e1lis kereskedelmi marketing szolg\u00e1ltat\u00e1sokat k\u00edn\u00e1l: merchandising, retail v\u00e9grehajt\u00e1s, bolti prom\u00f3ci\u00f3k \u00e9s POSM menedzsment. N\u00f6velje m\u00e1rk\u00e1ja l\u00e1that\u00f3s\u00e1g\u00e1t \u00e9s az \u00e9rt\u00e9kes\u00edt\u00e9st hat\u00e9kony strat\u00e9gi\u00e1kkal.\" \/>\n<meta name=\"robots\" content=\"index, follow, max-snippet:-1, max-image-preview:large, max-video-preview:-1\" \/>\n<link rel=\"canonical\" href=\"https:\/\/hu.f-chain.com\/hu\/trade-marketing\/\" \/>\n<meta property=\"og:locale\" content=\"hu_HU\" \/>\n<meta property=\"og:type\" content=\"article\" \/>\n<meta property=\"og:title\" content=\"Kereskedelmi Marketing Szolg\u00e1ltat\u00e1sok \u2013 FCHAIN | Merchandising \u00e9s Retail V\u00e9grehajt\u00e1s\" \/>\n<meta property=\"og:description\" content=\"A FCHAIN professzion\u00e1lis kereskedelmi marketing szolg\u00e1ltat\u00e1sokat k\u00edn\u00e1l: merchandising, retail v\u00e9grehajt\u00e1s, bolti prom\u00f3ci\u00f3k \u00e9s POSM menedzsment. N\u00f6velje m\u00e1rk\u00e1ja l\u00e1that\u00f3s\u00e1g\u00e1t \u00e9s az \u00e9rt\u00e9kes\u00edt\u00e9st hat\u00e9kony strat\u00e9gi\u00e1kkal.\" \/>\n<meta property=\"og:url\" content=\"https:\/\/hu.f-chain.com\/hu\/trade-marketing\/\" \/>\n<meta property=\"og:site_name\" content=\"Fchain\" \/>\n<meta property=\"article:modified_time\" content=\"2026-04-22T15:52:38+00:00\" \/>\n<meta name=\"twitter:card\" content=\"summary_large_image\" \/>\n<meta name=\"twitter:label1\" content=\"Becs\u00fclt olvas\u00e1si id\u0151\" \/>\n\t<meta name=\"twitter:data1\" content=\"1 perc\" \/>\n<script type=\"application\/ld+json\" class=\"yoast-schema-graph\">{\"@context\":\"https:\\\/\\\/schema.org\",\"@graph\":[{\"@type\":\"WebPage\",\"@id\":\"https:\\\/\\\/hu.f-chain.com\\\/hu\\\/trade-marketing\\\/\",\"url\":\"https:\\\/\\\/hu.f-chain.com\\\/hu\\\/trade-marketing\\\/\",\"name\":\"Kereskedelmi Marketing Szolg\u00e1ltat\u00e1sok \u2013 FCHAIN | Merchandising \u00e9s Retail V\u00e9grehajt\u00e1s\",\"isPartOf\":{\"@id\":\"https:\\\/\\\/hu.f-chain.com\\\/#website\"},\"datePublished\":\"2026-04-20T00:02:17+00:00\",\"dateModified\":\"2026-04-22T15:52:38+00:00\",\"description\":\"A FCHAIN professzion\u00e1lis kereskedelmi marketing szolg\u00e1ltat\u00e1sokat k\u00edn\u00e1l: merchandising, retail v\u00e9grehajt\u00e1s, bolti prom\u00f3ci\u00f3k \u00e9s POSM menedzsment. N\u00f6velje m\u00e1rk\u00e1ja l\u00e1that\u00f3s\u00e1g\u00e1t \u00e9s az \u00e9rt\u00e9kes\u00edt\u00e9st hat\u00e9kony strat\u00e9gi\u00e1kkal.\",\"breadcrumb\":{\"@id\":\"https:\\\/\\\/hu.f-chain.com\\\/hu\\\/trade-marketing\\\/#breadcrumb\"},\"inLanguage\":\"hu\",\"potentialAction\":[{\"@type\":\"ReadAction\",\"target\":[\"https:\\\/\\\/hu.f-chain.com\\\/hu\\\/trade-marketing\\\/\"]}]},{\"@type\":\"BreadcrumbList\",\"@id\":\"https:\\\/\\\/hu.f-chain.com\\\/hu\\\/trade-marketing\\\/#breadcrumb\",\"itemListElement\":[{\"@type\":\"ListItem\",\"position\":1,\"name\":\"Home\",\"item\":\"https:\\\/\\\/hu.f-chain.com\\\/hu\\\/\"},{\"@type\":\"ListItem\",\"position\":2,\"name\":\"Kereskedelmi marketing szolg\u00e1ltat\u00e1sok\"}]},{\"@type\":\"WebSite\",\"@id\":\"https:\\\/\\\/hu.f-chain.com\\\/#website\",\"url\":\"https:\\\/\\\/hu.f-chain.com\\\/\",\"name\":\"Fchain\",\"description\":\"\",\"potentialAction\":[{\"@type\":\"SearchAction\",\"target\":{\"@type\":\"EntryPoint\",\"urlTemplate\":\"https:\\\/\\\/hu.f-chain.com\\\/?s={search_term_string}\"},\"query-input\":{\"@type\":\"PropertyValueSpecification\",\"valueRequired\":true,\"valueName\":\"search_term_string\"}}],\"inLanguage\":\"hu\"}]}<\/script>\n<!-- \/ Yoast SEO plugin. -->","yoast_head_json":{"title":"Kereskedelmi Marketing Szolg\u00e1ltat\u00e1sok \u2013 FCHAIN | Merchandising \u00e9s Retail V\u00e9grehajt\u00e1s","description":"A FCHAIN professzion\u00e1lis kereskedelmi marketing szolg\u00e1ltat\u00e1sokat k\u00edn\u00e1l: merchandising, retail v\u00e9grehajt\u00e1s, bolti prom\u00f3ci\u00f3k \u00e9s POSM menedzsment. N\u00f6velje m\u00e1rk\u00e1ja l\u00e1that\u00f3s\u00e1g\u00e1t \u00e9s az \u00e9rt\u00e9kes\u00edt\u00e9st hat\u00e9kony strat\u00e9gi\u00e1kkal.","robots":{"index":"index","follow":"follow","max-snippet":"max-snippet:-1","max-image-preview":"max-image-preview:large","max-video-preview":"max-video-preview:-1"},"canonical":"https:\/\/hu.f-chain.com\/hu\/trade-marketing\/","og_locale":"hu_HU","og_type":"article","og_title":"Kereskedelmi Marketing Szolg\u00e1ltat\u00e1sok \u2013 FCHAIN | Merchandising \u00e9s Retail V\u00e9grehajt\u00e1s","og_description":"A FCHAIN professzion\u00e1lis kereskedelmi marketing szolg\u00e1ltat\u00e1sokat k\u00edn\u00e1l: merchandising, retail v\u00e9grehajt\u00e1s, bolti prom\u00f3ci\u00f3k \u00e9s POSM menedzsment. N\u00f6velje m\u00e1rk\u00e1ja l\u00e1that\u00f3s\u00e1g\u00e1t \u00e9s az \u00e9rt\u00e9kes\u00edt\u00e9st hat\u00e9kony strat\u00e9gi\u00e1kkal.","og_url":"https:\/\/hu.f-chain.com\/hu\/trade-marketing\/","og_site_name":"Fchain","article_modified_time":"2026-04-22T15:52:38+00:00","twitter_card":"summary_large_image","twitter_misc":{"Becs\u00fclt olvas\u00e1si id\u0151":"1 perc"},"schema":{"@context":"https:\/\/schema.org","@graph":[{"@type":"WebPage","@id":"https:\/\/hu.f-chain.com\/hu\/trade-marketing\/","url":"https:\/\/hu.f-chain.com\/hu\/trade-marketing\/","name":"Kereskedelmi Marketing Szolg\u00e1ltat\u00e1sok \u2013 FCHAIN | Merchandising \u00e9s Retail V\u00e9grehajt\u00e1s","isPartOf":{"@id":"https:\/\/hu.f-chain.com\/#website"},"datePublished":"2026-04-20T00:02:17+00:00","dateModified":"2026-04-22T15:52:38+00:00","description":"A FCHAIN professzion\u00e1lis kereskedelmi marketing szolg\u00e1ltat\u00e1sokat k\u00edn\u00e1l: merchandising, retail v\u00e9grehajt\u00e1s, bolti prom\u00f3ci\u00f3k \u00e9s POSM menedzsment. N\u00f6velje m\u00e1rk\u00e1ja l\u00e1that\u00f3s\u00e1g\u00e1t \u00e9s az \u00e9rt\u00e9kes\u00edt\u00e9st hat\u00e9kony strat\u00e9gi\u00e1kkal.","breadcrumb":{"@id":"https:\/\/hu.f-chain.com\/hu\/trade-marketing\/#breadcrumb"},"inLanguage":"hu","potentialAction":[{"@type":"ReadAction","target":["https:\/\/hu.f-chain.com\/hu\/trade-marketing\/"]}]},{"@type":"BreadcrumbList","@id":"https:\/\/hu.f-chain.com\/hu\/trade-marketing\/#breadcrumb","itemListElement":[{"@type":"ListItem","position":1,"name":"Home","item":"https:\/\/hu.f-chain.com\/hu\/"},{"@type":"ListItem","position":2,"name":"Kereskedelmi marketing szolg\u00e1ltat\u00e1sok"}]},{"@type":"WebSite","@id":"https:\/\/hu.f-chain.com\/#website","url":"https:\/\/hu.f-chain.com\/","name":"Fchain","description":"","potentialAction":[{"@type":"SearchAction","target":{"@type":"EntryPoint","urlTemplate":"https:\/\/hu.f-chain.com\/?s={search_term_string}"},"query-input":{"@type":"PropertyValueSpecification","valueRequired":true,"valueName":"search_term_string"}}],"inLanguage":"hu"}]}},"_links":{"self":[{"href":"https:\/\/hu.f-chain.com\/hu\/wp-json\/wp\/v2\/pages\/26888","targetHints":{"allow":["GET"]}}],"collection":[{"href":"https:\/\/hu.f-chain.com\/hu\/wp-json\/wp\/v2\/pages"}],"about":[{"href":"https:\/\/hu.f-chain.com\/hu\/wp-json\/wp\/v2\/types\/page"}],"author":[{"embeddable":true,"href":"https:\/\/hu.f-chain.com\/hu\/wp-json\/wp\/v2\/users\/2"}],"replies":[{"embeddable":true,"href":"https:\/\/hu.f-chain.com\/hu\/wp-json\/wp\/v2\/comments?post=26888"}],"version-history":[{"count":2,"href":"https:\/\/hu.f-chain.com\/hu\/wp-json\/wp\/v2\/pages\/26888\/revisions"}],"predecessor-version":[{"id":26890,"href":"https:\/\/hu.f-chain.com\/hu\/wp-json\/wp\/v2\/pages\/26888\/revisions\/26890"}],"up":[{"embeddable":true,"href":"https:\/\/hu.f-chain.com\/hu\/wp-json\/wp\/v2\/pages\/26891"}],"wp:attachment":[{"href":"https:\/\/hu.f-chain.com\/hu\/wp-json\/wp\/v2\/media?parent=26888"}],"curies":[{"name":"wp","href":"https:\/\/api.w.org\/{rel}","templated":true}]}}